{"id":47028,"date":"2025-04-08T10:49:14","date_gmt":"2025-04-08T08:49:14","guid":{"rendered":"https:\/\/timedriven.de\/reparatur-und-pflege\/"},"modified":"2026-01-08T16:19:42","modified_gmt":"2026-01-08T14:19:42","slug":"reparatur-und-pflege","status":"publish","type":"page","link":"https:\/\/timedriven.de\/de\/reparatur-und-pflege\/","title":{"rendered":"Reparatur und Pflege<br>"},"content":{"rendered":"\t\t<div data-elementor-type=\"wp-page\" data-elementor-id=\"47028\" class=\"elementor elementor-47028 elementor-46994\" data-elementor-post-type=\"page\">\n\t\t\t\t<div class=\"elementor-element elementor-element-371f6f3 e-flex e-con-boxed e-con e-parent\" data-id=\"371f6f3\" data-element_type=\"container\" data-e-type=\"container\" data-settings=\"{&quot;jet_parallax_layout_list&quot;:[]}\">\n\t\t\t\t\t<div class=\"e-con-inner\">\n\t\t\t\t<div class=\"elementor-element elementor-element-db0d4e5 elementor-widget elementor-widget-heading\" data-id=\"db0d4e5\" data-element_type=\"widget\" data-e-type=\"widget\" data-widget_type=\"heading.default\">\n\t\t\t\t\t<h1 class=\"elementor-heading-title elementor-size-default\">Polieren und Service<\/h1>\t\t\t\t<\/div>\n\t\t\t\t<div class=\"elementor-element elementor-element-17833fc elementor-widget elementor-widget-text-editor\" data-id=\"17833fc\" data-element_type=\"widget\" data-e-type=\"widget\" data-widget_type=\"text-editor.default\">\n\t\t\t\t\t\t\t\t\t<p>Bei Timedriven bieten wir Ihnen einen erstklassigen Polier- und Reparaturservice f\u00fcr hochkar\u00e4tige Marken wie Rolex, IWC, Tudor, Omega und Cartier. Unser erfahrener Uhrmacher bringt Ihre Uhr in Bestform \u2013 von der pr\u00e4zisen Politur bis hin zur fachgerechten Wartung. <\/p>\t\t\t\t\t\t\t\t<\/div>\n\t\t\t\t<div class=\"elementor-element elementor-element-00c775e elementor-widget elementor-widget-heading\" data-id=\"00c775e\" data-element_type=\"widget\" data-e-type=\"widget\" data-widget_type=\"heading.default\">\n\t\t\t\t\t<h2 class=\"elementor-heading-title elementor-size-default\">Unsere Services im \u00dcberblick:<\/h2>\t\t\t\t<\/div>\n\t\t\t\t<div class=\"elementor-element elementor-element-f5e8743 elementor-icon-list--layout-traditional elementor-list-item-link-full_width elementor-widget elementor-widget-icon-list\" data-id=\"f5e8743\" data-element_type=\"widget\" data-e-type=\"widget\" data-widget_type=\"icon-list.default\">\n\t\t\t\t\t\t\t<ul class=\"elementor-icon-list-items\">\n\t\t\t\t\t\t\t<li class=\"elementor-icon-list-item\">\n\t\t\t\t\t\t\t\t\t\t\t<span class=\"elementor-icon-list-icon\">\n\t\t\t\t\t\t\t<i aria-hidden=\"true\" class=\"far fa-angle-right\"><\/i>\t\t\t\t\t\t<\/span>\n\t\t\t\t\t\t\t\t\t\t<span class=\"elementor-icon-list-text\"><b>Polieren &amp; Aufarbeiten:<\/b> Wir entfernen Kratzer und kleinere Gebrauchsspuren und bringen Ihre Uhr wieder auf Hochglanz: - Polieren &amp; Aufarbeiten ab 175 \u20ac - Polieren inklusive Materialauftrag &amp; Aufarbeiten ab 249 \u20ac<\/span>\n\t\t\t\t\t\t\t\t\t<\/li>\n\t\t\t\t\t\t\t\t<li class=\"elementor-icon-list-item\">\n\t\t\t\t\t\t\t\t\t\t\t<span class=\"elementor-icon-list-icon\">\n\t\t\t\t\t\t\t<i aria-hidden=\"true\" class=\"far fa-angle-right\"><\/i>\t\t\t\t\t\t<\/span>\n\t\t\t\t\t\t\t\t\t\t<span class=\"elementor-icon-list-text\"><b>Wartung und Reparatur: <\/b> In unserer Meisterwerkstatt f\u00fchren wir alle notwendigen Reparaturen durch und bieten einen zuverl\u00e4ssigen Wartungsservice f\u00fcr Ihr Uhrwerk: - Batteriewechsel f\u00fcr Standard-Quarzmodelle 45 \u20ac - Gangregulierung \/ Regulierung der t\u00e4glichen Zeitabweichung 79 \u20ac - Zifferblattwechsel (3 Zeiger) 199 \u20ac - Zifferblattwechsel (Chronograph) 249 \u20ac - Service f\u00fcr 3-Zeiger-Uhren mit Handaufzug ab 499 \u20ac - Service f\u00fcr 3-Zeiger-Automatikuhren ab 599 \u20ac (z. B. Rolex, OMEGA, Panerai usw.) - Service f\u00fcr Chronographen ab 749 \u20ac (z. B. Rolex, OMEGA)<br><br>Zus\u00e4tzlich Ersatzteile, falls erforderlich. F\u00fcr einzelne Reparaturen wird ein Kostenvoranschlag erstellt. <\/span>\n\t\t\t\t\t\t\t\t\t<\/li>\n\t\t\t\t\t\t<\/ul>\n\t\t\t\t\t\t<\/div>\n\t\t\t\t<div class=\"elementor-element elementor-element-47a7cd9 elementor-icon-list--layout-traditional elementor-list-item-link-full_width elementor-widget elementor-widget-icon-list\" data-id=\"47a7cd9\" data-element_type=\"widget\" data-e-type=\"widget\" data-widget_type=\"icon-list.default\">\n\t\t\t\t\t\t\t<ul class=\"elementor-icon-list-items\">\n\t\t\t\t\t\t\t<li class=\"elementor-icon-list-item\">\n\t\t\t\t\t\t\t\t\t\t\t<span class=\"elementor-icon-list-icon\">\n\t\t\t\t\t\t\t<i aria-hidden=\"true\" class=\"far fa-angle-right\"><\/i>\t\t\t\t\t\t<\/span>\n\t\t\t\t\t\t\t\t\t\t<span class=\"elementor-icon-list-text\"><b>Fachkundige Experten:<\/b> Unser Uhrmacher ist auf die Pflege und Reparatur von Luxusuhren spezialisiert.<\/span>\n\t\t\t\t\t\t\t\t\t<\/li>\n\t\t\t\t\t\t\t\t<li class=\"elementor-icon-list-item\">\n\t\t\t\t\t\t\t\t\t\t\t<span class=\"elementor-icon-list-icon\">\n\t\t\t\t\t\t\t<i aria-hidden=\"true\" class=\"far fa-angle-right\"><\/i>\t\t\t\t\t\t<\/span>\n\t\t\t\t\t\t\t\t\t\t<span class=\"elementor-icon-list-text\"><b> \u2060H\u00f6chste Qualit\u00e4t:<\/b> Wir verwenden ausschlie\u00dflich spezialisierte Werkzeuge, die den h\u00f6chsten Standards entsprechen.<\/span>\n\t\t\t\t\t\t\t\t\t<\/li>\n\t\t\t\t\t\t\t\t<li class=\"elementor-icon-list-item\">\n\t\t\t\t\t\t\t\t\t\t\t<span class=\"elementor-icon-list-icon\">\n\t\t\t\t\t\t\t<i aria-hidden=\"true\" class=\"far fa-angle-right\"><\/i>\t\t\t\t\t\t<\/span>\n\t\t\t\t\t\t\t\t\t\t<span class=\"elementor-icon-list-text\"><b>\u2060 \u2060Schnelligkeit &amp; Zuverl\u00e4ssigkeit: <\/b> Wir bieten Ihnen schnelle Bearbeitungszeiten und eine zuverl\u00e4ssige Ausf\u00fchrung \u2013 damit Ihre Uhr schnell wieder bei Ihnen ist.<\/span>\n\t\t\t\t\t\t\t\t\t<\/li>\n\t\t\t\t\t\t<\/ul>\n\t\t\t\t\t\t<\/div>\n\t\t\t\t\t<\/div>\n\t\t\t\t<\/div>\n\t\t<div class=\"elementor-element elementor-element-d8ba0a9 e-flex e-con-boxed e-con e-parent\" data-id=\"d8ba0a9\" data-element_type=\"container\" data-e-type=\"container\" data-settings=\"{&quot;jet_parallax_layout_list&quot;:[],&quot;background_background&quot;:&quot;classic&quot;}\">\n\t\t\t\t\t<div class=\"e-con-inner\">\n\t\t<div class=\"elementor-element elementor-element-a31c4ec e-con-full e-flex e-con e-child\" data-id=\"a31c4ec\" data-element_type=\"container\" data-e-type=\"container\" data-settings=\"{&quot;jet_parallax_layout_list&quot;:[]}\">\n\t\t\t\t<div class=\"elementor-element elementor-element-9441bdd elementor-widget elementor-widget-heading\" data-id=\"9441bdd\" data-element_type=\"widget\" data-e-type=\"widget\" data-widget_type=\"heading.default\">\n\t\t\t\t\t<h2 class=\"elementor-heading-title elementor-size-default\">Lassen Sie sich inspirieren<\/h2>\t\t\t\t<\/div>\n\t\t\t\t<\/div>\n\t\t<div class=\"elementor-element elementor-element-c99ac5f e-con-full e-flex e-con e-child\" data-id=\"c99ac5f\" data-element_type=\"container\" data-e-type=\"container\" data-settings=\"{&quot;jet_parallax_layout_list&quot;:[]}\">\n\t\t\t\t<div class=\"elementor-element elementor-element-465c983 elementor-widget elementor-widget-text-editor\" data-id=\"465c983\" data-element_type=\"widget\" data-e-type=\"widget\" data-widget_type=\"text-editor.default\">\n\t\t\t\t\t\t\t\t\t<p><span style=\"font-weight: 400;\">Die Suche nach der perfekten Uhr f\u00fcr Sie beginnt hier. Nehmen Sie sich eine Minute Zeit, um diese Fragen zu beantworten, und wir helfen Ihnen, herauszufinden, welche Uhren zu Ihren Vorstellungen passen.<\/span><\/p>\t\t\t\t\t\t\t\t<\/div>\n\t\t\t\t<div data-dce-background-color=\"#FFFFFF00\" class=\"elementor-element elementor-element-c6d3649 elementor-align-left elementor-widget elementor-widget-button\" data-id=\"c6d3649\" data-element_type=\"widget\" data-e-type=\"widget\" data-widget_type=\"button.default\">\n\t\t\t\t\t\t\t\t\t\t<a class=\"elementor-button elementor-button-link elementor-size-sm\" href=\"#elementor-action%3Aaction%3Dpopup%3Aopen%26settings%3DeyJpZCI6NzIwMSwidG9nZ2xlIjpmYWxzZX0%3D\">\n\t\t\t\t\t\t<span class=\"elementor-button-content-wrapper\">\n\t\t\t\t\t\t\t\t\t<span class=\"elementor-button-text\">Starten Sie jetzt<\/span>\n\t\t\t\t\t<\/span>\n\t\t\t\t\t<\/a>\n\t\t\t\t\t\t\t\t<\/div>\n\t\t\t\t<\/div>\n\t\t\t\t\t<\/div>\n\t\t\t\t<\/div>\n\t\t<div data-dce-background-overlay-color=\"#1D1D1B\" data-dce-background-image-url=\"https:\/\/timedriven.de\/wp-content\/uploads\/2022\/07\/timedriven-base-1.jpg\" class=\"elementor-element elementor-element-1bf71dc e-con-full e-flex e-con e-parent\" data-id=\"1bf71dc\" data-element_type=\"container\" data-e-type=\"container\" data-settings=\"{&quot;jet_parallax_layout_list&quot;:[],&quot;background_background&quot;:&quot;classic&quot;}\">\n\t\t\t\t<div data-dce-title-color=\"#FFFFFF\" class=\"elementor-element elementor-element-04a1bdd elementor-widget elementor-widget-heading\" data-id=\"04a1bdd\" data-element_type=\"widget\" data-e-type=\"widget\" data-widget_type=\"heading.default\">\n\t\t\t\t\t<h2 class=\"elementor-heading-title elementor-size-default\">Termin Buchen<\/h2>\t\t\t\t<\/div>\n\t\t\t\t<div class=\"elementor-element elementor-element-b3a92f5 elementor-widget elementor-widget-text-editor\" data-id=\"b3a92f5\" data-element_type=\"widget\" data-e-type=\"widget\" data-widget_type=\"text-editor.default\">\n\t\t\t\t\t\t\t\t\t<p>Als Experten beraten wir Sie gerne individuell und pers\u00f6nlich.<\/p>\t\t\t\t\t\t\t\t<\/div>\n\t\t\t\t<div data-dce-background-color=\"#FFFFFF00\" class=\"elementor-element elementor-element-8a4ac07 elementor-align-center elementor-mobile-align-left elementor-widget elementor-widget-button\" data-id=\"8a4ac07\" data-element_type=\"widget\" data-e-type=\"widget\" data-widget_type=\"button.default\">\n\t\t\t\t\t\t\t\t\t\t<a class=\"elementor-button elementor-button-link elementor-size-sm\" href=\"#elementor-action%3Aaction%3Dpopup%3Aopen%26settings%3DeyJpZCI6NzIwOCwidG9nZ2xlIjpmYWxzZX0%3D\">\n\t\t\t\t\t\t<span class=\"elementor-button-content-wrapper\">\n\t\t\t\t\t\t\t\t\t<span class=\"elementor-button-text\">Buchen Sie jetzt<\/span>\n\t\t\t\t\t<\/span>\n\t\t\t\t\t<\/a>\n\t\t\t\t\t\t\t\t<\/div>\n\t\t\t\t<\/div>\n\t\t\t\t<\/div>\n\t\t","protected":false},"excerpt":{"rendered":"<p>Polieren und Service Bei Timedriven bieten wir Ihnen einen erstklassigen Polier- und Reparaturservice f\u00fcr hochkar\u00e4tige Marken wie Rolex, IWC, Tudor, Omega und Cartier. Unser erfahrener Uhrmacher bringt Ihre Uhr in Bestform \u2013 von der pr\u00e4zisen Politur bis hin zur fachgerechten Wartung. Unsere Services im \u00dcberblick: Polieren &amp; Aufarbeiten: Wir entfernen Kratzer und kleinere Gebrauchsspuren und [&hellip;]<\/p>\n","protected":false},"author":14,"featured_media":0,"parent":0,"menu_order":0,"comment_status":"closed","ping_status":"closed","template":"","meta":{"footnotes":""},"class_list":["post-47028","page","type-page","status-publish","hentry"],"_links":{"self":[{"href":"https:\/\/timedriven.de\/de\/wp-json\/wp\/v2\/pages\/47028","targetHints":{"allow":["GET"]}}],"collection":[{"href":"https:\/\/timedriven.de\/de\/wp-json\/wp\/v2\/pages"}],"about":[{"href":"https:\/\/timedriven.de\/de\/wp-json\/wp\/v2\/types\/page"}],"author":[{"embeddable":true,"href":"https:\/\/timedriven.de\/de\/wp-json\/wp\/v2\/users\/14"}],"replies":[{"embeddable":true,"href":"https:\/\/timedriven.de\/de\/wp-json\/wp\/v2\/comments?post=47028"}],"version-history":[{"count":3,"href":"https:\/\/timedriven.de\/de\/wp-json\/wp\/v2\/pages\/47028\/revisions"}],"predecessor-version":[{"id":70549,"href":"https:\/\/timedriven.de\/de\/wp-json\/wp\/v2\/pages\/47028\/revisions\/70549"}],"wp:attachment":[{"href":"https:\/\/timedriven.de\/de\/wp-json\/wp\/v2\/media?parent=47028"}],"curies":[{"name":"wp","href":"https:\/\/api.w.org\/{rel}","templated":true}]}}