{"id":7084,"date":"2022-11-22T17:56:36","date_gmt":"2022-11-22T15:56:36","guid":{"rendered":"https:\/\/timedriven.de\/ueber-uns\/"},"modified":"2024-06-21T09:54:32","modified_gmt":"2024-06-21T07:54:32","slug":"ueber-uns","status":"publish","type":"page","link":"https:\/\/timedriven.de\/de\/ueber-uns\/","title":{"rendered":"\u00dcber Uns"},"content":{"rendered":"\t\t<div data-elementor-type=\"wp-page\" data-elementor-id=\"7084\" class=\"elementor elementor-7084 elementor-2393\" data-elementor-post-type=\"page\">\n\t\t\t\t<div class=\"elementor-element elementor-element-371f6f3 e-flex e-con-boxed e-con e-parent\" data-id=\"371f6f3\" data-element_type=\"container\" data-e-type=\"container\" data-settings=\"{&quot;jet_parallax_layout_list&quot;:[]}\">\n\t\t\t\t\t<div class=\"e-con-inner\">\n\t\t\t\t<div class=\"elementor-element elementor-element-db0d4e5 elementor-widget elementor-widget-heading\" data-id=\"db0d4e5\" data-element_type=\"widget\" data-e-type=\"widget\" data-widget_type=\"heading.default\">\n\t\t\t\t\t<h2 class=\"elementor-heading-title elementor-size-default\">\u00dcber Uns<\/h2>\t\t\t\t<\/div>\n\t\t\t\t<div class=\"elementor-element elementor-element-17833fc elementor-widget elementor-widget-text-editor\" data-id=\"17833fc\" data-element_type=\"widget\" data-e-type=\"widget\" data-widget_type=\"text-editor.default\">\n\t\t\t\t\t\t\t\t\t<\/p>\n<p>Unsere Geschichte begann mit einem Funken \u2013 einer eleganten Uhr, getragen von einem legend\u00e4ren britischen Agenten, die in unserem Gr\u00fcnder Frederik Schl\u00fcter eine lebenslange Leidenschaft entfachte. Diese Faszination f\u00fcr die Uhrmacherkunst verwandelte Frederik von einem jungen Enthusiasten in einen angesehenen H\u00e4ndler hochwertiger Zeitmesser. Im Jahr 2019, w\u00e4hrend seines Studiums im Maschinenbau, gr\u00fcndete er das urspr\u00fcnglich als FFSWATCHES bekannte Unternehmen und verwandelte seine Obsession in ein florierendes Gesch\u00e4ft, das sich ikonischen Armbanduhren widmet.<\/p>\n\t\t\t\t\t\t\t\t<\/div>\n\t\t\t\t<div class=\"elementor-element elementor-element-dcf4e21 elementor-widget elementor-widget-heading\" data-id=\"dcf4e21\" data-element_type=\"widget\" data-e-type=\"widget\" data-widget_type=\"heading.default\">\n\t\t\t\t\t<h4 class=\"elementor-heading-title elementor-size-default\"><p><span style=\"font-size: var( --e-global-typography-f2d5e4c-font-size );font-weight: var( --e-global-typography-f2d5e4c-font-weight );letter-spacing: 0.3px;text-align: var(--text-align)\"> Bei Timedriven sind wir Ihre vertrauensw\u00fcrdigen Experten f\u00fcr exquisite Zeitmesser, sowohl neu als auch gebraucht. <\/span> <span style=\"font-size: var( --e-global-typography-f2d5e4c-font-size );font-weight: var( --e-global-typography-f2d5e4c-font-weight );letter-spacing: 0.3px;text-align: var(--text-align)\">Unsere Expertise wird von Leidenschaft angetrieben: Wir bieten nur die feinsten Uhren an, jede einzelne ein St\u00fcck, das wir selbst stolz tragen w\u00fcrden. Unser hauseigener Uhrmacher \u00fcberpr\u00fcft jede Uhr sorgf\u00e4ltig, um ihre Authentizit\u00e4t und optimale Leistung zu gew\u00e4hrleisten, damit Sie mit Vertrauen kaufen k\u00f6nnen.<\/span><span style=\"color: inherit;font-family: var( --e-global-typography-f2d5e4c-font-family ), Sans-serif;font-size: var( --e-global-typography-f2d5e4c-font-size );font-weight: var( --e-global-typography-f2d5e4c-font-weight );letter-spacing: var( --e-global-typography-f2d5e4c-letter-spacing );text-align: var(--text-align)\"><\/span><\/p><\/h4>\t\t\t\t<\/div>\n\t\t\t\t<div class=\"elementor-element elementor-element-0f2d6f8 elementor-widget elementor-widget-text-editor\" data-id=\"0f2d6f8\" data-element_type=\"widget\" data-e-type=\"widget\" data-widget_type=\"text-editor.default\">\n\t\t\t\t\t\t\t\t\t<p>Unser Team und unser hauseigener Uhrmacher \u00fcberpr\u00fcfen jede Uhr vor dem Verkauf sorgf\u00e4ltig, um ihre Authentizit\u00e4t und Leistung zu garantieren.<\/p>\n<p>M\u00f6chten Sie Ihre Sammlung erweitern? Wir bieten eine beeindruckende Auswahl an renommierten Marken.<\/p>\n<ul>\n<li>Unsere Marken: Rolex, Cartier, Audemars Piguet, Patek Philippe, Omega, Tudor, IWC, Glash\u00fctte, Breitling und mehr.<\/li>\n<\/ul>\n<p>Haben Sie eine Uhr, die Sie verkaufen m\u00f6chten? Wir sind immer auf der Suche nach au\u00dfergew\u00f6hnlichen Uhren. Ob Sie Ihre Uhr direkt verkaufen oder sie in Kommission geben m\u00f6chten, wir bieten nahtlose und vertrauensw\u00fcrdige L\u00f6sungen, die auf Ihre Bed\u00fcrfnisse zugeschnitten sind.<\/p>\n<ul>\n<li><a href=\"https:\/\/timedriven.de\/de\/verkaufen-komission\/\"><u>Uhr Verkaufen<\/u><\/a><\/li>\n<li><a href=\"https:\/\/timedriven.de\/de\/verkaufen-komission\/\"><u>Consignment<\/u><\/a><\/li>\n<\/ul>\t\t\t\t\t\t\t\t<\/div>\n\t\t\t\t\t<\/div>\n\t\t\t\t<\/div>\n\t\t<div class=\"elementor-element elementor-element-d8ba0a9 e-flex e-con-boxed e-con e-parent\" data-id=\"d8ba0a9\" data-element_type=\"container\" data-e-type=\"container\" data-settings=\"{&quot;jet_parallax_layout_list&quot;:[],&quot;background_background&quot;:&quot;classic&quot;}\">\n\t\t\t\t\t<div class=\"e-con-inner\">\n\t\t<div class=\"elementor-element elementor-element-a31c4ec e-con-full e-flex e-con e-child\" data-id=\"a31c4ec\" data-element_type=\"container\" data-e-type=\"container\" data-settings=\"{&quot;jet_parallax_layout_list&quot;:[]}\">\n\t\t\t\t<div class=\"elementor-element elementor-element-9441bdd elementor-widget elementor-widget-heading\" data-id=\"9441bdd\" data-element_type=\"widget\" data-e-type=\"widget\" data-widget_type=\"heading.default\">\n\t\t\t\t\t<h2 class=\"elementor-heading-title elementor-size-default\">Lassen Sie sich inspirieren<\/h2>\t\t\t\t<\/div>\n\t\t\t\t<\/div>\n\t\t<div class=\"elementor-element elementor-element-c99ac5f e-con-full e-flex e-con e-child\" data-id=\"c99ac5f\" data-element_type=\"container\" data-e-type=\"container\" data-settings=\"{&quot;jet_parallax_layout_list&quot;:[]}\">\n\t\t\t\t<div class=\"elementor-element elementor-element-465c983 elementor-widget elementor-widget-text-editor\" data-id=\"465c983\" data-element_type=\"widget\" data-e-type=\"widget\" data-widget_type=\"text-editor.default\">\n\t\t\t\t\t\t\t\t\t<p><span style=\"font-weight: 400;\">Die Suche nach der perfekten Uhr f\u00fcr Sie beginnt hier. Nehmen Sie sich eine Minute Zeit, um diese Fragen zu beantworten, und wir helfen Ihnen, herauszufinden, welche Uhren zu Ihren Vorstellungen passen.<\/span><\/p>\n\t\t\t\t\t\t\t\t<\/div>\n\t\t\t\t<div data-dce-background-color=\"#FFFFFF00\" class=\"elementor-element elementor-element-c6d3649 elementor-align-left elementor-widget elementor-widget-button\" data-id=\"c6d3649\" data-element_type=\"widget\" data-e-type=\"widget\" data-widget_type=\"button.default\">\n\t\t\t\t\t\t\t\t\t\t<a class=\"elementor-button elementor-button-link elementor-size-sm\" href=\"#elementor-action%3Aaction%3Dpopup%3Aopen%26settings%3DeyJpZCI6NzIwMSwidG9nZ2xlIjpmYWxzZX0%3D\">\n\t\t\t\t\t\t<span class=\"elementor-button-content-wrapper\">\n\t\t\t\t\t\t\t\t\t<span class=\"elementor-button-text\">Starten Sie jetzt<\/span>\n\t\t\t\t\t<\/span>\n\t\t\t\t\t<\/a>\n\t\t\t\t\t\t\t\t<\/div>\n\t\t\t\t<\/div>\n\t\t\t\t\t<\/div>\n\t\t\t\t<\/div>\n\t\t<div data-dce-background-overlay-color=\"#1D1D1B\" data-dce-background-image-url=\"https:\/\/timedriven.de\/wp-content\/uploads\/2022\/07\/timedriven-base-1.jpg\" class=\"elementor-element elementor-element-1bf71dc e-con-full e-flex e-con e-parent\" data-id=\"1bf71dc\" data-element_type=\"container\" data-e-type=\"container\" data-settings=\"{&quot;jet_parallax_layout_list&quot;:[],&quot;background_background&quot;:&quot;classic&quot;}\">\n\t\t\t\t<div data-dce-title-color=\"#FFFFFF\" class=\"elementor-element elementor-element-04a1bdd elementor-widget elementor-widget-heading\" data-id=\"04a1bdd\" data-element_type=\"widget\" data-e-type=\"widget\" data-widget_type=\"heading.default\">\n\t\t\t\t\t<h2 class=\"elementor-heading-title elementor-size-default\">Termin Buchen<\/h2>\t\t\t\t<\/div>\n\t\t\t\t<div class=\"elementor-element elementor-element-b3a92f5 elementor-widget elementor-widget-text-editor\" data-id=\"b3a92f5\" data-element_type=\"widget\" data-e-type=\"widget\" data-widget_type=\"text-editor.default\">\n\t\t\t\t\t\t\t\t\t<p>Als Experten beraten wir Sie gerne individuell und pers\u00f6nlich.<\/p>\n\t\t\t\t\t\t\t\t<\/div>\n\t\t\t\t<div data-dce-background-color=\"#FFFFFF00\" class=\"elementor-element elementor-element-8a4ac07 elementor-align-center elementor-mobile-align-left elementor-widget elementor-widget-button\" data-id=\"8a4ac07\" data-element_type=\"widget\" data-e-type=\"widget\" data-widget_type=\"button.default\">\n\t\t\t\t\t\t\t\t\t\t<a class=\"elementor-button elementor-button-link elementor-size-sm\" href=\"#elementor-action%3Aaction%3Dpopup%3Aopen%26settings%3DeyJpZCI6NzIwOCwidG9nZ2xlIjpmYWxzZX0%3D\">\n\t\t\t\t\t\t<span class=\"elementor-button-content-wrapper\">\n\t\t\t\t\t\t\t\t\t<span class=\"elementor-button-text\">Buchen Sie jetzt<\/span>\n\t\t\t\t\t<\/span>\n\t\t\t\t\t<\/a>\n\t\t\t\t\t\t\t\t<\/div>\n\t\t\t\t<\/div>\n\t\t\t\t<\/div>\n\t\t","protected":false},"excerpt":{"rendered":"<p>\u00dcber Uns Unsere Geschichte begann mit einem Funken \u2013 einer eleganten Uhr, getragen von einem legend\u00e4ren britischen Agenten, die in unserem Gr\u00fcnder Frederik Schl\u00fcter eine lebenslange Leidenschaft entfachte. Diese Faszination f\u00fcr die Uhrmacherkunst verwandelte Frederik von einem jungen Enthusiasten in einen angesehenen H\u00e4ndler hochwertiger Zeitmesser. Im Jahr 2019, w\u00e4hrend seines Studiums im Maschinenbau, gr\u00fcndete er [&hellip;]<\/p>\n","protected":false},"author":6,"featured_media":0,"parent":0,"menu_order":0,"comment_status":"closed","ping_status":"closed","template":"","meta":{"footnotes":""},"class_list":["post-7084","page","type-page","status-publish","hentry"],"_links":{"self":[{"href":"https:\/\/timedriven.de\/de\/wp-json\/wp\/v2\/pages\/7084","targetHints":{"allow":["GET"]}}],"collection":[{"href":"https:\/\/timedriven.de\/de\/wp-json\/wp\/v2\/pages"}],"about":[{"href":"https:\/\/timedriven.de\/de\/wp-json\/wp\/v2\/types\/page"}],"author":[{"embeddable":true,"href":"https:\/\/timedriven.de\/de\/wp-json\/wp\/v2\/users\/6"}],"replies":[{"embeddable":true,"href":"https:\/\/timedriven.de\/de\/wp-json\/wp\/v2\/comments?post=7084"}],"version-history":[{"count":9,"href":"https:\/\/timedriven.de\/de\/wp-json\/wp\/v2\/pages\/7084\/revisions"}],"predecessor-version":[{"id":28228,"href":"https:\/\/timedriven.de\/de\/wp-json\/wp\/v2\/pages\/7084\/revisions\/28228"}],"wp:attachment":[{"href":"https:\/\/timedriven.de\/de\/wp-json\/wp\/v2\/media?parent=7084"}],"curies":[{"name":"wp","href":"https:\/\/api.w.org\/{rel}","templated":true}]}}