{"id":7113,"date":"2022-12-14T16:02:49","date_gmt":"2022-12-14T14:02:49","guid":{"rendered":"https:\/\/timedriven.de\/wunschliste\/"},"modified":"2024-04-22T17:29:12","modified_gmt":"2024-04-22T15:29:12","slug":"wunschliste","status":"publish","type":"page","link":"https:\/\/timedriven.de\/de\/wunschliste\/","title":{"rendered":"Wunschliste"},"content":{"rendered":"\t\t<div data-elementor-type=\"wp-page\" data-elementor-id=\"7113\" class=\"elementor elementor-7113 elementor-2999\" data-elementor-post-type=\"page\">\n\t\t\t\t<div class=\"elementor-element elementor-element-880a433 e-flex e-con-boxed e-con e-parent\" data-id=\"880a433\" data-element_type=\"container\" data-e-type=\"container\" data-settings=\"{&quot;jet_parallax_layout_list&quot;:[],&quot;background_background&quot;:&quot;classic&quot;}\">\n\t\t\t\t\t<div class=\"e-con-inner\">\n\t\t<div class=\"elementor-element elementor-element-3d79bb3 e-con-full e-flex e-con e-parent\" data-id=\"3d79bb3\" data-element_type=\"container\" data-e-type=\"container\" data-settings=\"{&quot;jet_parallax_layout_list&quot;:[]}\">\n\t\t\t\t<div class=\"elementor-element elementor-element-2fc7b13 elementor-widget elementor-widget-heading\" data-id=\"2fc7b13\" data-element_type=\"widget\" data-e-type=\"widget\" data-widget_type=\"heading.default\">\n\t\t\t\t\t<h2 class=\"elementor-heading-title elementor-size-default\">Wunschliste<\/h2>\t\t\t\t<\/div>\n\t\t\t\t<div class=\"elementor-element elementor-element-9d15151 elementor-widget elementor-widget-text-editor\" data-id=\"9d15151\" data-element_type=\"widget\" data-e-type=\"widget\" data-widget_type=\"text-editor.default\">\n\t\t\t\t\t\t\t\t\t<p>Die Uhren und Produkte die Sie zu Ihrer pers\u00f6nlichen Wunschliste hinzugef\u00fcgt haben.<\/p>\n\t\t\t\t\t\t\t\t<\/div>\n\t\t\t\t<\/div>\n\t\t\t\t\t<\/div>\n\t\t\t\t<\/div>\n\t\t<div class=\"elementor-element elementor-element-366fc30 e-flex e-con-boxed e-con e-parent\" data-id=\"366fc30\" data-element_type=\"container\" data-e-type=\"container\" data-settings=\"{&quot;jet_parallax_layout_list&quot;:[],&quot;background_background&quot;:&quot;classic&quot;}\">\n\t\t\t\t\t<div class=\"e-con-inner\">\n\t\t<div class=\"elementor-element elementor-element-866fba5 e-con-full e-flex e-con e-parent\" data-id=\"866fba5\" data-element_type=\"container\" data-e-type=\"container\" data-settings=\"{&quot;jet_parallax_layout_list&quot;:[]}\">\n\t\t\t\t<div class=\"elementor-element elementor-element-3f75cd1 dce-posts-layout-template dce-col-2 dce-col-mobile-2 dce-col-tablet-3 elementor-widget elementor-widget-dce-dynamic-show-favorites\" data-id=\"3f75cd1\" data-element_type=\"widget\" data-e-type=\"widget\" data-settings=\"{&quot;style_items&quot;:&quot;template&quot;,&quot;templatemode_linkable&quot;:&quot;yes&quot;,&quot;grid_grid_type&quot;:&quot;flex&quot;}\" data-widget_type=\"dce-dynamic-show-favorites.grid\">\n\t\t\t\t<div class=\"elementor-widget-container\">\n\t\t\t\t\t\t\t<div class=\"dce-posts-container dce-posts \">\n\t\t\t<div class=\"dce-posts-fallback\">\n\t\t\t\t<p>Sie haben noch keine Produkte zur Wunschliste hinzugef\u00fcgt. <a style=\"text-decoration:underline;\" href=\"https:\/\/timedriven.de\/shop\/\">Zum Shop<\/a>.<\/p>\t\t\t<\/div>\n\t\t<\/div>\n\t\t\t\t\t\t<\/div>\n\t\t\t\t<\/div>\n\t\t\t\t<\/div>\n\t\t\t\t\t<\/div>\n\t\t\t\t<\/div>\n\t\t\t\t<\/div>\n\t\t","protected":false},"excerpt":{"rendered":"<p>Wunschliste Die Uhren und Produkte die Sie zu Ihrer pers\u00f6nlichen Wunschliste hinzugef\u00fcgt haben. Sie haben noch keine Produkte zur Wunschliste hinzugef\u00fcgt. Zum Shop.<\/p>\n","protected":false},"author":1,"featured_media":0,"parent":0,"menu_order":0,"comment_status":"closed","ping_status":"closed","template":"","meta":{"footnotes":""},"class_list":["post-7113","page","type-page","status-publish","hentry"],"_links":{"self":[{"href":"https:\/\/timedriven.de\/de\/wp-json\/wp\/v2\/pages\/7113","targetHints":{"allow":["GET"]}}],"collection":[{"href":"https:\/\/timedriven.de\/de\/wp-json\/wp\/v2\/pages"}],"about":[{"href":"https:\/\/timedriven.de\/de\/wp-json\/wp\/v2\/types\/page"}],"author":[{"embeddable":true,"href":"https:\/\/timedriven.de\/de\/wp-json\/wp\/v2\/users\/1"}],"replies":[{"embeddable":true,"href":"https:\/\/timedriven.de\/de\/wp-json\/wp\/v2\/comments?post=7113"}],"version-history":[{"count":2,"href":"https:\/\/timedriven.de\/de\/wp-json\/wp\/v2\/pages\/7113\/revisions"}],"predecessor-version":[{"id":25177,"href":"https:\/\/timedriven.de\/de\/wp-json\/wp\/v2\/pages\/7113\/revisions\/25177"}],"wp:attachment":[{"href":"https:\/\/timedriven.de\/de\/wp-json\/wp\/v2\/media?parent=7113"}],"curies":[{"name":"wp","href":"https:\/\/api.w.org\/{rel}","templated":true}]}}