{"id":7231,"date":"2022-11-28T14:58:23","date_gmt":"2022-11-28T12:58:23","guid":{"rendered":"https:\/\/timedriven.de\/widerrufsbelehrung\/"},"modified":"2024-04-22T17:31:34","modified_gmt":"2024-04-22T15:31:34","slug":"widerrufsbelehrung","status":"publish","type":"page","link":"https:\/\/timedriven.de\/de\/widerrufsbelehrung\/","title":{"rendered":"Widerrufsrecht"},"content":{"rendered":"\t\t<div data-elementor-type=\"wp-page\" data-elementor-id=\"7231\" class=\"elementor elementor-7231 elementor-2642\" data-elementor-post-type=\"page\">\n\t\t\t\t\t\t<section class=\"elementor-section elementor-top-section elementor-element elementor-element-80d711e elementor-section-boxed elementor-section-height-default elementor-section-height-default\" data-id=\"80d711e\" data-element_type=\"section\" data-e-type=\"section\" data-settings=\"{&quot;jet_parallax_layout_list&quot;:[],&quot;background_background&quot;:&quot;classic&quot;}\">\n\t\t\t\t\t\t<div class=\"elementor-container elementor-column-gap-default\">\n\t\t\t\t\t<div class=\"elementor-column elementor-col-100 elementor-top-column elementor-element elementor-element-2230ea3\" data-id=\"2230ea3\" data-element_type=\"column\" data-e-type=\"column\">\n\t\t\t<div class=\"elementor-widget-wrap elementor-element-populated\">\n\t\t\t\t\t\t<div class=\"elementor-element elementor-element-02708b0 elementor-widget elementor-widget-heading\" data-id=\"02708b0\" data-element_type=\"widget\" data-e-type=\"widget\" data-widget_type=\"heading.default\">\n\t\t\t\t\t<h2 class=\"elementor-heading-title elementor-size-default\">Widerrufsbelehrung <\/h2>\t\t\t\t<\/div>\n\t\t\t\t\t<\/div>\n\t\t<\/div>\n\t\t\t\t\t<\/div>\n\t\t<\/section>\n\t\t\t\t<section class=\"elementor-section elementor-top-section elementor-element elementor-element-828e054 elementor-section-height-min-height headlines-wrap-fix elementor-section-boxed elementor-section-height-default elementor-section-items-middle\" data-id=\"828e054\" data-element_type=\"section\" data-e-type=\"section\" data-settings=\"{&quot;jet_parallax_layout_list&quot;:[],&quot;background_background&quot;:&quot;classic&quot;}\">\n\t\t\t\t\t\t<div class=\"elementor-container elementor-column-gap-default\">\n\t\t\t\t\t<div class=\"elementor-column elementor-col-100 elementor-top-column elementor-element elementor-element-fb3d70f\" data-id=\"fb3d70f\" data-element_type=\"column\" data-e-type=\"column\">\n\t\t\t<div class=\"elementor-widget-wrap elementor-element-populated\">\n\t\t\t\t\t\t<div class=\"elementor-element elementor-element-3edf3ee nested-numbering elementor-widget elementor-widget-text-editor\" data-id=\"3edf3ee\" data-element_type=\"widget\" data-e-type=\"widget\" data-widget_type=\"text-editor.default\">\n\t\t\t\t\t\t\t\t\t<p>Widerrufsrecht f\u00fcr Kunden des Webshops www.timedriven.de.<\/p>\n<\/p>\n<p><strong>Inhaltsverzeichnis<\/strong><\/p>\n<ol class=\"scope\">\n<li>Widerrufsrecht<\/li>\n<li>Folgen des Widerrufs<\/li>\n<li>Widerrufsformular<\/li>\n<\/ol>\n<ol>\n<li><b>Widerrufsrecht<\/b>\n<ol>\n<li>Sofern der Kunde Verbraucher (wie in unseren AGB definiert) ist und es sich entweder um ein Fernabsatzgesch\u00e4ft oder einen au\u00dferhalb von Gesch\u00e4ftsr\u00e4umen geschlossenen Vertrag mit Timedriven, Frederik Schl\u00fcter im Sinne des \u00a7 312 b BGB handelt, hat der Verbraucher ein Widerrufsrecht:\n<ol>\n<li>Sie haben das Recht, binnen 14 Tagen ohne Angabe von Gr\u00fcnden diesen Vertrag zu widerrufen. Die Widerrufsfrist betr\u00e4gt 14 Tage ab dem Tag, an dem Sie oder ein von Ihnen benannter Dritter, der nicht der Bef\u00f6rderer ist, die Ware in Besitz genommen haben bzw. hat.<\/li>\n<li>Zur Aus\u00fcbung des Widerrufsrechts muss der Verbraucher uns (Frederik Schl\u00fcter, Walther-von-Cronberg-Platz 18, 60594 Frankfurt am Main, <a href=\"mailto:info@timedriven.de\">info@timedriven.de<\/a>, +49 (0) 152 5544 3810) schriftlich mit einer eindeutigen Erkl\u00e4rung entweder per E-Mail oder durch \u00dcbersendung eines Briefes an die oben genannte Adresse informieren. Sie k\u00f6nnen daf\u00fcr das beigef\u00fcgte Muster-Widerrufsformular verwenden, das jedoch nicht vorgeschrieben ist. Zur Wahrung der Widerrufsfrist reicht es aus, dass Sie die Mitteilung \u00fcber die Aus\u00fcbung des Widerrufsrechts vor Ablauf der Widerrufsfrist absenden.<\/li>\n<\/ol>\n<\/li>\n<\/ol>\n<\/li>\n<\/ol>\n<div> <\/div>\n<\/p>\n<ol start=\"2\">\n<li><b>Folgen des Widerrufs<\/b>\n<ol>\n<li>Wenn Sie diesen Vertrag widerrufen, haben wir Ihnen alle Zahlungen, die wir von Ihnen erhalten haben, einschlie\u00dflich der Lieferkosten (mit Ausnahme der zus\u00e4tzlichen Kosten, die sich daraus ergeben, dass Sie eine andere Art der Lieferung als die von uns angebotene, g\u00fcnstigste Standardlieferung gew\u00e4hlt haben), unverz\u00fcglich und sp\u00e4testens binnen vierzehn Tagen ab dem Tag zur\u00fcckzuzahlen, an dem die Mitteilung \u00fcber Ihren Widerruf dieses Vertrags bei uns eingegangen ist. F\u00fcr diese R\u00fcckzahlung verwenden wir dasselbe Zahlungsmittel, das Sie bei der urspr\u00fcnglichen Transaktion eingesetzt haben. In keinem Fall werden Ihnen wegen dieser R\u00fcckzahlung Entgelte berechnet. R\u00fcckzahlung verweigern, bis wir die Waren wieder zur\u00fcckerhalten haben oder bis Sie den Nachweis erbracht haben, dass Sie die Waren zur\u00fcckgesandt haben, je nachdem, welches der fr\u00fchere Zeitpunkt ist.<\/li>\n<\/ol>\n<\/li>\n<li>Sie haben die Waren unverz\u00fcglich und in jedem Fall sp\u00e4testens binnen vierzehn Tagen ab dem Tag, an dem Sie uns \u00fcber den Widerruf dieses Vertrags unterrichten, an den jeweiligen Absender Ihrer empfangenen Sendung zur\u00fcckzusenden oder zu \u00fcbergeben. Die Frist ist gewahrt, wenn Sie die Waren vor Ablauf der Frist von vierzehn Tagen absenden. Sie tragen die unmittelbaren Kosten der R\u00fccksendung der Waren. Sie m\u00fcssen f\u00fcr einen etwaigen Wertverlust der Waren nur aufkommen, wenn dieser Wertverlust auf einen zur Pr\u00fcfung der Beschaffenheit, Eigenschaften und Funktionsweise der Waren nicht notwendigen Umgang mit ihnen zur\u00fcckzuf\u00fchren ist.<br \/>\u2014 Ende der Widerrufsbelehrung \u2014<\/li>\n<\/ol>\n<ol>\n<li><b>Muster Widerrufsformular<\/b><\/li>\n<\/ol>\n\t\t\t\t\t\t\t\t<\/div>\n\t\t\t\t<div class=\"elementor-element elementor-element-5b0a15f elementor-widget elementor-widget-text-editor\" data-id=\"5b0a15f\" data-element_type=\"widget\" data-e-type=\"widget\" data-widget_type=\"text-editor.default\">\n\t\t\t\t\t\t\t\t\t<p>Wenn Sie den Vertrag widerrufen wollen, dann f\u00fcllen Sie bitte dieses Formular aus und senden Sie es zur\u00fcck:<\/p>\n<p>&#8211; An Timedriven, Frederik Schl\u00fcter, Walther-von-Cronberg-Platz 18, 60594 Frankfurt, Deutschland, E-Mail: info@timedriven.de<\/p>\n<p>&#8211; Hiermit widerrufe(n) ich\/wir (*) den von mir\/uns (*) abgeschlossenen Vertrag \u00fcber den Kauf der folgenden Waren (*)\/die Erbringung der folgenden Dienstleistung (*)<\/p>\n<p>&#8211; Bestellt am (*) \/ erhalten am (*)<\/p>\n<p>&#8211; Name des\/der Verbraucher(s)<\/p>\n<p>&#8211; Anschrift des\/der Verbraucher(s)<\/p>\n<p>&#8211; Unterschrift des\/der Verbraucher(s) (nur bei Mitteilung auf Papier)<\/p>\n<p>&#8211; Datum<\/p>\n<p>(*) Unzutreffendes streichen.<\/p>\n\t\t\t\t\t\t\t\t<\/div>\n\t\t\t\t\t<\/div>\n\t\t<\/div>\n\t\t\t\t\t<\/div>\n\t\t<\/section>\n\t\t\t\t<section class=\"elementor-section elementor-top-section elementor-element elementor-element-34703e1 elementor-section-height-min-height elementor-section-items-stretch elementor-section-full_width elementor-hidden-desktop elementor-hidden-tablet elementor-hidden-mobile elementor-section-height-default\" data-id=\"34703e1\" data-element_type=\"section\" data-e-type=\"section\" data-settings=\"{&quot;jet_parallax_layout_list&quot;:[]}\">\n\t\t\t\t\t\t\t<div class=\"elementor-background-overlay\"><\/div>\n\t\t\t\t\t\t\t<div class=\"elementor-container elementor-column-gap-default\">\n\t\t\t\t\t<div data-dce-background-overlay-color=\"#1D1D1B\" data-dce-background-image-url=\"https:\/\/timedriven.de\/wp-content\/uploads\/2022\/07\/timedriven-base-1.jpg\" class=\"elementor-column elementor-col-100 elementor-top-column elementor-element elementor-element-a81ce58\" data-id=\"a81ce58\" data-element_type=\"column\" data-e-type=\"column\" data-settings=\"{&quot;background_background&quot;:&quot;classic&quot;}\">\n\t\t\t<div class=\"elementor-widget-wrap elementor-element-populated\">\n\t\t\t\t\t<div class=\"elementor-background-overlay\"><\/div>\n\t\t\t\t\t\t<section class=\"elementor-section elementor-inner-section elementor-element elementor-element-b336605 elementor-section-full_width elementor-section-height-default elementor-section-height-default\" data-id=\"b336605\" data-element_type=\"section\" data-e-type=\"section\" data-settings=\"{&quot;jet_parallax_layout_list&quot;:[]}\">\n\t\t\t\t\t\t<div class=\"elementor-container elementor-column-gap-default\">\n\t\t\t\t\t<div class=\"elementor-column elementor-col-100 elementor-inner-column elementor-element elementor-element-cf8b7ba\" data-id=\"cf8b7ba\" data-element_type=\"column\" data-e-type=\"column\" data-settings=\"{&quot;background_background&quot;:&quot;classic&quot;}\">\n\t\t\t<div class=\"elementor-widget-wrap elementor-element-populated\">\n\t\t\t\t\t\t<div data-dce-title-color=\"#FFFFFF\" class=\"elementor-element elementor-element-53242a5 elementor-widget elementor-widget-heading\" data-id=\"53242a5\" data-element_type=\"widget\" data-e-type=\"widget\" data-widget_type=\"heading.default\">\n\t\t\t\t\t<h2 class=\"elementor-heading-title elementor-size-default\">Termin Buchen<\/h2>\t\t\t\t<\/div>\n\t\t\t\t<div class=\"elementor-element elementor-element-42224bb elementor-widget elementor-widget-text-editor\" data-id=\"42224bb\" data-element_type=\"widget\" data-e-type=\"widget\" data-widget_type=\"text-editor.default\">\n\t\t\t\t\t\t\t\t\t<p>Als Experten beraten wir Sie gerne individuell und pers\u00f6nlich.<\/p>\n\t\t\t\t\t\t\t\t<\/div>\n\t\t\t\t<div data-dce-background-color=\"#FFFFFF00\" class=\"elementor-element elementor-element-c642e7a elementor-align-center elementor-mobile-align-left elementor-widget elementor-widget-button\" data-id=\"c642e7a\" data-element_type=\"widget\" data-e-type=\"widget\" data-widget_type=\"button.default\">\n\t\t\t\t\t\t\t\t\t\t<a class=\"elementor-button elementor-button-link elementor-size-sm\" href=\"#elementor-action%3Aaction%3Dpopup%3Aopen%26settings%3DeyJpZCI6NzIwOCwidG9nZ2xlIjpmYWxzZX0%3D\">\n\t\t\t\t\t\t<span class=\"elementor-button-content-wrapper\">\n\t\t\t\t\t\t\t\t\t<span class=\"elementor-button-text\">Buchen Sie jetzt<\/span>\n\t\t\t\t\t<\/span>\n\t\t\t\t\t<\/a>\n\t\t\t\t\t\t\t\t<\/div>\n\t\t\t\t\t<\/div>\n\t\t<\/div>\n\t\t\t\t\t<\/div>\n\t\t<\/section>\n\t\t\t\t\t<\/div>\n\t\t<\/div>\n\t\t\t\t\t<\/div>\n\t\t<\/section>\n\t\t\t\t<\/div>\n\t\t","protected":false},"excerpt":{"rendered":"<p>Widerrufsbelehrung Widerrufsrecht f\u00fcr Kunden des Webshops www.timedriven.de. Inhaltsverzeichnis Widerrufsrecht Folgen des Widerrufs Widerrufsformular Widerrufsrecht Sofern der Kunde Verbraucher (wie in unseren AGB definiert) ist und es sich entweder um ein Fernabsatzgesch\u00e4ft oder einen au\u00dferhalb von Gesch\u00e4ftsr\u00e4umen geschlossenen Vertrag mit Timedriven, Frederik Schl\u00fcter im Sinne des \u00a7 312 b BGB handelt, hat der Verbraucher ein Widerrufsrecht: [&hellip;]<\/p>\n","protected":false},"author":6,"featured_media":0,"parent":0,"menu_order":0,"comment_status":"closed","ping_status":"closed","template":"","meta":{"footnotes":""},"class_list":["post-7231","page","type-page","status-publish","hentry"],"_links":{"self":[{"href":"https:\/\/timedriven.de\/de\/wp-json\/wp\/v2\/pages\/7231","targetHints":{"allow":["GET"]}}],"collection":[{"href":"https:\/\/timedriven.de\/de\/wp-json\/wp\/v2\/pages"}],"about":[{"href":"https:\/\/timedriven.de\/de\/wp-json\/wp\/v2\/types\/page"}],"author":[{"embeddable":true,"href":"https:\/\/timedriven.de\/de\/wp-json\/wp\/v2\/users\/6"}],"replies":[{"embeddable":true,"href":"https:\/\/timedriven.de\/de\/wp-json\/wp\/v2\/comments?post=7231"}],"version-history":[{"count":17,"href":"https:\/\/timedriven.de\/de\/wp-json\/wp\/v2\/pages\/7231\/revisions"}],"predecessor-version":[{"id":25180,"href":"https:\/\/timedriven.de\/de\/wp-json\/wp\/v2\/pages\/7231\/revisions\/25180"}],"wp:attachment":[{"href":"https:\/\/timedriven.de\/de\/wp-json\/wp\/v2\/media?parent=7231"}],"curies":[{"name":"wp","href":"https:\/\/api.w.org\/{rel}","templated":true}]}}