{"id":10214,"date":"2023-05-13T13:43:11","date_gmt":"2023-05-13T13:43:11","guid":{"rendered":"https:\/\/timedriven.de\/?post_type=product&#038;p=10214"},"modified":"2024-10-03T20:04:40","modified_gmt":"2024-10-03T18:04:40","slug":"rolex-day-date-36-1991","status":"publish","type":"product","link":"https:\/\/timedriven.de\/de\/produkt\/rolex-day-date-36-1991\/","title":{"rendered":"Rolex Day-Date 36 1991"},"content":{"rendered":"","protected":false},"excerpt":{"rendered":"<p>Wir pr\u00e4sentieren die legend\u00e4re Rolex Day-Date 18349 mit einer Geh\u00e4usegr\u00f6\u00dfe von 36 mm aus dem Jahr 1991, in ausgezeichnetem gebrauchten Zustand mit Box und Papieren. Diese Uhr wurde von vielen Pr\u00e4sidenten getragen und ist aus 18 Karat Wei\u00dfgold gefertigt und verf\u00fcgt \u00fcber ein zeitloses Design mit einem silbernen Diamantzifferblatt. Angetrieben vom Automatikwerk von Rolex ist es zuverl\u00e4ssig und genau. Erwerben Sie ein St\u00fcck Rolex-Geschichte zu einem Bruchteil der Kosten einer brandneuen Uhr.<\/p>\n","protected":false},"featured_media":11192,"template":"","meta":[],"product_brand":[],"product_cat":[572,571],"product_tag":[],"watch-type":[625],"spare-parts---category":[],"included":[629],"condition":[600],"year-made":[638],"dial-color":[658],"watch-material":[664],"movement":[666],"brands":[598],"class_list":{"0":"post-10214","1":"product","2":"type-product","3":"status-publish","4":"has-post-thumbnail","6":"product_cat-uhren","7":"product_cat-unkategorisiert","8":"watch-type-herren","9":"included-papers-de","10":"condition-gebraucht","11":"year-made-1991-de","12":"dial-color-silber","13":"watch-material-weisgold","14":"movement-automatisch","15":"brands-rolex-de","17":"first","18":"outofstock","19":"sold-individually","20":"product-type-simple"},"_links":{"self":[{"href":"https:\/\/timedriven.de\/de\/wp-json\/wp\/v2\/product\/10214","targetHints":{"allow":["GET"]}}],"collection":[{"href":"https:\/\/timedriven.de\/de\/wp-json\/wp\/v2\/product"}],"about":[{"href":"https:\/\/timedriven.de\/de\/wp-json\/wp\/v2\/types\/product"}],"wp:featuredmedia":[{"embeddable":true,"href":"https:\/\/timedriven.de\/de\/wp-json\/wp\/v2\/media\/11192"}],"wp:attachment":[{"href":"https:\/\/timedriven.de\/de\/wp-json\/wp\/v2\/media?parent=10214"}],"wp:term":[{"taxonomy":"product_brand","embeddable":true,"href":"https:\/\/timedriven.de\/de\/wp-json\/wp\/v2\/product_brand?post=10214"},{"taxonomy":"product_cat","embeddable":true,"href":"https:\/\/timedriven.de\/de\/wp-json\/wp\/v2\/product_cat?post=10214"},{"taxonomy":"product_tag","embeddable":true,"href":"https:\/\/timedriven.de\/de\/wp-json\/wp\/v2\/product_tag?post=10214"},{"taxonomy":"watch-type","embeddable":true,"href":"https:\/\/timedriven.de\/de\/wp-json\/wp\/v2\/watch-type?post=10214"},{"taxonomy":"spare-parts---category","embeddable":true,"href":"https:\/\/timedriven.de\/de\/wp-json\/wp\/v2\/spare-parts---category?post=10214"},{"taxonomy":"included","embeddable":true,"href":"https:\/\/timedriven.de\/de\/wp-json\/wp\/v2\/included?post=10214"},{"taxonomy":"condition","embeddable":true,"href":"https:\/\/timedriven.de\/de\/wp-json\/wp\/v2\/condition?post=10214"},{"taxonomy":"year-made","embeddable":true,"href":"https:\/\/timedriven.de\/de\/wp-json\/wp\/v2\/year-made?post=10214"},{"taxonomy":"dial-color","embeddable":true,"href":"https:\/\/timedriven.de\/de\/wp-json\/wp\/v2\/dial-color?post=10214"},{"taxonomy":"watch-material","embeddable":true,"href":"https:\/\/timedriven.de\/de\/wp-json\/wp\/v2\/watch-material?post=10214"},{"taxonomy":"movement","embeddable":true,"href":"https:\/\/timedriven.de\/de\/wp-json\/wp\/v2\/movement?post=10214"},{"taxonomy":"brands","embeddable":true,"href":"https:\/\/timedriven.de\/de\/wp-json\/wp\/v2\/brands?post=10214"}],"curies":[{"name":"wp","href":"https:\/\/api.w.org\/{rel}","templated":true}]}}