{"id":10521,"date":"2023-05-20T16:15:25","date_gmt":"2023-05-20T14:15:25","guid":{"rendered":"https:\/\/timedriven.de\/?post_type=product&#038;p=10521"},"modified":"2024-10-03T20:04:38","modified_gmt":"2024-10-03T18:04:38","slug":"nomos-glashutte-club-36","status":"publish","type":"product","link":"https:\/\/timedriven.de\/de\/produkt\/nomos-glashutte-club-36\/","title":{"rendered":"Nomos Glash\u00fctte Club 36"},"content":{"rendered":"","protected":false},"excerpt":{"rendered":"<p>Erleben Sie die zeitlose Eleganz von NOMOS Club. Diese moderne Uhr verf\u00fcgt \u00fcber ein elegantes Edelstahlgeh\u00e4use und ein violettes Zifferblatt. Angetrieben von einem Handaufzugswerk, verf\u00fcgt sie \u00fcber kratzfestes Saphirglas und ein bequemes Horween-Lederarmband. Sie verf\u00fcgt \u00fcber ein elegantes Edelstahlgeh\u00e4use und ein violettes Zifferblatt. Verbessern Sie Ihren Stil mit NOMOS Club.<\/p>\n","protected":false},"featured_media":10523,"template":"","meta":[],"product_brand":[],"product_cat":[572,571],"product_tag":[],"watch-type":[626,625],"spare-parts---category":[],"included":[629],"condition":[631],"year-made":[838],"dial-color":[1160],"watch-material":[613],"movement":[667],"brands":[831],"class_list":{"0":"post-10521","1":"product","2":"type-product","3":"status-publish","4":"has-post-thumbnail","6":"product_cat-uhren","7":"product_cat-unkategorisiert","8":"watch-type-damen","9":"watch-type-herren","10":"included-papers-de","11":"condition-neu","12":"year-made-2023-de","13":"dial-color-lila","14":"watch-material-edelstahl","15":"movement-handaufzug","16":"brands-nomos-de","18":"first","19":"outofstock","20":"sold-individually","21":"product-type-simple"},"_links":{"self":[{"href":"https:\/\/timedriven.de\/de\/wp-json\/wp\/v2\/product\/10521","targetHints":{"allow":["GET"]}}],"collection":[{"href":"https:\/\/timedriven.de\/de\/wp-json\/wp\/v2\/product"}],"about":[{"href":"https:\/\/timedriven.de\/de\/wp-json\/wp\/v2\/types\/product"}],"wp:featuredmedia":[{"embeddable":true,"href":"https:\/\/timedriven.de\/de\/wp-json\/wp\/v2\/media\/10523"}],"wp:attachment":[{"href":"https:\/\/timedriven.de\/de\/wp-json\/wp\/v2\/media?parent=10521"}],"wp:term":[{"taxonomy":"product_brand","embeddable":true,"href":"https:\/\/timedriven.de\/de\/wp-json\/wp\/v2\/product_brand?post=10521"},{"taxonomy":"product_cat","embeddable":true,"href":"https:\/\/timedriven.de\/de\/wp-json\/wp\/v2\/product_cat?post=10521"},{"taxonomy":"product_tag","embeddable":true,"href":"https:\/\/timedriven.de\/de\/wp-json\/wp\/v2\/product_tag?post=10521"},{"taxonomy":"watch-type","embeddable":true,"href":"https:\/\/timedriven.de\/de\/wp-json\/wp\/v2\/watch-type?post=10521"},{"taxonomy":"spare-parts---category","embeddable":true,"href":"https:\/\/timedriven.de\/de\/wp-json\/wp\/v2\/spare-parts---category?post=10521"},{"taxonomy":"included","embeddable":true,"href":"https:\/\/timedriven.de\/de\/wp-json\/wp\/v2\/included?post=10521"},{"taxonomy":"condition","embeddable":true,"href":"https:\/\/timedriven.de\/de\/wp-json\/wp\/v2\/condition?post=10521"},{"taxonomy":"year-made","embeddable":true,"href":"https:\/\/timedriven.de\/de\/wp-json\/wp\/v2\/year-made?post=10521"},{"taxonomy":"dial-color","embeddable":true,"href":"https:\/\/timedriven.de\/de\/wp-json\/wp\/v2\/dial-color?post=10521"},{"taxonomy":"watch-material","embeddable":true,"href":"https:\/\/timedriven.de\/de\/wp-json\/wp\/v2\/watch-material?post=10521"},{"taxonomy":"movement","embeddable":true,"href":"https:\/\/timedriven.de\/de\/wp-json\/wp\/v2\/movement?post=10521"},{"taxonomy":"brands","embeddable":true,"href":"https:\/\/timedriven.de\/de\/wp-json\/wp\/v2\/brands?post=10521"}],"curies":[{"name":"wp","href":"https:\/\/api.w.org\/{rel}","templated":true}]}}