{"id":10824,"date":"2023-05-24T16:07:40","date_gmt":"2023-05-24T14:07:40","guid":{"rendered":"https:\/\/timedriven.de\/?post_type=product&#038;p=10824"},"modified":"2024-10-03T20:01:44","modified_gmt":"2024-10-03T18:01:44","slug":"rolex-oyster-perpetual-34-red-grape","status":"publish","type":"product","link":"https:\/\/timedriven.de\/de\/produkt\/rolex-oyster-perpetual-34-red-grape\/","title":{"rendered":"Rolex Oyster Perpetual 34 Red Grape"},"content":{"rendered":"","protected":false},"excerpt":{"rendered":"<p>Sch\u00f6ne Rolex Oyster Perpetual 34 mit einem olivgr\u00fcnen Zifferblatt in einer Geh\u00e4usegr\u00f6\u00dfe von 34 mm. Komplett mit Box und Originalpapieren.<\/p>\n","protected":false},"featured_media":10827,"template":"","meta":[],"product_brand":[],"product_cat":[572,571],"product_tag":[],"watch-type":[626],"spare-parts---category":[],"included":[629],"condition":[600],"year-made":[1034],"dial-color":[657],"watch-material":[613],"movement":[666],"brands":[598],"class_list":{"0":"post-10824","1":"product","2":"type-product","3":"status-publish","4":"has-post-thumbnail","6":"product_cat-uhren","7":"product_cat-unkategorisiert","8":"watch-type-damen","9":"included-papers-de","10":"condition-gebraucht","11":"year-made-2009-de","12":"dial-color-rot","13":"watch-material-edelstahl","14":"movement-automatisch","15":"brands-rolex-de","17":"first","18":"outofstock","19":"sold-individually","20":"purchasable","21":"product-type-simple"},"_links":{"self":[{"href":"https:\/\/timedriven.de\/de\/wp-json\/wp\/v2\/product\/10824","targetHints":{"allow":["GET"]}}],"collection":[{"href":"https:\/\/timedriven.de\/de\/wp-json\/wp\/v2\/product"}],"about":[{"href":"https:\/\/timedriven.de\/de\/wp-json\/wp\/v2\/types\/product"}],"wp:featuredmedia":[{"embeddable":true,"href":"https:\/\/timedriven.de\/de\/wp-json\/wp\/v2\/media\/10827"}],"wp:attachment":[{"href":"https:\/\/timedriven.de\/de\/wp-json\/wp\/v2\/media?parent=10824"}],"wp:term":[{"taxonomy":"product_brand","embeddable":true,"href":"https:\/\/timedriven.de\/de\/wp-json\/wp\/v2\/product_brand?post=10824"},{"taxonomy":"product_cat","embeddable":true,"href":"https:\/\/timedriven.de\/de\/wp-json\/wp\/v2\/product_cat?post=10824"},{"taxonomy":"product_tag","embeddable":true,"href":"https:\/\/timedriven.de\/de\/wp-json\/wp\/v2\/product_tag?post=10824"},{"taxonomy":"watch-type","embeddable":true,"href":"https:\/\/timedriven.de\/de\/wp-json\/wp\/v2\/watch-type?post=10824"},{"taxonomy":"spare-parts---category","embeddable":true,"href":"https:\/\/timedriven.de\/de\/wp-json\/wp\/v2\/spare-parts---category?post=10824"},{"taxonomy":"included","embeddable":true,"href":"https:\/\/timedriven.de\/de\/wp-json\/wp\/v2\/included?post=10824"},{"taxonomy":"condition","embeddable":true,"href":"https:\/\/timedriven.de\/de\/wp-json\/wp\/v2\/condition?post=10824"},{"taxonomy":"year-made","embeddable":true,"href":"https:\/\/timedriven.de\/de\/wp-json\/wp\/v2\/year-made?post=10824"},{"taxonomy":"dial-color","embeddable":true,"href":"https:\/\/timedriven.de\/de\/wp-json\/wp\/v2\/dial-color?post=10824"},{"taxonomy":"watch-material","embeddable":true,"href":"https:\/\/timedriven.de\/de\/wp-json\/wp\/v2\/watch-material?post=10824"},{"taxonomy":"movement","embeddable":true,"href":"https:\/\/timedriven.de\/de\/wp-json\/wp\/v2\/movement?post=10824"},{"taxonomy":"brands","embeddable":true,"href":"https:\/\/timedriven.de\/de\/wp-json\/wp\/v2\/brands?post=10824"}],"curies":[{"name":"wp","href":"https:\/\/api.w.org\/{rel}","templated":true}]}}