{"id":11712,"date":"2023-07-07T15:06:09","date_gmt":"2023-07-07T13:06:09","guid":{"rendered":"https:\/\/timedriven.de\/?post_type=product&#038;p=11712"},"modified":"2024-10-03T20:01:40","modified_gmt":"2024-10-03T18:01:40","slug":"patek-philippe-calatrava","status":"publish","type":"product","link":"https:\/\/timedriven.de\/de\/produkt\/patek-philippe-calatrava\/","title":{"rendered":"Patek Philippe Calatrava"},"content":{"rendered":"","protected":false},"excerpt":{"rendered":"<p>Suchen Sie nach einer luxuri\u00f6sen und anspruchsvollen Armbanduhr? Dann ist die Patek Philippe 5168G in Wei\u00dfgold genau das Richtige f\u00fcr Sie. Das k\u00fchne Design und die au\u00dfergew\u00f6hnliche Handwerkskunst sind herausragend.<\/p>\n<p>Mit einem Geh\u00e4use aus Wei\u00dfgold und einem Kautschukarmband sowie leuchtenden Zeigern und Markierungen ist diese Uhr sowohl stilvoll als auch praktisch. Sein automatisches Uhrwerk mit Automatikaufzug sorgt f\u00fcr eine genaue Zeitmessung.<\/p>\n<p>Es ist neuwertig ab 05\/2023, wird erstmals in Deutschland verkauft und kommt als Komplettset. Heben Sie heute Ihren Stil mit dieser atemberaubenden Armbanduhr auf ein neues Niveau.<\/p>\n","protected":false},"featured_media":11312,"template":"","meta":[],"product_brand":[],"product_cat":[572,571],"product_tag":[],"watch-type":[625],"spare-parts---category":[],"included":[629],"condition":[631],"year-made":[838],"dial-color":[615],"watch-material":[664],"movement":[666],"brands":[597],"class_list":{"0":"post-11712","1":"product","2":"type-product","3":"status-publish","4":"has-post-thumbnail","6":"product_cat-uhren","7":"product_cat-unkategorisiert","8":"watch-type-herren","9":"included-papers-de","10":"condition-neu","11":"year-made-2023-de","12":"dial-color-blau","13":"watch-material-weisgold","14":"movement-automatisch","15":"brands-patek-philippe-de","17":"first","18":"outofstock","19":"sold-individually","20":"purchasable","21":"product-type-simple"},"_links":{"self":[{"href":"https:\/\/timedriven.de\/de\/wp-json\/wp\/v2\/product\/11712","targetHints":{"allow":["GET"]}}],"collection":[{"href":"https:\/\/timedriven.de\/de\/wp-json\/wp\/v2\/product"}],"about":[{"href":"https:\/\/timedriven.de\/de\/wp-json\/wp\/v2\/types\/product"}],"wp:featuredmedia":[{"embeddable":true,"href":"https:\/\/timedriven.de\/de\/wp-json\/wp\/v2\/media\/11312"}],"wp:attachment":[{"href":"https:\/\/timedriven.de\/de\/wp-json\/wp\/v2\/media?parent=11712"}],"wp:term":[{"taxonomy":"product_brand","embeddable":true,"href":"https:\/\/timedriven.de\/de\/wp-json\/wp\/v2\/product_brand?post=11712"},{"taxonomy":"product_cat","embeddable":true,"href":"https:\/\/timedriven.de\/de\/wp-json\/wp\/v2\/product_cat?post=11712"},{"taxonomy":"product_tag","embeddable":true,"href":"https:\/\/timedriven.de\/de\/wp-json\/wp\/v2\/product_tag?post=11712"},{"taxonomy":"watch-type","embeddable":true,"href":"https:\/\/timedriven.de\/de\/wp-json\/wp\/v2\/watch-type?post=11712"},{"taxonomy":"spare-parts---category","embeddable":true,"href":"https:\/\/timedriven.de\/de\/wp-json\/wp\/v2\/spare-parts---category?post=11712"},{"taxonomy":"included","embeddable":true,"href":"https:\/\/timedriven.de\/de\/wp-json\/wp\/v2\/included?post=11712"},{"taxonomy":"condition","embeddable":true,"href":"https:\/\/timedriven.de\/de\/wp-json\/wp\/v2\/condition?post=11712"},{"taxonomy":"year-made","embeddable":true,"href":"https:\/\/timedriven.de\/de\/wp-json\/wp\/v2\/year-made?post=11712"},{"taxonomy":"dial-color","embeddable":true,"href":"https:\/\/timedriven.de\/de\/wp-json\/wp\/v2\/dial-color?post=11712"},{"taxonomy":"watch-material","embeddable":true,"href":"https:\/\/timedriven.de\/de\/wp-json\/wp\/v2\/watch-material?post=11712"},{"taxonomy":"movement","embeddable":true,"href":"https:\/\/timedriven.de\/de\/wp-json\/wp\/v2\/movement?post=11712"},{"taxonomy":"brands","embeddable":true,"href":"https:\/\/timedriven.de\/de\/wp-json\/wp\/v2\/brands?post=11712"}],"curies":[{"name":"wp","href":"https:\/\/api.w.org\/{rel}","templated":true}]}}