{"id":12846,"date":"2023-09-23T16:09:47","date_gmt":"2023-09-23T14:09:47","guid":{"rendered":"https:\/\/timedriven.de\/?post_type=product&#038;p=12846"},"modified":"2024-10-03T20:01:33","modified_gmt":"2024-10-03T18:01:33","slug":"iwc-pilot-chronograph-2","status":"publish","type":"product","link":"https:\/\/timedriven.de\/de\/produkt\/iwc-pilot-chronograph-2\/","title":{"rendered":"IWC Pilot Chronograph"},"content":{"rendered":"","protected":false},"excerpt":{"rendered":"<p>Erleben Sie den Nervenkitzel der von der Luftfahrt inspirierten Eleganz mit dem IWC Pilot Chronograph 2017. Dieses Zeitmessger\u00e4t ist Ihre Eintrittskarte, um Aufmerksamkeit zu erregen und einen neuen Standard f\u00fcr Eleganz zu setzen. Mit Pr\u00e4zision entwickelt und von einer zuverl\u00e4ssigen automatischen Bewegung angetrieben, bietet der IWC Pilot Chronograph Genauigkeit und Leistung, die den Anforderungen sowohl im Cockpit als auch im Konferenzraum gerecht werden. Egal, ob Sie ein erfahrener Pilot, ein Uhrenliebhaber oder einfach nur feine Handwerkskunst sch\u00e4tzen, der IWC Pilot Chronograph 2020 ist eine unverzichtbare Erg\u00e4nzung f\u00fcr Ihre Sammlung.<\/p>\n","protected":false},"featured_media":52528,"template":"","meta":[],"product_brand":[],"product_cat":[572],"product_tag":[620],"watch-type":[625],"spare-parts---category":[],"included":[629],"condition":[600],"year-made":[702],"dial-color":[601],"watch-material":[613],"movement":[666],"brands":[594],"class_list":{"0":"post-12846","1":"product","2":"type-product","3":"status-publish","4":"has-post-thumbnail","6":"product_cat-uhren","7":"product_tag-herren","8":"watch-type-herren","9":"included-papers-de","10":"condition-gebraucht","11":"year-made-2020-de","12":"dial-color-schwarz","13":"watch-material-edelstahl","14":"movement-automatisch","15":"brands-iwc-de","17":"first","18":"instock","19":"purchasable","20":"product-type-simple"},"_links":{"self":[{"href":"https:\/\/timedriven.de\/de\/wp-json\/wp\/v2\/product\/12846","targetHints":{"allow":["GET"]}}],"collection":[{"href":"https:\/\/timedriven.de\/de\/wp-json\/wp\/v2\/product"}],"about":[{"href":"https:\/\/timedriven.de\/de\/wp-json\/wp\/v2\/types\/product"}],"wp:featuredmedia":[{"embeddable":true,"href":"https:\/\/timedriven.de\/de\/wp-json\/wp\/v2\/media\/52528"}],"wp:attachment":[{"href":"https:\/\/timedriven.de\/de\/wp-json\/wp\/v2\/media?parent=12846"}],"wp:term":[{"taxonomy":"product_brand","embeddable":true,"href":"https:\/\/timedriven.de\/de\/wp-json\/wp\/v2\/product_brand?post=12846"},{"taxonomy":"product_cat","embeddable":true,"href":"https:\/\/timedriven.de\/de\/wp-json\/wp\/v2\/product_cat?post=12846"},{"taxonomy":"product_tag","embeddable":true,"href":"https:\/\/timedriven.de\/de\/wp-json\/wp\/v2\/product_tag?post=12846"},{"taxonomy":"watch-type","embeddable":true,"href":"https:\/\/timedriven.de\/de\/wp-json\/wp\/v2\/watch-type?post=12846"},{"taxonomy":"spare-parts---category","embeddable":true,"href":"https:\/\/timedriven.de\/de\/wp-json\/wp\/v2\/spare-parts---category?post=12846"},{"taxonomy":"included","embeddable":true,"href":"https:\/\/timedriven.de\/de\/wp-json\/wp\/v2\/included?post=12846"},{"taxonomy":"condition","embeddable":true,"href":"https:\/\/timedriven.de\/de\/wp-json\/wp\/v2\/condition?post=12846"},{"taxonomy":"year-made","embeddable":true,"href":"https:\/\/timedriven.de\/de\/wp-json\/wp\/v2\/year-made?post=12846"},{"taxonomy":"dial-color","embeddable":true,"href":"https:\/\/timedriven.de\/de\/wp-json\/wp\/v2\/dial-color?post=12846"},{"taxonomy":"watch-material","embeddable":true,"href":"https:\/\/timedriven.de\/de\/wp-json\/wp\/v2\/watch-material?post=12846"},{"taxonomy":"movement","embeddable":true,"href":"https:\/\/timedriven.de\/de\/wp-json\/wp\/v2\/movement?post=12846"},{"taxonomy":"brands","embeddable":true,"href":"https:\/\/timedriven.de\/de\/wp-json\/wp\/v2\/brands?post=12846"}],"curies":[{"name":"wp","href":"https:\/\/api.w.org\/{rel}","templated":true}]}}