{"id":13039,"date":"2023-09-25T16:25:32","date_gmt":"2023-09-25T14:25:32","guid":{"rendered":"https:\/\/timedriven.de\/?post_type=product&#038;p=13039"},"modified":"2024-11-16T16:22:33","modified_gmt":"2024-11-16T14:22:33","slug":"omega-konstellation","status":"publish","type":"product","link":"https:\/\/timedriven.de\/de\/produkt\/omega-konstellation\/","title":{"rendered":"OMEGA Constellation"},"content":{"rendered":"","protected":false},"excerpt":{"rendered":"<p>Die OMEGA Constellation 1996 ist ein klassischer Zeitmesser, der die Essenz zeitloser Eleganz verk\u00f6rpert. Dieses Uhrenmodell aus dem Jahr 1996 zeigt das Engagement von OMEGA f\u00fcr Handwerkskunst und Stil. Mit ihrem unverwechselbaren Constellation-Design, ihrem Pr\u00e4zisionsuhrwerk und ihrem best\u00e4ndigen Charme bleibt sie ein begehrtes Symbol f\u00fcr Raffinesse und Luxus.<\/p>\n","protected":false},"featured_media":13045,"template":"","meta":[],"product_brand":[],"product_cat":[572,571],"product_tag":[],"watch-type":[625],"spare-parts---category":[],"included":[2268,629],"condition":[600],"year-made":[642],"dial-color":[659],"watch-material":[613],"movement":[666],"brands":[596],"class_list":{"0":"post-13039","1":"product","2":"type-product","3":"status-publish","4":"has-post-thumbnail","6":"product_cat-uhren","7":"product_cat-unkategorisiert","8":"watch-type-herren","9":"included-box-de","10":"included-papers-de","11":"condition-gebraucht","12":"year-made-1996-de","13":"dial-color-weis","14":"watch-material-edelstahl","15":"movement-automatisch","16":"brands-omega-de","18":"first","19":"instock","20":"sold-individually","21":"purchasable","22":"product-type-simple"},"_links":{"self":[{"href":"https:\/\/timedriven.de\/de\/wp-json\/wp\/v2\/product\/13039","targetHints":{"allow":["GET"]}}],"collection":[{"href":"https:\/\/timedriven.de\/de\/wp-json\/wp\/v2\/product"}],"about":[{"href":"https:\/\/timedriven.de\/de\/wp-json\/wp\/v2\/types\/product"}],"wp:featuredmedia":[{"embeddable":true,"href":"https:\/\/timedriven.de\/de\/wp-json\/wp\/v2\/media\/13045"}],"wp:attachment":[{"href":"https:\/\/timedriven.de\/de\/wp-json\/wp\/v2\/media?parent=13039"}],"wp:term":[{"taxonomy":"product_brand","embeddable":true,"href":"https:\/\/timedriven.de\/de\/wp-json\/wp\/v2\/product_brand?post=13039"},{"taxonomy":"product_cat","embeddable":true,"href":"https:\/\/timedriven.de\/de\/wp-json\/wp\/v2\/product_cat?post=13039"},{"taxonomy":"product_tag","embeddable":true,"href":"https:\/\/timedriven.de\/de\/wp-json\/wp\/v2\/product_tag?post=13039"},{"taxonomy":"watch-type","embeddable":true,"href":"https:\/\/timedriven.de\/de\/wp-json\/wp\/v2\/watch-type?post=13039"},{"taxonomy":"spare-parts---category","embeddable":true,"href":"https:\/\/timedriven.de\/de\/wp-json\/wp\/v2\/spare-parts---category?post=13039"},{"taxonomy":"included","embeddable":true,"href":"https:\/\/timedriven.de\/de\/wp-json\/wp\/v2\/included?post=13039"},{"taxonomy":"condition","embeddable":true,"href":"https:\/\/timedriven.de\/de\/wp-json\/wp\/v2\/condition?post=13039"},{"taxonomy":"year-made","embeddable":true,"href":"https:\/\/timedriven.de\/de\/wp-json\/wp\/v2\/year-made?post=13039"},{"taxonomy":"dial-color","embeddable":true,"href":"https:\/\/timedriven.de\/de\/wp-json\/wp\/v2\/dial-color?post=13039"},{"taxonomy":"watch-material","embeddable":true,"href":"https:\/\/timedriven.de\/de\/wp-json\/wp\/v2\/watch-material?post=13039"},{"taxonomy":"movement","embeddable":true,"href":"https:\/\/timedriven.de\/de\/wp-json\/wp\/v2\/movement?post=13039"},{"taxonomy":"brands","embeddable":true,"href":"https:\/\/timedriven.de\/de\/wp-json\/wp\/v2\/brands?post=13039"}],"curies":[{"name":"wp","href":"https:\/\/api.w.org\/{rel}","templated":true}]}}