{"id":13195,"date":"2023-09-30T11:25:27","date_gmt":"2023-09-30T09:25:27","guid":{"rendered":"https:\/\/timedriven.de\/?post_type=product&#038;p=13195"},"modified":"2024-10-03T20:01:31","modified_gmt":"2024-10-03T18:01:31","slug":"rolex-datejust-36-blaues-motiv","status":"publish","type":"product","link":"https:\/\/timedriven.de\/de\/produkt\/rolex-datejust-36-blaues-motiv\/","title":{"rendered":"Rolex Datejust 36 Blau Motiv"},"content":{"rendered":"","protected":false},"excerpt":{"rendered":"<p>Wir stellen Ihnen die Rolex Datejust 36 mit der Referenz 126200 vor: eine zeitlose Ikone. Mit ihrem eleganten Edelstahlgeh\u00e4use und dem Jubil\u00e4umsarmband strahlt die Datejust 36 dezenten Luxus aus. Das raffinierte Zifferblatt mit blauem Motiv, das mit Leuchtmarkierungen und -zeigern verziert ist, bietet sowohl Ablesbarkeit als auch einen Hauch von raffinierter \u00c4sthetik. Mit seinem automatischen mechanischen Uhrwerk bietet diese Uhr Pr\u00e4zision und Zuverl\u00e4ssigkeit und spiegelt damit das Engagement von Rolex f\u00fcr eine au\u00dfergew\u00f6hnliche Zeitmessung wider. Die Lupe vergr\u00f6\u00dfert die Datumsanzeige und verbessert dadurch ihre Praktikabilit\u00e4t. Mit der Originalbox und den Originalpapieren verk\u00f6rpert dieser komplett ausgestattete Zeitmesser den Wert der Authentizit\u00e4t und der Liebe zum Detail. Es ist mehr als nur eine Uhr; es ist ein Zeugnis f\u00fcr Ihren anspruchsvollen Geschmack und Ihre Wertsch\u00e4tzung f\u00fcr feine Uhrmacherkunst. Verfeinern Sie Ihren Stil mit der Rolex Datejust 36 Referenz 126200. Besitzen Sie eine Uhr, die den Zahn der Zeit \u00fcberdauert, indem sie klassische Eleganz mit best\u00e4ndiger Qualit\u00e4t vereint. Erleben Sie die Essenz von Luxus an Ihrem Handgelenk.<\/p>\n","protected":false},"featured_media":13197,"template":"","meta":[],"product_brand":[],"product_cat":[572,571],"product_tag":[],"watch-type":[625],"spare-parts---category":[],"included":[629],"condition":[631],"year-made":[838],"dial-color":[651],"watch-material":[613],"movement":[666],"brands":[598],"class_list":{"0":"post-13195","1":"product","2":"type-product","3":"status-publish","4":"has-post-thumbnail","6":"product_cat-uhren","7":"product_cat-unkategorisiert","8":"watch-type-herren","9":"included-papers-de","10":"condition-neu","11":"year-made-2023-de","12":"dial-color-motiv-blau","13":"watch-material-edelstahl","14":"movement-automatisch","15":"brands-rolex-de","17":"first","18":"outofstock","19":"sold-individually","20":"purchasable","21":"product-type-simple"},"_links":{"self":[{"href":"https:\/\/timedriven.de\/de\/wp-json\/wp\/v2\/product\/13195","targetHints":{"allow":["GET"]}}],"collection":[{"href":"https:\/\/timedriven.de\/de\/wp-json\/wp\/v2\/product"}],"about":[{"href":"https:\/\/timedriven.de\/de\/wp-json\/wp\/v2\/types\/product"}],"wp:featuredmedia":[{"embeddable":true,"href":"https:\/\/timedriven.de\/de\/wp-json\/wp\/v2\/media\/13197"}],"wp:attachment":[{"href":"https:\/\/timedriven.de\/de\/wp-json\/wp\/v2\/media?parent=13195"}],"wp:term":[{"taxonomy":"product_brand","embeddable":true,"href":"https:\/\/timedriven.de\/de\/wp-json\/wp\/v2\/product_brand?post=13195"},{"taxonomy":"product_cat","embeddable":true,"href":"https:\/\/timedriven.de\/de\/wp-json\/wp\/v2\/product_cat?post=13195"},{"taxonomy":"product_tag","embeddable":true,"href":"https:\/\/timedriven.de\/de\/wp-json\/wp\/v2\/product_tag?post=13195"},{"taxonomy":"watch-type","embeddable":true,"href":"https:\/\/timedriven.de\/de\/wp-json\/wp\/v2\/watch-type?post=13195"},{"taxonomy":"spare-parts---category","embeddable":true,"href":"https:\/\/timedriven.de\/de\/wp-json\/wp\/v2\/spare-parts---category?post=13195"},{"taxonomy":"included","embeddable":true,"href":"https:\/\/timedriven.de\/de\/wp-json\/wp\/v2\/included?post=13195"},{"taxonomy":"condition","embeddable":true,"href":"https:\/\/timedriven.de\/de\/wp-json\/wp\/v2\/condition?post=13195"},{"taxonomy":"year-made","embeddable":true,"href":"https:\/\/timedriven.de\/de\/wp-json\/wp\/v2\/year-made?post=13195"},{"taxonomy":"dial-color","embeddable":true,"href":"https:\/\/timedriven.de\/de\/wp-json\/wp\/v2\/dial-color?post=13195"},{"taxonomy":"watch-material","embeddable":true,"href":"https:\/\/timedriven.de\/de\/wp-json\/wp\/v2\/watch-material?post=13195"},{"taxonomy":"movement","embeddable":true,"href":"https:\/\/timedriven.de\/de\/wp-json\/wp\/v2\/movement?post=13195"},{"taxonomy":"brands","embeddable":true,"href":"https:\/\/timedriven.de\/de\/wp-json\/wp\/v2\/brands?post=13195"}],"curies":[{"name":"wp","href":"https:\/\/api.w.org\/{rel}","templated":true}]}}