{"id":13985,"date":"2023-10-18T07:04:54","date_gmt":"2023-10-18T05:04:54","guid":{"rendered":"https:\/\/timedriven.de\/?post_type=product&#038;p=13985"},"modified":"2024-10-03T20:01:26","modified_gmt":"2024-10-03T18:01:26","slug":"rolex-datejust-36-126200-full-set","status":"publish","type":"product","link":"https:\/\/timedriven.de\/de\/produkt\/rolex-datejust-36-126200-full-set\/","title":{"rendered":"Rolex Datejust 36 126200 Full Set"},"content":{"rendered":"","protected":false},"excerpt":{"rendered":"<p>Wir stellen Ihnen die Rolex Datejust 36 mit der Referenz 126200 vor: eine zeitlose Ikone. Mit ihrem eleganten Edelstahlgeh\u00e4use und -armband strahlt die Datejust 36 unaufdringlichen Luxus aus. Das raffinierte gr\u00fcne Zifferblatt mit seinen Leuchtmarkierungen und -zeigern bietet Ablesbarkeit und einen Hauch von raffinierter \u00c4sthetik. Mit seinem automatischen mechanischen Uhrwerk bietet diese Uhr Pr\u00e4zision und Zuverl\u00e4ssigkeit und spiegelt das Engagement von Rolex f\u00fcr au\u00dfergew\u00f6hnliche Zeitmessung wider. Die Zyklopenlinse vergr\u00f6\u00dfert die Datumsanzeige und erh\u00f6ht dadurch ihre Praktikabilit\u00e4t. Vervollst\u00e4ndigt mit originaler Box und Papieren verk\u00f6rpert diese Full Set den Wert von Authentizit\u00e4t und sorgf\u00e4ltiger Liebe zum Detail. Es ist mehr als nur eine Uhr; es ist ein Zeugnis f\u00fcr Ihren anspruchsvollen Geschmack und Ihre Wertsch\u00e4tzung f\u00fcr feine Uhrmacherei. Verfeinern Sie Ihren Stil mit der Rolex Datejust 36 Referenz 126200. Besitzen Sie eine Uhr, die die Zeiten \u00fcberdauert, klassische Eleganz mit anhaltender Qualit\u00e4t vereint. Erleben Sie die Essenz des Luxus an Ihrem Handgelenk.<\/p>\n","protected":false},"featured_media":13987,"template":"","meta":[],"product_brand":[],"product_cat":[572,571],"product_tag":[],"watch-type":[625],"spare-parts---category":[],"included":[629],"condition":[631],"year-made":[838],"dial-color":[653],"watch-material":[613],"movement":[666],"brands":[598],"class_list":{"0":"post-13985","1":"product","2":"type-product","3":"status-publish","4":"has-post-thumbnail","6":"product_cat-uhren","7":"product_cat-unkategorisiert","8":"watch-type-herren","9":"included-papers-de","10":"condition-neu","11":"year-made-2023-de","12":"dial-color-grun","13":"watch-material-edelstahl","14":"movement-automatisch","15":"brands-rolex-de","17":"first","18":"outofstock","19":"sale","20":"sold-individually","21":"purchasable","22":"product-type-simple"},"_links":{"self":[{"href":"https:\/\/timedriven.de\/de\/wp-json\/wp\/v2\/product\/13985","targetHints":{"allow":["GET"]}}],"collection":[{"href":"https:\/\/timedriven.de\/de\/wp-json\/wp\/v2\/product"}],"about":[{"href":"https:\/\/timedriven.de\/de\/wp-json\/wp\/v2\/types\/product"}],"wp:featuredmedia":[{"embeddable":true,"href":"https:\/\/timedriven.de\/de\/wp-json\/wp\/v2\/media\/13987"}],"wp:attachment":[{"href":"https:\/\/timedriven.de\/de\/wp-json\/wp\/v2\/media?parent=13985"}],"wp:term":[{"taxonomy":"product_brand","embeddable":true,"href":"https:\/\/timedriven.de\/de\/wp-json\/wp\/v2\/product_brand?post=13985"},{"taxonomy":"product_cat","embeddable":true,"href":"https:\/\/timedriven.de\/de\/wp-json\/wp\/v2\/product_cat?post=13985"},{"taxonomy":"product_tag","embeddable":true,"href":"https:\/\/timedriven.de\/de\/wp-json\/wp\/v2\/product_tag?post=13985"},{"taxonomy":"watch-type","embeddable":true,"href":"https:\/\/timedriven.de\/de\/wp-json\/wp\/v2\/watch-type?post=13985"},{"taxonomy":"spare-parts---category","embeddable":true,"href":"https:\/\/timedriven.de\/de\/wp-json\/wp\/v2\/spare-parts---category?post=13985"},{"taxonomy":"included","embeddable":true,"href":"https:\/\/timedriven.de\/de\/wp-json\/wp\/v2\/included?post=13985"},{"taxonomy":"condition","embeddable":true,"href":"https:\/\/timedriven.de\/de\/wp-json\/wp\/v2\/condition?post=13985"},{"taxonomy":"year-made","embeddable":true,"href":"https:\/\/timedriven.de\/de\/wp-json\/wp\/v2\/year-made?post=13985"},{"taxonomy":"dial-color","embeddable":true,"href":"https:\/\/timedriven.de\/de\/wp-json\/wp\/v2\/dial-color?post=13985"},{"taxonomy":"watch-material","embeddable":true,"href":"https:\/\/timedriven.de\/de\/wp-json\/wp\/v2\/watch-material?post=13985"},{"taxonomy":"movement","embeddable":true,"href":"https:\/\/timedriven.de\/de\/wp-json\/wp\/v2\/movement?post=13985"},{"taxonomy":"brands","embeddable":true,"href":"https:\/\/timedriven.de\/de\/wp-json\/wp\/v2\/brands?post=13985"}],"curies":[{"name":"wp","href":"https:\/\/api.w.org\/{rel}","templated":true}]}}