{"id":14351,"date":"2023-10-25T16:06:57","date_gmt":"2023-10-25T14:06:57","guid":{"rendered":"https:\/\/timedriven.de\/?post_type=product&#038;p=14351"},"modified":"2024-10-03T19:56:09","modified_gmt":"2024-10-03T17:56:09","slug":"omega-seamaster-diver-300-m-midsize-service","status":"publish","type":"product","link":"https:\/\/timedriven.de\/de\/produkt\/omega-seamaster-diver-300-m-midsize-service\/","title":{"rendered":"OMEGA Seamaster Diver 300M 22525000 Service 12\/2023"},"content":{"rendered":"","protected":false},"excerpt":{"rendered":"<p>Tauchen Sie ein in den Luxus mit der Omega Seamaster Schwerty 2254.50.00 &#8211; k\u00fcrzlich gewartet f\u00fcr Spitzenleistung!<\/p>\n<p>Die Omega Seamaster Schwerty 2254.50.00 ist der Inbegriff von Pr\u00e4zision und Stil und eine wahre Ikone in der Welt der Uhrmacherei. Dieser sorgf\u00e4ltig konstruierte und im Dezember 2023 gewartete Zeitmesser verk\u00f6rpert nicht nur Luxus, sondern garantiert auch Spitzenleistungen f\u00fcr den anspruchsvollen Uhrenliebhaber. Die Seamaster-Serie von Omega hat eine lange Tradition im professionellen Tauchsport und ist ein Synonym f\u00fcr Zuverl\u00e4ssigkeit und Wasserfestigkeit. Diese spezielle Seamaster 2254.50.00 wurde im Dezember 2023 einem umfassenden Service unterzogen, der sicherstellt, dass jede Komponente sorgf\u00e4ltig gepr\u00fcft und gewartet wird.<\/p>\n","protected":false},"featured_media":18365,"template":"","meta":[],"product_brand":[],"product_cat":[572,571],"product_tag":[620],"watch-type":[625],"spare-parts---category":[],"included":[],"condition":[600],"year-made":[649],"dial-color":[601],"watch-material":[613],"movement":[666],"brands":[596],"class_list":{"0":"post-14351","1":"product","2":"type-product","3":"status-publish","4":"has-post-thumbnail","6":"product_cat-uhren","7":"product_cat-unkategorisiert","8":"product_tag-herren","9":"watch-type-herren","10":"condition-gebraucht","11":"year-made-2005-de","12":"dial-color-schwarz","13":"watch-material-edelstahl","14":"movement-automatisch","15":"brands-omega-de","17":"first","18":"outofstock","19":"sold-individually","20":"purchasable","21":"product-type-simple"},"_links":{"self":[{"href":"https:\/\/timedriven.de\/de\/wp-json\/wp\/v2\/product\/14351","targetHints":{"allow":["GET"]}}],"collection":[{"href":"https:\/\/timedriven.de\/de\/wp-json\/wp\/v2\/product"}],"about":[{"href":"https:\/\/timedriven.de\/de\/wp-json\/wp\/v2\/types\/product"}],"wp:featuredmedia":[{"embeddable":true,"href":"https:\/\/timedriven.de\/de\/wp-json\/wp\/v2\/media\/18365"}],"wp:attachment":[{"href":"https:\/\/timedriven.de\/de\/wp-json\/wp\/v2\/media?parent=14351"}],"wp:term":[{"taxonomy":"product_brand","embeddable":true,"href":"https:\/\/timedriven.de\/de\/wp-json\/wp\/v2\/product_brand?post=14351"},{"taxonomy":"product_cat","embeddable":true,"href":"https:\/\/timedriven.de\/de\/wp-json\/wp\/v2\/product_cat?post=14351"},{"taxonomy":"product_tag","embeddable":true,"href":"https:\/\/timedriven.de\/de\/wp-json\/wp\/v2\/product_tag?post=14351"},{"taxonomy":"watch-type","embeddable":true,"href":"https:\/\/timedriven.de\/de\/wp-json\/wp\/v2\/watch-type?post=14351"},{"taxonomy":"spare-parts---category","embeddable":true,"href":"https:\/\/timedriven.de\/de\/wp-json\/wp\/v2\/spare-parts---category?post=14351"},{"taxonomy":"included","embeddable":true,"href":"https:\/\/timedriven.de\/de\/wp-json\/wp\/v2\/included?post=14351"},{"taxonomy":"condition","embeddable":true,"href":"https:\/\/timedriven.de\/de\/wp-json\/wp\/v2\/condition?post=14351"},{"taxonomy":"year-made","embeddable":true,"href":"https:\/\/timedriven.de\/de\/wp-json\/wp\/v2\/year-made?post=14351"},{"taxonomy":"dial-color","embeddable":true,"href":"https:\/\/timedriven.de\/de\/wp-json\/wp\/v2\/dial-color?post=14351"},{"taxonomy":"watch-material","embeddable":true,"href":"https:\/\/timedriven.de\/de\/wp-json\/wp\/v2\/watch-material?post=14351"},{"taxonomy":"movement","embeddable":true,"href":"https:\/\/timedriven.de\/de\/wp-json\/wp\/v2\/movement?post=14351"},{"taxonomy":"brands","embeddable":true,"href":"https:\/\/timedriven.de\/de\/wp-json\/wp\/v2\/brands?post=14351"}],"curies":[{"name":"wp","href":"https:\/\/api.w.org\/{rel}","templated":true}]}}