{"id":14653,"date":"2023-11-03T10:43:54","date_gmt":"2023-11-03T08:43:54","guid":{"rendered":"https:\/\/timedriven.de\/?post_type=product&#038;p=14653"},"modified":"2024-10-03T19:56:07","modified_gmt":"2024-10-03T17:56:07","slug":"omega-seamaster-aqua-terra-4","status":"publish","type":"product","link":"https:\/\/timedriven.de\/de\/produkt\/omega-seamaster-aqua-terra-4\/","title":{"rendered":"OMEGA Seamaster Aqua Terra"},"content":{"rendered":"","protected":false},"excerpt":{"rendered":"<p>Die OMEGA Seamaster Aqua Terra 2012 ist eine zeitlose und elegante Armbanduhr, die Stil und Funktionalit\u00e4t nahtlos miteinander verbindet. Dieser exquisite Zeitmesser verf\u00fcgt \u00fcber ein Edelstahlgeh\u00e4use und ein auffallend blaues Zifferblatt mit einem von den Decks luxuri\u00f6ser Jachten inspirierten Teakholzmuster. Mit ihrem pr\u00e4zisen und zuverl\u00e4ssigen Co-Axial-Uhrwerk ist sie ein modisches Statement und eine Hochleistungsuhr. Ob auf See oder an Land &#8211; die Aqua Terra 2012 ist so konzipiert, dass sie den Elementen standh\u00e4lt. Sie ist die perfekte Wahl f\u00fcr alle, die bei ihren Zeitmessern Wert auf feine Handwerkskunst und Langlebigkeit legen.<\/p>\n","protected":false},"featured_media":13701,"template":"","meta":[],"product_brand":[],"product_cat":[572,571],"product_tag":[],"watch-type":[625],"spare-parts---category":[],"included":[629],"condition":[600],"year-made":[993],"dial-color":[654],"watch-material":[613],"movement":[666],"brands":[596],"class_list":{"0":"post-14653","1":"product","2":"type-product","3":"status-publish","4":"has-post-thumbnail","6":"product_cat-uhren","7":"product_cat-unkategorisiert","8":"watch-type-herren","9":"included-papers-de","10":"condition-gebraucht","11":"year-made-2012-de","12":"dial-color-grau","13":"watch-material-edelstahl","14":"movement-automatisch","15":"brands-omega-de","17":"first","18":"outofstock","19":"sold-individually","20":"purchasable","21":"product-type-simple"},"_links":{"self":[{"href":"https:\/\/timedriven.de\/de\/wp-json\/wp\/v2\/product\/14653","targetHints":{"allow":["GET"]}}],"collection":[{"href":"https:\/\/timedriven.de\/de\/wp-json\/wp\/v2\/product"}],"about":[{"href":"https:\/\/timedriven.de\/de\/wp-json\/wp\/v2\/types\/product"}],"wp:featuredmedia":[{"embeddable":true,"href":"https:\/\/timedriven.de\/de\/wp-json\/wp\/v2\/media\/13701"}],"wp:attachment":[{"href":"https:\/\/timedriven.de\/de\/wp-json\/wp\/v2\/media?parent=14653"}],"wp:term":[{"taxonomy":"product_brand","embeddable":true,"href":"https:\/\/timedriven.de\/de\/wp-json\/wp\/v2\/product_brand?post=14653"},{"taxonomy":"product_cat","embeddable":true,"href":"https:\/\/timedriven.de\/de\/wp-json\/wp\/v2\/product_cat?post=14653"},{"taxonomy":"product_tag","embeddable":true,"href":"https:\/\/timedriven.de\/de\/wp-json\/wp\/v2\/product_tag?post=14653"},{"taxonomy":"watch-type","embeddable":true,"href":"https:\/\/timedriven.de\/de\/wp-json\/wp\/v2\/watch-type?post=14653"},{"taxonomy":"spare-parts---category","embeddable":true,"href":"https:\/\/timedriven.de\/de\/wp-json\/wp\/v2\/spare-parts---category?post=14653"},{"taxonomy":"included","embeddable":true,"href":"https:\/\/timedriven.de\/de\/wp-json\/wp\/v2\/included?post=14653"},{"taxonomy":"condition","embeddable":true,"href":"https:\/\/timedriven.de\/de\/wp-json\/wp\/v2\/condition?post=14653"},{"taxonomy":"year-made","embeddable":true,"href":"https:\/\/timedriven.de\/de\/wp-json\/wp\/v2\/year-made?post=14653"},{"taxonomy":"dial-color","embeddable":true,"href":"https:\/\/timedriven.de\/de\/wp-json\/wp\/v2\/dial-color?post=14653"},{"taxonomy":"watch-material","embeddable":true,"href":"https:\/\/timedriven.de\/de\/wp-json\/wp\/v2\/watch-material?post=14653"},{"taxonomy":"movement","embeddable":true,"href":"https:\/\/timedriven.de\/de\/wp-json\/wp\/v2\/movement?post=14653"},{"taxonomy":"brands","embeddable":true,"href":"https:\/\/timedriven.de\/de\/wp-json\/wp\/v2\/brands?post=14653"}],"curies":[{"name":"wp","href":"https:\/\/api.w.org\/{rel}","templated":true}]}}