{"id":15463,"date":"2023-11-20T15:28:06","date_gmt":"2023-11-20T13:28:06","guid":{"rendered":"https:\/\/timedriven.de\/?post_type=product&#038;p=15463"},"modified":"2024-10-03T19:56:03","modified_gmt":"2024-10-03T17:56:03","slug":"rolex-tag-datum-36-2","status":"publish","type":"product","link":"https:\/\/timedriven.de\/de\/produkt\/rolex-tag-datum-36-2\/","title":{"rendered":"Rolex Day Date 36"},"content":{"rendered":"","protected":false},"excerpt":{"rendered":"<div class=\"group w-full text-token-text-primary border-b border-black\/10 gizmo:border-0 dark:border-gray-900\/50 gizmo:dark:border-0 bg-gray-50 gizmo:bg-transparent dark:bg-[#444654] gizmo:dark:bg-transparent\" data-testid=\"conversation-turn-103\">\n<div class=\"p-4 gizmo:py-2 justify-center text-base md:gap-6 md:py-6 m-auto\">\n<div class=\"flex flex-1 gap-4 text-base mx-auto md:gap-6 gizmo:gap-3 gizmo:md:px-5 gizmo:lg:px-1 gizmo:xl:px-5 md:max-w-2xl lg:max-w-[38rem] gizmo:md:max-w-3xl gizmo:lg:max-w-[40rem] gizmo:xl:max-w-[48rem] xl:max-w-3xl }\">\n<div class=\"relative flex w-[calc(100%-50px)] flex-col gizmo:w-full lg:w-[calc(100%-115px)] agent-turn\">\n<div class=\"flex-col gap-1 md:gap-3\">\n<div class=\"flex flex-grow flex-col max-w-full gap-3 gizmo:gap-0\">\n<div class=\"min-h-[20px] flex flex-col items-start gap-3 whitespace-pre-wrap break-words overflow-x-auto\" data-message-author-role=\"assistant\" data-message-id=\"8a4cb36a-b3fb-430a-ac19-398115080923\">\n<div class=\"markdown prose w-full break-words dark:prose-invert light\">\n<p>Wir stellen die elegante Rolex Oyster Perpetual 26, Referenz 76080, vor. Dieses zeitlose St\u00fcck verk\u00f6rpert das Wesen von Raffinesse und Langlebigkeit. Mit Pr\u00e4zision entworfen und f\u00fcr Langlebigkeit gefertigt, ist diese Uhr ein Symbol f\u00fcr unaufdringliche Raffinesse. Die Oyster Perpetual 26 ist ein Zeugnis f\u00fcr das Erbe von Rolex und vereint sowohl Stil als auch Widerstandsf\u00e4higkeit. Veredeln Sie Ihr Handgelenk mit dieser klassischen Uhr, einer perfekten Kombination aus Tradition und Moderne.<\/p>\n<\/div>\n<\/div>\n<\/div>\n<\/div>\n<\/div>\n<\/div>\n<\/div>\n<\/div>\n","protected":false},"featured_media":15188,"template":"","meta":[],"product_brand":[],"product_cat":[572,571],"product_tag":[],"watch-type":[625],"spare-parts---category":[],"included":[],"condition":[600],"year-made":[1152],"dial-color":[658],"watch-material":[664],"movement":[666],"brands":[598],"class_list":{"0":"post-15463","1":"product","2":"type-product","3":"status-publish","4":"has-post-thumbnail","6":"product_cat-uhren","7":"product_cat-unkategorisiert","8":"watch-type-herren","9":"condition-gebraucht","10":"year-made-2006-de","11":"dial-color-silber","12":"watch-material-weisgold","13":"movement-automatisch","14":"brands-rolex-de","16":"first","17":"outofstock","18":"sold-individually","19":"purchasable","20":"product-type-simple"},"_links":{"self":[{"href":"https:\/\/timedriven.de\/de\/wp-json\/wp\/v2\/product\/15463","targetHints":{"allow":["GET"]}}],"collection":[{"href":"https:\/\/timedriven.de\/de\/wp-json\/wp\/v2\/product"}],"about":[{"href":"https:\/\/timedriven.de\/de\/wp-json\/wp\/v2\/types\/product"}],"wp:featuredmedia":[{"embeddable":true,"href":"https:\/\/timedriven.de\/de\/wp-json\/wp\/v2\/media\/15188"}],"wp:attachment":[{"href":"https:\/\/timedriven.de\/de\/wp-json\/wp\/v2\/media?parent=15463"}],"wp:term":[{"taxonomy":"product_brand","embeddable":true,"href":"https:\/\/timedriven.de\/de\/wp-json\/wp\/v2\/product_brand?post=15463"},{"taxonomy":"product_cat","embeddable":true,"href":"https:\/\/timedriven.de\/de\/wp-json\/wp\/v2\/product_cat?post=15463"},{"taxonomy":"product_tag","embeddable":true,"href":"https:\/\/timedriven.de\/de\/wp-json\/wp\/v2\/product_tag?post=15463"},{"taxonomy":"watch-type","embeddable":true,"href":"https:\/\/timedriven.de\/de\/wp-json\/wp\/v2\/watch-type?post=15463"},{"taxonomy":"spare-parts---category","embeddable":true,"href":"https:\/\/timedriven.de\/de\/wp-json\/wp\/v2\/spare-parts---category?post=15463"},{"taxonomy":"included","embeddable":true,"href":"https:\/\/timedriven.de\/de\/wp-json\/wp\/v2\/included?post=15463"},{"taxonomy":"condition","embeddable":true,"href":"https:\/\/timedriven.de\/de\/wp-json\/wp\/v2\/condition?post=15463"},{"taxonomy":"year-made","embeddable":true,"href":"https:\/\/timedriven.de\/de\/wp-json\/wp\/v2\/year-made?post=15463"},{"taxonomy":"dial-color","embeddable":true,"href":"https:\/\/timedriven.de\/de\/wp-json\/wp\/v2\/dial-color?post=15463"},{"taxonomy":"watch-material","embeddable":true,"href":"https:\/\/timedriven.de\/de\/wp-json\/wp\/v2\/watch-material?post=15463"},{"taxonomy":"movement","embeddable":true,"href":"https:\/\/timedriven.de\/de\/wp-json\/wp\/v2\/movement?post=15463"},{"taxonomy":"brands","embeddable":true,"href":"https:\/\/timedriven.de\/de\/wp-json\/wp\/v2\/brands?post=15463"}],"curies":[{"name":"wp","href":"https:\/\/api.w.org\/{rel}","templated":true}]}}