{"id":17592,"date":"2023-12-20T17:15:37","date_gmt":"2023-12-20T15:15:37","guid":{"rendered":"https:\/\/timedriven.de\/?post_type=product&#038;p=17592"},"modified":"2024-10-03T19:55:58","modified_gmt":"2024-10-03T17:55:58","slug":"iwc-timezoner-le-petit-prince-edition-limited-new","status":"publish","type":"product","link":"https:\/\/timedriven.de\/de\/produkt\/iwc-timezoner-le-petit-prince-edition-limited-new\/","title":{"rendered":"IWC Timezoner"},"content":{"rendered":"","protected":false},"excerpt":{"rendered":"<p>Begeben Sie sich mit der IWC Timezoner Le Petit Prince auf ein Abenteuer in limitierter Auflage. Dieser Pr\u00e4zisionszeitmesser verf\u00fcgt \u00fcber eine innovative Timezoner-Funktion f\u00fcr den einfachen Wechsel zwischen den Zeitzonen. Mit ihrem bezaubernden blauen Zifferblatt und dem Emblem von Le Petit Prince ist sie nicht nur eine Uhr, sondern auch ein Reisepass f\u00fcr Entdeckungen. Sichern Sie sich jetzt Ihr Exemplar und werten Sie Ihr Handgelenk mit diesem Meisterwerk in limitierter Auflage auf.<\/p>\n","protected":false},"featured_media":24250,"template":"","meta":[],"product_brand":[],"product_cat":[572,571],"product_tag":[620],"watch-type":[625],"spare-parts---category":[],"included":[629],"condition":[631],"year-made":[842],"dial-color":[615],"watch-material":[613],"movement":[666],"brands":[594],"class_list":{"0":"post-17592","1":"product","2":"type-product","3":"status-publish","4":"has-post-thumbnail","6":"product_cat-uhren","7":"product_cat-unkategorisiert","8":"product_tag-herren","9":"watch-type-herren","10":"included-papers-de","11":"condition-neu","12":"year-made-2022-de","13":"dial-color-blau","14":"watch-material-edelstahl","15":"movement-automatisch","16":"brands-iwc-de","18":"first","19":"outofstock","20":"sold-individually","21":"purchasable","22":"product-type-simple"},"_links":{"self":[{"href":"https:\/\/timedriven.de\/de\/wp-json\/wp\/v2\/product\/17592","targetHints":{"allow":["GET"]}}],"collection":[{"href":"https:\/\/timedriven.de\/de\/wp-json\/wp\/v2\/product"}],"about":[{"href":"https:\/\/timedriven.de\/de\/wp-json\/wp\/v2\/types\/product"}],"wp:featuredmedia":[{"embeddable":true,"href":"https:\/\/timedriven.de\/de\/wp-json\/wp\/v2\/media\/24250"}],"wp:attachment":[{"href":"https:\/\/timedriven.de\/de\/wp-json\/wp\/v2\/media?parent=17592"}],"wp:term":[{"taxonomy":"product_brand","embeddable":true,"href":"https:\/\/timedriven.de\/de\/wp-json\/wp\/v2\/product_brand?post=17592"},{"taxonomy":"product_cat","embeddable":true,"href":"https:\/\/timedriven.de\/de\/wp-json\/wp\/v2\/product_cat?post=17592"},{"taxonomy":"product_tag","embeddable":true,"href":"https:\/\/timedriven.de\/de\/wp-json\/wp\/v2\/product_tag?post=17592"},{"taxonomy":"watch-type","embeddable":true,"href":"https:\/\/timedriven.de\/de\/wp-json\/wp\/v2\/watch-type?post=17592"},{"taxonomy":"spare-parts---category","embeddable":true,"href":"https:\/\/timedriven.de\/de\/wp-json\/wp\/v2\/spare-parts---category?post=17592"},{"taxonomy":"included","embeddable":true,"href":"https:\/\/timedriven.de\/de\/wp-json\/wp\/v2\/included?post=17592"},{"taxonomy":"condition","embeddable":true,"href":"https:\/\/timedriven.de\/de\/wp-json\/wp\/v2\/condition?post=17592"},{"taxonomy":"year-made","embeddable":true,"href":"https:\/\/timedriven.de\/de\/wp-json\/wp\/v2\/year-made?post=17592"},{"taxonomy":"dial-color","embeddable":true,"href":"https:\/\/timedriven.de\/de\/wp-json\/wp\/v2\/dial-color?post=17592"},{"taxonomy":"watch-material","embeddable":true,"href":"https:\/\/timedriven.de\/de\/wp-json\/wp\/v2\/watch-material?post=17592"},{"taxonomy":"movement","embeddable":true,"href":"https:\/\/timedriven.de\/de\/wp-json\/wp\/v2\/movement?post=17592"},{"taxonomy":"brands","embeddable":true,"href":"https:\/\/timedriven.de\/de\/wp-json\/wp\/v2\/brands?post=17592"}],"curies":[{"name":"wp","href":"https:\/\/api.w.org\/{rel}","templated":true}]}}