{"id":17801,"date":"2024-01-10T16:30:45","date_gmt":"2024-01-10T14:30:45","guid":{"rendered":"https:\/\/timedriven.de\/?post_type=product&#038;p=17801"},"modified":"2024-10-03T19:55:56","modified_gmt":"2024-10-03T17:55:56","slug":"patek-philippe-ellipse-3548-blaues-sigma-zifferblatt-18k-weis-gold","status":"publish","type":"product","link":"https:\/\/timedriven.de\/de\/produkt\/patek-philippe-ellipse-3548-blaues-sigma-zifferblatt-18k-weis-gold\/","title":{"rendered":"Patek Philippe Ellipse 3548 Blau Sigma Zifferblatt 18K Wei\u00dfgold"},"content":{"rendered":"","protected":false},"excerpt":{"rendered":"<p>Wir pr\u00e4sentieren die Patek Philippe Ellipse 3548 in 18 Karat Wei\u00dfgold mit blauem Sigma-Zifferblatt. Dieser ikonische Zeitmesser verbindet nahtlos klassisches Design mit moderner Eleganz. Erh\u00f6hen Sie Ihre Eleganz mit der zeitlosen Anziehungskraft der Handwerkskunst von Patek Philippe &#8211; ein Symbol f\u00fcr dauerhaften Stil und sorgf\u00e4ltiges Design.<\/p>\n","protected":false},"featured_media":21368,"template":"","meta":[],"product_brand":[],"product_cat":[572,571],"product_tag":[],"watch-type":[626,625],"spare-parts---category":[],"included":[629],"condition":[600],"year-made":[632],"dial-color":[615],"watch-material":[1490],"movement":[667],"brands":[597],"class_list":{"0":"post-17801","1":"product","2":"type-product","3":"status-publish","4":"has-post-thumbnail","6":"product_cat-uhren","7":"product_cat-unkategorisiert","8":"watch-type-damen","9":"watch-type-herren","10":"included-papers-de","11":"condition-gebraucht","12":"year-made-1970-de","13":"dial-color-blau","14":"watch-material-18k-weisgold","15":"movement-handaufzug","16":"brands-patek-philippe-de","18":"first","19":"outofstock","20":"sold-individually","21":"purchasable","22":"product-type-simple"},"_links":{"self":[{"href":"https:\/\/timedriven.de\/de\/wp-json\/wp\/v2\/product\/17801","targetHints":{"allow":["GET"]}}],"collection":[{"href":"https:\/\/timedriven.de\/de\/wp-json\/wp\/v2\/product"}],"about":[{"href":"https:\/\/timedriven.de\/de\/wp-json\/wp\/v2\/types\/product"}],"wp:featuredmedia":[{"embeddable":true,"href":"https:\/\/timedriven.de\/de\/wp-json\/wp\/v2\/media\/21368"}],"wp:attachment":[{"href":"https:\/\/timedriven.de\/de\/wp-json\/wp\/v2\/media?parent=17801"}],"wp:term":[{"taxonomy":"product_brand","embeddable":true,"href":"https:\/\/timedriven.de\/de\/wp-json\/wp\/v2\/product_brand?post=17801"},{"taxonomy":"product_cat","embeddable":true,"href":"https:\/\/timedriven.de\/de\/wp-json\/wp\/v2\/product_cat?post=17801"},{"taxonomy":"product_tag","embeddable":true,"href":"https:\/\/timedriven.de\/de\/wp-json\/wp\/v2\/product_tag?post=17801"},{"taxonomy":"watch-type","embeddable":true,"href":"https:\/\/timedriven.de\/de\/wp-json\/wp\/v2\/watch-type?post=17801"},{"taxonomy":"spare-parts---category","embeddable":true,"href":"https:\/\/timedriven.de\/de\/wp-json\/wp\/v2\/spare-parts---category?post=17801"},{"taxonomy":"included","embeddable":true,"href":"https:\/\/timedriven.de\/de\/wp-json\/wp\/v2\/included?post=17801"},{"taxonomy":"condition","embeddable":true,"href":"https:\/\/timedriven.de\/de\/wp-json\/wp\/v2\/condition?post=17801"},{"taxonomy":"year-made","embeddable":true,"href":"https:\/\/timedriven.de\/de\/wp-json\/wp\/v2\/year-made?post=17801"},{"taxonomy":"dial-color","embeddable":true,"href":"https:\/\/timedriven.de\/de\/wp-json\/wp\/v2\/dial-color?post=17801"},{"taxonomy":"watch-material","embeddable":true,"href":"https:\/\/timedriven.de\/de\/wp-json\/wp\/v2\/watch-material?post=17801"},{"taxonomy":"movement","embeddable":true,"href":"https:\/\/timedriven.de\/de\/wp-json\/wp\/v2\/movement?post=17801"},{"taxonomy":"brands","embeddable":true,"href":"https:\/\/timedriven.de\/de\/wp-json\/wp\/v2\/brands?post=17801"}],"curies":[{"name":"wp","href":"https:\/\/api.w.org\/{rel}","templated":true}]}}