{"id":18452,"date":"2024-02-02T15:42:49","date_gmt":"2024-02-02T13:42:49","guid":{"rendered":"https:\/\/timedriven.de\/?post_type=product&#038;p=18452"},"modified":"2024-10-03T19:55:52","modified_gmt":"2024-10-03T17:55:52","slug":"rolex-submariner-date-41-126613lb-2022","status":"publish","type":"product","link":"https:\/\/timedriven.de\/de\/produkt\/rolex-submariner-date-41-126613lb-2022\/","title":{"rendered":"Rolex Submariner Date 41 126613LB 2022"},"content":{"rendered":"","protected":false},"excerpt":{"rendered":"<div class=\"group w-full text-token-text-primary border-b border-black\/10 gizmo:border-0 dark:border-gray-900\/50 gizmo:dark:border-0 bg-gray-50 gizmo:bg-transparent dark:bg-[#444654] gizmo:dark:bg-transparent\" data-testid=\"conversation-turn-69\">\n<div class=\"p-4 gizmo:py-2 justify-center text-base md:gap-6 md:py-6 m-auto\">\n<div class=\"flex flex-1 gap-4 text-base mx-auto md:gap-6 gizmo:gap-3 gizmo:md:px-5 gizmo:lg:px-1 gizmo:xl:px-5 md:max-w-2xl lg:max-w-[38rem] gizmo:md:max-w-3xl gizmo:lg:max-w-[40rem] gizmo:xl:max-w-[48rem] xl:max-w-3xl }\">\n<div class=\"relative flex w-[calc(100%-50px)] flex-col gizmo:w-full lg:w-[calc(100%-115px)] agent-turn\">\n<div class=\"flex-col gap-1 md:gap-3\">\n<div class=\"flex flex-grow flex-col max-w-full gap-3 gizmo:gap-0\">\n<div class=\"min-h-[20px] flex flex-col items-start gap-3 whitespace-pre-wrap break-words overflow-x-auto\" data-message-author-role=\"assistant\" data-message-id=\"20cf6e0c-7397-428c-8a97-e5e4f6c2fa00\">\n<div class=\"markdown prose w-full break-words dark:prose-invert light\">\n<p>Tauchen Sie mit der Rolex Submariner Date 41 in die Tiefen der Welt ein: Tauchen Sie ein in den Luxus mit der kultigen Rolex Submariner Date 41, einer perfekten Mischung aus Stil und Funktionalit\u00e4t. Zeitlose Eleganz: Mit ihrem fesselnden blauen Zifferblatt und der L\u00fcnette ist diese Edition 2022 ein Zeugnis f\u00fcr die anhaltende Designkompetenz von Rolex. Vielseitige Raffinesse: Mit einem Zeitmesser, der Raffinesse ausstrahlt, k\u00f6nnen Sie nahtlos vom Sitzungssaal zu Unterwasserabenteuern \u00fcbergehen. Entfesselte Pr\u00e4zision: Die Submariner Date 41 ist mit der modernsten Technologie von Rolex ausgestattet und garantiert Pr\u00e4zision und Leistung mit jedem Ticken. Limitierte Auflage mit Charme: Sichern Sie sich Ihr exklusives St\u00fcck Uhrmacherkunst mit der Rolex Submariner Date 41 (126613LB) aus dem Jahr 2022.<\/p>\n<\/div>\n<\/div>\n<\/div>\n<\/div>\n<\/div>\n<\/div>\n<\/div>\n<\/div>\n","protected":false},"featured_media":18454,"template":"","meta":[],"product_brand":[],"product_cat":[572,571],"product_tag":[620],"watch-type":[625],"spare-parts---category":[],"included":[],"condition":[600],"year-made":[842],"dial-color":[615],"watch-material":[662],"movement":[666],"brands":[598],"class_list":{"0":"post-18452","1":"product","2":"type-product","3":"status-publish","4":"has-post-thumbnail","6":"product_cat-uhren","7":"product_cat-unkategorisiert","8":"product_tag-herren","9":"watch-type-herren","10":"condition-gebraucht","11":"year-made-2022-de","12":"dial-color-blau","13":"watch-material-edelstahl-gold","14":"movement-automatisch","15":"brands-rolex-de","17":"first","18":"outofstock","19":"sold-individually","20":"purchasable","21":"product-type-simple"},"_links":{"self":[{"href":"https:\/\/timedriven.de\/de\/wp-json\/wp\/v2\/product\/18452","targetHints":{"allow":["GET"]}}],"collection":[{"href":"https:\/\/timedriven.de\/de\/wp-json\/wp\/v2\/product"}],"about":[{"href":"https:\/\/timedriven.de\/de\/wp-json\/wp\/v2\/types\/product"}],"wp:featuredmedia":[{"embeddable":true,"href":"https:\/\/timedriven.de\/de\/wp-json\/wp\/v2\/media\/18454"}],"wp:attachment":[{"href":"https:\/\/timedriven.de\/de\/wp-json\/wp\/v2\/media?parent=18452"}],"wp:term":[{"taxonomy":"product_brand","embeddable":true,"href":"https:\/\/timedriven.de\/de\/wp-json\/wp\/v2\/product_brand?post=18452"},{"taxonomy":"product_cat","embeddable":true,"href":"https:\/\/timedriven.de\/de\/wp-json\/wp\/v2\/product_cat?post=18452"},{"taxonomy":"product_tag","embeddable":true,"href":"https:\/\/timedriven.de\/de\/wp-json\/wp\/v2\/product_tag?post=18452"},{"taxonomy":"watch-type","embeddable":true,"href":"https:\/\/timedriven.de\/de\/wp-json\/wp\/v2\/watch-type?post=18452"},{"taxonomy":"spare-parts---category","embeddable":true,"href":"https:\/\/timedriven.de\/de\/wp-json\/wp\/v2\/spare-parts---category?post=18452"},{"taxonomy":"included","embeddable":true,"href":"https:\/\/timedriven.de\/de\/wp-json\/wp\/v2\/included?post=18452"},{"taxonomy":"condition","embeddable":true,"href":"https:\/\/timedriven.de\/de\/wp-json\/wp\/v2\/condition?post=18452"},{"taxonomy":"year-made","embeddable":true,"href":"https:\/\/timedriven.de\/de\/wp-json\/wp\/v2\/year-made?post=18452"},{"taxonomy":"dial-color","embeddable":true,"href":"https:\/\/timedriven.de\/de\/wp-json\/wp\/v2\/dial-color?post=18452"},{"taxonomy":"watch-material","embeddable":true,"href":"https:\/\/timedriven.de\/de\/wp-json\/wp\/v2\/watch-material?post=18452"},{"taxonomy":"movement","embeddable":true,"href":"https:\/\/timedriven.de\/de\/wp-json\/wp\/v2\/movement?post=18452"},{"taxonomy":"brands","embeddable":true,"href":"https:\/\/timedriven.de\/de\/wp-json\/wp\/v2\/brands?post=18452"}],"curies":[{"name":"wp","href":"https:\/\/api.w.org\/{rel}","templated":true}]}}