{"id":18476,"date":"2024-02-02T16:14:04","date_gmt":"2024-02-02T14:14:04","guid":{"rendered":"https:\/\/timedriven.de\/?post_type=product&#038;p=18476"},"modified":"2024-10-03T19:55:52","modified_gmt":"2024-10-03T17:55:52","slug":"rolex-oyster-perpetual-41-124300","status":"publish","type":"product","link":"https:\/\/timedriven.de\/de\/produkt\/rolex-oyster-perpetual-41-124300\/","title":{"rendered":"Rolex Oyster Perpetual 41 124300"},"content":{"rendered":"","protected":false},"excerpt":{"rendered":"<p>Erh\u00f6hen Sie Ihren Stil mit der Rolex Oyster Perpetual 41 &#8211; Ref. 124300. Zeitlose Eleganz: Erleben Sie den Inbegriff von Eleganz mit dem eleganten Design und der raffinierten Handwerkskunst der Rolex Oyster Perpetual 41. Klassische Vielseitigkeit: Die minimalistische \u00c4sthetik und die vielseitigen Zifferblattoptionen machen diesen Zeitmesser f\u00fcr jede Gelegenheit geeignet, von leger bis formell. Unerreichte Pr\u00e4zision: Dank der fortschrittlichen Technologie von Rolex gew\u00e4hrleistet die Oyster Perpetual 41 eine unvergleichliche Genauigkeit und Zuverl\u00e4ssigkeit. Best\u00e4ndiges Erbe: Machen Sie sich das dauerhafte Erbe von Rolex zu eigen &#8211; mit einem Zeitmesser, der sich \u00fcber Trends hinwegsetzt und die Zeit \u00fcberdauert. Begrenzte Verf\u00fcgbarkeit: Sichern Sie sich mit der Rolex Oyster Perpetual 41 einen Platz in der Spitzenklasse der Uhrmacherei. Handeln Sie jetzt, denn die M\u00f6glichkeiten sind begrenzt.<\/p>\n","protected":false},"featured_media":18502,"template":"","meta":[],"product_brand":[],"product_cat":[572,571],"product_tag":[],"watch-type":[626,625],"spare-parts---category":[],"included":[],"condition":[631],"year-made":[838],"dial-color":[601],"watch-material":[613],"movement":[666],"brands":[598],"class_list":{"0":"post-18476","1":"product","2":"type-product","3":"status-publish","4":"has-post-thumbnail","6":"product_cat-uhren","7":"product_cat-unkategorisiert","8":"watch-type-damen","9":"watch-type-herren","10":"condition-neu","11":"year-made-2023-de","12":"dial-color-schwarz","13":"watch-material-edelstahl","14":"movement-automatisch","15":"brands-rolex-de","17":"first","18":"outofstock","19":"sale","20":"sold-individually","21":"purchasable","22":"product-type-simple"},"_links":{"self":[{"href":"https:\/\/timedriven.de\/de\/wp-json\/wp\/v2\/product\/18476","targetHints":{"allow":["GET"]}}],"collection":[{"href":"https:\/\/timedriven.de\/de\/wp-json\/wp\/v2\/product"}],"about":[{"href":"https:\/\/timedriven.de\/de\/wp-json\/wp\/v2\/types\/product"}],"wp:featuredmedia":[{"embeddable":true,"href":"https:\/\/timedriven.de\/de\/wp-json\/wp\/v2\/media\/18502"}],"wp:attachment":[{"href":"https:\/\/timedriven.de\/de\/wp-json\/wp\/v2\/media?parent=18476"}],"wp:term":[{"taxonomy":"product_brand","embeddable":true,"href":"https:\/\/timedriven.de\/de\/wp-json\/wp\/v2\/product_brand?post=18476"},{"taxonomy":"product_cat","embeddable":true,"href":"https:\/\/timedriven.de\/de\/wp-json\/wp\/v2\/product_cat?post=18476"},{"taxonomy":"product_tag","embeddable":true,"href":"https:\/\/timedriven.de\/de\/wp-json\/wp\/v2\/product_tag?post=18476"},{"taxonomy":"watch-type","embeddable":true,"href":"https:\/\/timedriven.de\/de\/wp-json\/wp\/v2\/watch-type?post=18476"},{"taxonomy":"spare-parts---category","embeddable":true,"href":"https:\/\/timedriven.de\/de\/wp-json\/wp\/v2\/spare-parts---category?post=18476"},{"taxonomy":"included","embeddable":true,"href":"https:\/\/timedriven.de\/de\/wp-json\/wp\/v2\/included?post=18476"},{"taxonomy":"condition","embeddable":true,"href":"https:\/\/timedriven.de\/de\/wp-json\/wp\/v2\/condition?post=18476"},{"taxonomy":"year-made","embeddable":true,"href":"https:\/\/timedriven.de\/de\/wp-json\/wp\/v2\/year-made?post=18476"},{"taxonomy":"dial-color","embeddable":true,"href":"https:\/\/timedriven.de\/de\/wp-json\/wp\/v2\/dial-color?post=18476"},{"taxonomy":"watch-material","embeddable":true,"href":"https:\/\/timedriven.de\/de\/wp-json\/wp\/v2\/watch-material?post=18476"},{"taxonomy":"movement","embeddable":true,"href":"https:\/\/timedriven.de\/de\/wp-json\/wp\/v2\/movement?post=18476"},{"taxonomy":"brands","embeddable":true,"href":"https:\/\/timedriven.de\/de\/wp-json\/wp\/v2\/brands?post=18476"}],"curies":[{"name":"wp","href":"https:\/\/api.w.org\/{rel}","templated":true}]}}