{"id":18596,"date":"2024-02-03T14:01:06","date_gmt":"2024-02-03T12:01:06","guid":{"rendered":"https:\/\/timedriven.de\/?post_type=product&#038;p=18596"},"modified":"2024-10-03T19:55:51","modified_gmt":"2024-10-03T17:55:51","slug":"a-lange-und-sohne-1-101-032","status":"publish","type":"product","link":"https:\/\/timedriven.de\/de\/produkt\/a-lange-und-sohne-1-101-032\/","title":{"rendered":"A. Lange und S\u00f6hne Lange 1 101.032"},"content":{"rendered":"","protected":false},"excerpt":{"rendered":"<div class=\"group w-full text-token-text-primary border-b border-black\/10 dark:border-gray-900\/50 bg-gray-50 dark:bg-[#444654]\">\n<div class=\"flex p-4 gap-4 text-base md:gap-6 md:max-w-2xl lg:max-w-[38rem] xl:max-w-3xl md:py-6 lg:px-0 m-auto\">\n<div class=\"relative flex w-[calc(100%-50px)] flex-col gap-1 md:gap-3 lg:w-[calc(100%-115px)]\">\n<div class=\"flex flex-grow flex-col gap-3\">\n<div class=\"min-h-[20px] flex flex-col items-start gap-3 overflow-x-auto whitespace-pre-wrap break-words\">\n<div class=\"markdown prose w-full break-words dark:prose-invert light\">\n<p>Treten Sie ein in die Welt der uhrmacherischen Exzellenz mit der A. Lange und S\u00f6hne Lange 1, einem prestigetr\u00e4chtigen Zeitmesser, der die Essenz der deutschen Handwerkskunst verk\u00f6rpert. Diese ikonische Uhr wurde urspr\u00fcnglich im Jahr 2002 verkauft und wartet nun auf einen anspruchsvollen Liebhaber, der sie in seine Obhut nimmt. Die Lange 1 wird von den geschickten H\u00e4nden der Uhrmachermeister in Glash\u00fctte, Deutschland, gefertigt und ist ein Zeugnis f\u00fcr Pr\u00e4zision und Raffinesse. Die Uhr wird mit den Originalpapieren und -brosch\u00fcren geliefert, ein seltener Fund, der die Authentizit\u00e4t und Vollst\u00e4ndigkeit Ihres Besitzes zus\u00e4tzlich unterstreicht. Erforschen Sie die Geschichte und die Feinheiten Ihres Lange 1 anhand der mitgelieferten Dokumentation. Angetrieben von einem au\u00dfergew\u00f6hnlichen mechanischen Uhrwerk, garantiert die Lange 1 Genauigkeit und Zuverl\u00e4ssigkeit. Die filigranen Details des Zifferblatts, die Pr\u00e4zision der Zeiger und die Qualit\u00e4t der verwendeten Materialien sprechen B\u00e4nde \u00fcber die Hingabe, mit der dieses uhrmacherische Meisterwerk geschaffen wurde.<\/p>\n<\/div>\n<\/div>\n<\/div>\n<\/div>\n<\/div>\n<\/div>\n","protected":false},"featured_media":31843,"template":"","meta":[],"product_brand":[],"product_cat":[572,571],"product_tag":[620],"watch-type":[625],"spare-parts---category":[],"included":[629],"condition":[600],"year-made":[647],"dial-color":[658],"watch-material":[1695],"movement":[666],"brands":[982],"class_list":{"0":"post-18596","1":"product","2":"type-product","3":"status-publish","4":"has-post-thumbnail","6":"product_cat-uhren","7":"product_cat-unkategorisiert","8":"product_tag-herren","9":"watch-type-herren","10":"included-papers-de","11":"condition-gebraucht","12":"year-made-2002-de","13":"dial-color-silber","14":"watch-material-silber","15":"movement-automatisch","16":"brands-a-lange-und-sohne-de","18":"first","19":"outofstock","20":"sold-individually","21":"purchasable","22":"product-type-simple"},"_links":{"self":[{"href":"https:\/\/timedriven.de\/de\/wp-json\/wp\/v2\/product\/18596","targetHints":{"allow":["GET"]}}],"collection":[{"href":"https:\/\/timedriven.de\/de\/wp-json\/wp\/v2\/product"}],"about":[{"href":"https:\/\/timedriven.de\/de\/wp-json\/wp\/v2\/types\/product"}],"wp:featuredmedia":[{"embeddable":true,"href":"https:\/\/timedriven.de\/de\/wp-json\/wp\/v2\/media\/31843"}],"wp:attachment":[{"href":"https:\/\/timedriven.de\/de\/wp-json\/wp\/v2\/media?parent=18596"}],"wp:term":[{"taxonomy":"product_brand","embeddable":true,"href":"https:\/\/timedriven.de\/de\/wp-json\/wp\/v2\/product_brand?post=18596"},{"taxonomy":"product_cat","embeddable":true,"href":"https:\/\/timedriven.de\/de\/wp-json\/wp\/v2\/product_cat?post=18596"},{"taxonomy":"product_tag","embeddable":true,"href":"https:\/\/timedriven.de\/de\/wp-json\/wp\/v2\/product_tag?post=18596"},{"taxonomy":"watch-type","embeddable":true,"href":"https:\/\/timedriven.de\/de\/wp-json\/wp\/v2\/watch-type?post=18596"},{"taxonomy":"spare-parts---category","embeddable":true,"href":"https:\/\/timedriven.de\/de\/wp-json\/wp\/v2\/spare-parts---category?post=18596"},{"taxonomy":"included","embeddable":true,"href":"https:\/\/timedriven.de\/de\/wp-json\/wp\/v2\/included?post=18596"},{"taxonomy":"condition","embeddable":true,"href":"https:\/\/timedriven.de\/de\/wp-json\/wp\/v2\/condition?post=18596"},{"taxonomy":"year-made","embeddable":true,"href":"https:\/\/timedriven.de\/de\/wp-json\/wp\/v2\/year-made?post=18596"},{"taxonomy":"dial-color","embeddable":true,"href":"https:\/\/timedriven.de\/de\/wp-json\/wp\/v2\/dial-color?post=18596"},{"taxonomy":"watch-material","embeddable":true,"href":"https:\/\/timedriven.de\/de\/wp-json\/wp\/v2\/watch-material?post=18596"},{"taxonomy":"movement","embeddable":true,"href":"https:\/\/timedriven.de\/de\/wp-json\/wp\/v2\/movement?post=18596"},{"taxonomy":"brands","embeddable":true,"href":"https:\/\/timedriven.de\/de\/wp-json\/wp\/v2\/brands?post=18596"}],"curies":[{"name":"wp","href":"https:\/\/api.w.org\/{rel}","templated":true}]}}