{"id":18721,"date":"2024-02-03T16:44:38","date_gmt":"2024-02-03T14:44:38","guid":{"rendered":"https:\/\/timedriven.de\/?post_type=product&#038;p=18721"},"modified":"2024-10-03T19:50:30","modified_gmt":"2024-10-03T17:50:30","slug":"rolex-oyster-perpetual-41-124300-blue","status":"publish","type":"product","link":"https:\/\/timedriven.de\/de\/produkt\/rolex-oyster-perpetual-41-124300-blue\/","title":{"rendered":"Rolex Oyster Perpetual 41 124300 Blau"},"content":{"rendered":"","protected":false},"excerpt":{"rendered":"<p>Die Rolex Oyster Perpetual 41 ist ein uhrmacherisches Meisterwerk, das Pr\u00e4zisionstechnik mit unvergleichlichem Stil verbindet. Die Edition 2023 besticht durch ihr blaues Zifferblatt und ist damit eine hervorragende Wahl f\u00fcr den anspruchsvollen Sammler.<\/p>\n<p>Die von Rolex sorgf\u00e4ltig gefertigte Oyster Perpetual 41 ist ein Zeugnis f\u00fcr das Engagement der Marke f\u00fcr Pr\u00e4zision und Qualit\u00e4t. Jedes Detail spiegelt das Erbe der Exzellenz wider, f\u00fcr das Rolex steht.<\/p>\n<p>Das leuchtend blaue Zifferblatt verleiht diesem Zeitmesser einen Hauch von Raffinesse und verleiht ihm einen zeitlosen und zugleich modernen Charme. Eine eindrucksvolle Wahl f\u00fcr alle, die eine raffinierte \u00c4sthetik sch\u00e4tzen. Mit diesem kompletten Set, das auch die Originalschachtel und die Papiere enth\u00e4lt, wird Ihr Besitz zu einem besonderen Erlebnis. Die Authentizit\u00e4t und Vollst\u00e4ndigkeit dieser Rolex Oyster Perpetual 41 aus dem Jahr 2023 sind f\u00fcr den aufmerksamen Sammler erhalten.<\/p>\n","protected":false},"featured_media":18773,"template":"","meta":[],"product_brand":[],"product_cat":[572,571],"product_tag":[620],"watch-type":[625],"spare-parts---category":[],"included":[629],"condition":[600],"year-made":[838],"dial-color":[615],"watch-material":[613],"movement":[666],"brands":[598],"class_list":{"0":"post-18721","1":"product","2":"type-product","3":"status-publish","4":"has-post-thumbnail","6":"product_cat-uhren","7":"product_cat-unkategorisiert","8":"product_tag-herren","9":"watch-type-herren","10":"included-papers-de","11":"condition-gebraucht","12":"year-made-2023-de","13":"dial-color-blau","14":"watch-material-edelstahl","15":"movement-automatisch","16":"brands-rolex-de","18":"first","19":"outofstock","20":"sold-individually","21":"purchasable","22":"product-type-simple"},"_links":{"self":[{"href":"https:\/\/timedriven.de\/de\/wp-json\/wp\/v2\/product\/18721","targetHints":{"allow":["GET"]}}],"collection":[{"href":"https:\/\/timedriven.de\/de\/wp-json\/wp\/v2\/product"}],"about":[{"href":"https:\/\/timedriven.de\/de\/wp-json\/wp\/v2\/types\/product"}],"wp:featuredmedia":[{"embeddable":true,"href":"https:\/\/timedriven.de\/de\/wp-json\/wp\/v2\/media\/18773"}],"wp:attachment":[{"href":"https:\/\/timedriven.de\/de\/wp-json\/wp\/v2\/media?parent=18721"}],"wp:term":[{"taxonomy":"product_brand","embeddable":true,"href":"https:\/\/timedriven.de\/de\/wp-json\/wp\/v2\/product_brand?post=18721"},{"taxonomy":"product_cat","embeddable":true,"href":"https:\/\/timedriven.de\/de\/wp-json\/wp\/v2\/product_cat?post=18721"},{"taxonomy":"product_tag","embeddable":true,"href":"https:\/\/timedriven.de\/de\/wp-json\/wp\/v2\/product_tag?post=18721"},{"taxonomy":"watch-type","embeddable":true,"href":"https:\/\/timedriven.de\/de\/wp-json\/wp\/v2\/watch-type?post=18721"},{"taxonomy":"spare-parts---category","embeddable":true,"href":"https:\/\/timedriven.de\/de\/wp-json\/wp\/v2\/spare-parts---category?post=18721"},{"taxonomy":"included","embeddable":true,"href":"https:\/\/timedriven.de\/de\/wp-json\/wp\/v2\/included?post=18721"},{"taxonomy":"condition","embeddable":true,"href":"https:\/\/timedriven.de\/de\/wp-json\/wp\/v2\/condition?post=18721"},{"taxonomy":"year-made","embeddable":true,"href":"https:\/\/timedriven.de\/de\/wp-json\/wp\/v2\/year-made?post=18721"},{"taxonomy":"dial-color","embeddable":true,"href":"https:\/\/timedriven.de\/de\/wp-json\/wp\/v2\/dial-color?post=18721"},{"taxonomy":"watch-material","embeddable":true,"href":"https:\/\/timedriven.de\/de\/wp-json\/wp\/v2\/watch-material?post=18721"},{"taxonomy":"movement","embeddable":true,"href":"https:\/\/timedriven.de\/de\/wp-json\/wp\/v2\/movement?post=18721"},{"taxonomy":"brands","embeddable":true,"href":"https:\/\/timedriven.de\/de\/wp-json\/wp\/v2\/brands?post=18721"}],"curies":[{"name":"wp","href":"https:\/\/api.w.org\/{rel}","templated":true}]}}