{"id":18851,"date":"2024-02-06T21:39:22","date_gmt":"2024-02-06T19:39:22","guid":{"rendered":"https:\/\/timedriven.de\/?post_type=product&#038;p=18851"},"modified":"2024-10-03T19:50:28","modified_gmt":"2024-10-03T17:50:28","slug":"rolex-datejust-41-wimbeldon-126300-new","status":"publish","type":"product","link":"https:\/\/timedriven.de\/de\/produkt\/rolex-datejust-41-wimbeldon-126300-new\/","title":{"rendered":"Rolex Datejust 41 Wimbeldon NEU 2024"},"content":{"rendered":"","protected":false},"excerpt":{"rendered":"<p>Wir stellen Ihnen die Rolex Datejust 41 vor, brandneu ab Januar 2024, pr\u00e4sentiert als komplettes Set inklusive der Originalbrosch\u00fcren in deutscher Sprache. Dieser exquisite Zeitmesser verk\u00f6rpert die perfekte Verschmelzung von zeitloser Eleganz und Spitzentechnologie und setzt einen neuen Standard in der Uhrmacherkunst.<\/p>\n<p>Ausgestattet mit dem hochmodernen Rolex-Kaliberwerk bietet die Datejust 41 unvergleichliche Pr\u00e4zision und Zuverl\u00e4ssigkeit und sorgt daf\u00fcr, dass Sie immer die perfekte Zeit haben. Ihre robuste Konstruktion und Wasserfestigkeit machen sie zum idealen Begleiter f\u00fcr jedes Abenteuer, w\u00e4hrend ihr zeitloses Design daf\u00fcr sorgt, dass sie \u00fcber Generationen hinweg ein gesch\u00e4tztes Erbst\u00fcck bleibt.<\/p>\n","protected":false},"featured_media":18875,"template":"","meta":[],"product_brand":[],"product_cat":[572,571],"product_tag":[620],"watch-type":[625],"spare-parts---category":[],"included":[629],"condition":[631],"year-made":[1643],"dial-color":[654],"watch-material":[613],"movement":[666],"brands":[598],"class_list":{"0":"post-18851","1":"product","2":"type-product","3":"status-publish","4":"has-post-thumbnail","6":"product_cat-uhren","7":"product_cat-unkategorisiert","8":"product_tag-herren","9":"watch-type-herren","10":"included-papers-de","11":"condition-neu","12":"year-made-2024-de","13":"dial-color-grau","14":"watch-material-edelstahl","15":"movement-automatisch","16":"brands-rolex-de","18":"first","19":"outofstock","20":"sold-individually","21":"purchasable","22":"product-type-simple"},"_links":{"self":[{"href":"https:\/\/timedriven.de\/de\/wp-json\/wp\/v2\/product\/18851","targetHints":{"allow":["GET"]}}],"collection":[{"href":"https:\/\/timedriven.de\/de\/wp-json\/wp\/v2\/product"}],"about":[{"href":"https:\/\/timedriven.de\/de\/wp-json\/wp\/v2\/types\/product"}],"wp:featuredmedia":[{"embeddable":true,"href":"https:\/\/timedriven.de\/de\/wp-json\/wp\/v2\/media\/18875"}],"wp:attachment":[{"href":"https:\/\/timedriven.de\/de\/wp-json\/wp\/v2\/media?parent=18851"}],"wp:term":[{"taxonomy":"product_brand","embeddable":true,"href":"https:\/\/timedriven.de\/de\/wp-json\/wp\/v2\/product_brand?post=18851"},{"taxonomy":"product_cat","embeddable":true,"href":"https:\/\/timedriven.de\/de\/wp-json\/wp\/v2\/product_cat?post=18851"},{"taxonomy":"product_tag","embeddable":true,"href":"https:\/\/timedriven.de\/de\/wp-json\/wp\/v2\/product_tag?post=18851"},{"taxonomy":"watch-type","embeddable":true,"href":"https:\/\/timedriven.de\/de\/wp-json\/wp\/v2\/watch-type?post=18851"},{"taxonomy":"spare-parts---category","embeddable":true,"href":"https:\/\/timedriven.de\/de\/wp-json\/wp\/v2\/spare-parts---category?post=18851"},{"taxonomy":"included","embeddable":true,"href":"https:\/\/timedriven.de\/de\/wp-json\/wp\/v2\/included?post=18851"},{"taxonomy":"condition","embeddable":true,"href":"https:\/\/timedriven.de\/de\/wp-json\/wp\/v2\/condition?post=18851"},{"taxonomy":"year-made","embeddable":true,"href":"https:\/\/timedriven.de\/de\/wp-json\/wp\/v2\/year-made?post=18851"},{"taxonomy":"dial-color","embeddable":true,"href":"https:\/\/timedriven.de\/de\/wp-json\/wp\/v2\/dial-color?post=18851"},{"taxonomy":"watch-material","embeddable":true,"href":"https:\/\/timedriven.de\/de\/wp-json\/wp\/v2\/watch-material?post=18851"},{"taxonomy":"movement","embeddable":true,"href":"https:\/\/timedriven.de\/de\/wp-json\/wp\/v2\/movement?post=18851"},{"taxonomy":"brands","embeddable":true,"href":"https:\/\/timedriven.de\/de\/wp-json\/wp\/v2\/brands?post=18851"}],"curies":[{"name":"wp","href":"https:\/\/api.w.org\/{rel}","templated":true}]}}