{"id":18929,"date":"2024-02-06T22:31:40","date_gmt":"2024-02-06T20:31:40","guid":{"rendered":"https:\/\/timedriven.de\/?post_type=product&#038;p=18929"},"modified":"2024-10-03T19:50:28","modified_gmt":"2024-10-03T17:50:28","slug":"cartier-tank-americaine-1720","status":"publish","type":"product","link":"https:\/\/timedriven.de\/de\/produkt\/cartier-tank-americaine-1720\/","title":{"rendered":"Cartier Tank Am\u00e9ricaine 1720 18K Quarz"},"content":{"rendered":"","protected":false},"excerpt":{"rendered":"<div class=\"flex-1 overflow-hidden\">\n<div class=\"react-scroll-to-bottom--css-xqhdl-79elbk h-full\">\n<div class=\"react-scroll-to-bottom--css-xqhdl-1n7m0yu\">\n<div class=\"flex flex-col pb-9 text-sm\">\n<div class=\"w-full text-token-text-primary\" data-testid=\"conversation-turn-19\">\n<div class=\"px-4 py-2 justify-center text-base md:gap-6 m-auto\">\n<div class=\"flex flex-1 text-base mx-auto gap-3 md:px-5 lg:px-1 xl:px-5 md:max-w-3xl lg:max-w-[40rem] xl:max-w-[48rem] } group final-completion\">\n<div class=\"relative flex w-full flex-col lg:w-[calc(100%-115px)] agent-turn\">\n<div class=\"flex-col gap-1 md:gap-3\">\n<div class=\"flex flex-grow flex-col max-w-full\">\n<div class=\"min-h-[20px] text-message flex flex-col items-start gap-3 whitespace-pre-wrap break-words [.text-message+&amp;]:mt-5 overflow-x-auto\" data-message-author-role=\"assistant\" data-message-id=\"744094d4-2dd4-41d0-8828-671485a37445\">\n<div class=\"markdown prose w-full break-words dark:prose-invert light\">\n<p>Wir stellen Ihnen die Cartier Tank Am\u00e9ricaine mit der ber\u00fchmten Referenz 1720 vor, die um das Jahr 2000 herum entstand. Dieser ikonische Zeitmesser ist vom Geist der Eleganz und Raffinesse durchdrungen und verk\u00f6rpert die Essenz des Erbes und der Handwerkskunst von Cartier.<\/p>\n<p>Die mit viel Liebe zum Detail gefertigte Cartier Tank Am\u00e9ricaine Referenz 1720 verk\u00f6rpert mit ihrem eleganten und stromlinienf\u00f6rmigen Design den Inbegriff von schlichtem Luxus. Das markante rechteckige Geh\u00e4use, das von den Linien eines klassischen amerikanischen Panzers inspiriert ist, strahlt St\u00e4rke und Raffinesse aus.<\/p>\n<p>Dieser Zeitmesser wird von einem Pr\u00e4zisionsquarzwerk angetrieben und sorgt f\u00fcr eine zuverl\u00e4ssige und genaue Zeitmessung, damit Sie immer im Zeitplan bleiben. Die Cartier Tank Am\u00e9ricaine wird Ihren Stil mit ihrer unverwechselbaren Pr\u00e4senz unterstreichen, ganz gleich, ob Sie sie als Accessoire oder als Teil Ihrer Alltagsgarderobe tragen.<\/p>\n<\/div>\n<\/div>\n<\/div>\n<\/div>\n<\/div>\n<\/div>\n<\/div>\n<\/div>\n<\/div>\n<\/div>\n<\/div>\n<\/div>\n","protected":false},"featured_media":18945,"template":"","meta":[],"product_brand":[],"product_cat":[572,571],"product_tag":[620],"watch-type":[625],"spare-parts---category":[],"included":[1620],"condition":[600],"year-made":[614],"dial-color":[659],"watch-material":[1495],"movement":[666],"brands":[2180],"class_list":{"0":"post-18929","1":"product","2":"type-product","3":"status-publish","4":"has-post-thumbnail","6":"product_cat-uhren","7":"product_cat-unkategorisiert","8":"product_tag-herren","9":"watch-type-herren","10":"included-certificate-of-authenticity-de","11":"condition-gebraucht","12":"year-made-2000-de","13":"dial-color-weis","14":"watch-material-18k-gelbgold","15":"movement-automatisch","16":"brands-cartier-de","18":"first","19":"instock","20":"sold-individually","21":"purchasable","22":"product-type-simple"},"_links":{"self":[{"href":"https:\/\/timedriven.de\/de\/wp-json\/wp\/v2\/product\/18929","targetHints":{"allow":["GET"]}}],"collection":[{"href":"https:\/\/timedriven.de\/de\/wp-json\/wp\/v2\/product"}],"about":[{"href":"https:\/\/timedriven.de\/de\/wp-json\/wp\/v2\/types\/product"}],"wp:featuredmedia":[{"embeddable":true,"href":"https:\/\/timedriven.de\/de\/wp-json\/wp\/v2\/media\/18945"}],"wp:attachment":[{"href":"https:\/\/timedriven.de\/de\/wp-json\/wp\/v2\/media?parent=18929"}],"wp:term":[{"taxonomy":"product_brand","embeddable":true,"href":"https:\/\/timedriven.de\/de\/wp-json\/wp\/v2\/product_brand?post=18929"},{"taxonomy":"product_cat","embeddable":true,"href":"https:\/\/timedriven.de\/de\/wp-json\/wp\/v2\/product_cat?post=18929"},{"taxonomy":"product_tag","embeddable":true,"href":"https:\/\/timedriven.de\/de\/wp-json\/wp\/v2\/product_tag?post=18929"},{"taxonomy":"watch-type","embeddable":true,"href":"https:\/\/timedriven.de\/de\/wp-json\/wp\/v2\/watch-type?post=18929"},{"taxonomy":"spare-parts---category","embeddable":true,"href":"https:\/\/timedriven.de\/de\/wp-json\/wp\/v2\/spare-parts---category?post=18929"},{"taxonomy":"included","embeddable":true,"href":"https:\/\/timedriven.de\/de\/wp-json\/wp\/v2\/included?post=18929"},{"taxonomy":"condition","embeddable":true,"href":"https:\/\/timedriven.de\/de\/wp-json\/wp\/v2\/condition?post=18929"},{"taxonomy":"year-made","embeddable":true,"href":"https:\/\/timedriven.de\/de\/wp-json\/wp\/v2\/year-made?post=18929"},{"taxonomy":"dial-color","embeddable":true,"href":"https:\/\/timedriven.de\/de\/wp-json\/wp\/v2\/dial-color?post=18929"},{"taxonomy":"watch-material","embeddable":true,"href":"https:\/\/timedriven.de\/de\/wp-json\/wp\/v2\/watch-material?post=18929"},{"taxonomy":"movement","embeddable":true,"href":"https:\/\/timedriven.de\/de\/wp-json\/wp\/v2\/movement?post=18929"},{"taxonomy":"brands","embeddable":true,"href":"https:\/\/timedriven.de\/de\/wp-json\/wp\/v2\/brands?post=18929"}],"curies":[{"name":"wp","href":"https:\/\/api.w.org\/{rel}","templated":true}]}}