{"id":19293,"date":"2024-02-11T21:03:41","date_gmt":"2024-02-11T19:03:41","guid":{"rendered":"https:\/\/timedriven.de\/?post_type=product&#038;p=19293"},"modified":"2024-10-03T19:50:25","modified_gmt":"2024-10-03T17:50:25","slug":"rolex-datejust-36-1601","status":"publish","type":"product","link":"https:\/\/timedriven.de\/de\/produkt\/rolex-datejust-36-1601\/","title":{"rendered":"Rolex Datejust 36 1601"},"content":{"rendered":"","protected":false},"excerpt":{"rendered":"<p>Enth\u00fcllen Sie ein zeitloses Meisterwerk mit der Rolex Datejust 36, Referenz 1601, die urspr\u00fcnglich um das Jahr 1971 verkauft wurde. Die Datejust 36 verk\u00f6rpert die unverg\u00e4ngliche Eleganz von Rolex und verbindet Raffinesse mit Vielseitigkeit in einem zeitlosen Design. Tauchen Sie ein in den Glanz des Edelstahlgeh\u00e4uses und des Jubil\u00e4umsarmbands, die sowohl St\u00e4rke als auch raffinierte \u00c4sthetik symbolisieren. Die Datejust 36 wird von der Rolex-Pr\u00e4zisionstechnik angetrieben und gew\u00e4hrleistet eine pr\u00e4zise Zeitmessung, die den Ma\u00dfstab f\u00fcr uhrmacherische Spitzenleistungen setzt.<\/p>\n","protected":false},"featured_media":19329,"template":"","meta":[],"product_brand":[],"product_cat":[572,571],"product_tag":[620],"watch-type":[626,625],"spare-parts---category":[],"included":[],"condition":[600],"year-made":[1771],"dial-color":[658],"watch-material":[613],"movement":[666],"brands":[598],"class_list":{"0":"post-19293","1":"product","2":"type-product","3":"status-publish","4":"has-post-thumbnail","6":"product_cat-uhren","7":"product_cat-unkategorisiert","8":"product_tag-herren","9":"watch-type-damen","10":"watch-type-herren","11":"condition-gebraucht","12":"year-made-1971-de","13":"dial-color-silber","14":"watch-material-edelstahl","15":"movement-automatisch","16":"brands-rolex-de","18":"first","19":"outofstock","20":"sold-individually","21":"product-type-simple"},"_links":{"self":[{"href":"https:\/\/timedriven.de\/de\/wp-json\/wp\/v2\/product\/19293","targetHints":{"allow":["GET"]}}],"collection":[{"href":"https:\/\/timedriven.de\/de\/wp-json\/wp\/v2\/product"}],"about":[{"href":"https:\/\/timedriven.de\/de\/wp-json\/wp\/v2\/types\/product"}],"wp:featuredmedia":[{"embeddable":true,"href":"https:\/\/timedriven.de\/de\/wp-json\/wp\/v2\/media\/19329"}],"wp:attachment":[{"href":"https:\/\/timedriven.de\/de\/wp-json\/wp\/v2\/media?parent=19293"}],"wp:term":[{"taxonomy":"product_brand","embeddable":true,"href":"https:\/\/timedriven.de\/de\/wp-json\/wp\/v2\/product_brand?post=19293"},{"taxonomy":"product_cat","embeddable":true,"href":"https:\/\/timedriven.de\/de\/wp-json\/wp\/v2\/product_cat?post=19293"},{"taxonomy":"product_tag","embeddable":true,"href":"https:\/\/timedriven.de\/de\/wp-json\/wp\/v2\/product_tag?post=19293"},{"taxonomy":"watch-type","embeddable":true,"href":"https:\/\/timedriven.de\/de\/wp-json\/wp\/v2\/watch-type?post=19293"},{"taxonomy":"spare-parts---category","embeddable":true,"href":"https:\/\/timedriven.de\/de\/wp-json\/wp\/v2\/spare-parts---category?post=19293"},{"taxonomy":"included","embeddable":true,"href":"https:\/\/timedriven.de\/de\/wp-json\/wp\/v2\/included?post=19293"},{"taxonomy":"condition","embeddable":true,"href":"https:\/\/timedriven.de\/de\/wp-json\/wp\/v2\/condition?post=19293"},{"taxonomy":"year-made","embeddable":true,"href":"https:\/\/timedriven.de\/de\/wp-json\/wp\/v2\/year-made?post=19293"},{"taxonomy":"dial-color","embeddable":true,"href":"https:\/\/timedriven.de\/de\/wp-json\/wp\/v2\/dial-color?post=19293"},{"taxonomy":"watch-material","embeddable":true,"href":"https:\/\/timedriven.de\/de\/wp-json\/wp\/v2\/watch-material?post=19293"},{"taxonomy":"movement","embeddable":true,"href":"https:\/\/timedriven.de\/de\/wp-json\/wp\/v2\/movement?post=19293"},{"taxonomy":"brands","embeddable":true,"href":"https:\/\/timedriven.de\/de\/wp-json\/wp\/v2\/brands?post=19293"}],"curies":[{"name":"wp","href":"https:\/\/api.w.org\/{rel}","templated":true}]}}