{"id":19621,"date":"2024-02-15T13:16:57","date_gmt":"2024-02-15T11:16:57","guid":{"rendered":"https:\/\/timedriven.de\/?post_type=product&#038;p=19621"},"modified":"2024-10-03T19:50:22","modified_gmt":"2024-10-03T17:50:22","slug":"rolex-oyster-prazision-31","status":"publish","type":"product","link":"https:\/\/timedriven.de\/de\/produkt\/rolex-oyster-prazision-31\/","title":{"rendered":"Rolex Oyster Precision 31"},"content":{"rendered":"","protected":false},"excerpt":{"rendered":"<p>Entdecken Sie zeitlose Eleganz: Rolex Oyster Precision 31. Dieser ikonische Zeitmesser wurde mit Pr\u00e4zision und Finesse gefertigt und strahlt Raffinesse aus. Lassen Sie sich von dem tadellosen Stil und der Zuverl\u00e4ssigkeit von Rolex \u00fcberzeugen. Mit der Oyster Precision 31 wird jeder Moment zum Erlebnis.<\/p>\n","protected":false},"featured_media":19623,"template":"","meta":[],"product_brand":[],"product_cat":[572,571],"product_tag":[1794,620],"watch-type":[626,625],"spare-parts---category":[],"included":[],"condition":[600],"year-made":[1805],"dial-color":[601],"watch-material":[613],"movement":[667],"brands":[598],"class_list":{"0":"post-19621","1":"product","2":"type-product","3":"status-publish","4":"has-post-thumbnail","6":"product_cat-uhren","7":"product_cat-unkategorisiert","8":"product_tag-frau","9":"product_tag-herren","10":"watch-type-damen","11":"watch-type-herren","12":"condition-gebraucht","13":"year-made-1966-de","14":"dial-color-schwarz","15":"watch-material-edelstahl","16":"movement-handaufzug","17":"brands-rolex-de","19":"first","20":"outofstock","21":"sale","22":"sold-individually","23":"purchasable","24":"product-type-simple"},"_links":{"self":[{"href":"https:\/\/timedriven.de\/de\/wp-json\/wp\/v2\/product\/19621","targetHints":{"allow":["GET"]}}],"collection":[{"href":"https:\/\/timedriven.de\/de\/wp-json\/wp\/v2\/product"}],"about":[{"href":"https:\/\/timedriven.de\/de\/wp-json\/wp\/v2\/types\/product"}],"wp:featuredmedia":[{"embeddable":true,"href":"https:\/\/timedriven.de\/de\/wp-json\/wp\/v2\/media\/19623"}],"wp:attachment":[{"href":"https:\/\/timedriven.de\/de\/wp-json\/wp\/v2\/media?parent=19621"}],"wp:term":[{"taxonomy":"product_brand","embeddable":true,"href":"https:\/\/timedriven.de\/de\/wp-json\/wp\/v2\/product_brand?post=19621"},{"taxonomy":"product_cat","embeddable":true,"href":"https:\/\/timedriven.de\/de\/wp-json\/wp\/v2\/product_cat?post=19621"},{"taxonomy":"product_tag","embeddable":true,"href":"https:\/\/timedriven.de\/de\/wp-json\/wp\/v2\/product_tag?post=19621"},{"taxonomy":"watch-type","embeddable":true,"href":"https:\/\/timedriven.de\/de\/wp-json\/wp\/v2\/watch-type?post=19621"},{"taxonomy":"spare-parts---category","embeddable":true,"href":"https:\/\/timedriven.de\/de\/wp-json\/wp\/v2\/spare-parts---category?post=19621"},{"taxonomy":"included","embeddable":true,"href":"https:\/\/timedriven.de\/de\/wp-json\/wp\/v2\/included?post=19621"},{"taxonomy":"condition","embeddable":true,"href":"https:\/\/timedriven.de\/de\/wp-json\/wp\/v2\/condition?post=19621"},{"taxonomy":"year-made","embeddable":true,"href":"https:\/\/timedriven.de\/de\/wp-json\/wp\/v2\/year-made?post=19621"},{"taxonomy":"dial-color","embeddable":true,"href":"https:\/\/timedriven.de\/de\/wp-json\/wp\/v2\/dial-color?post=19621"},{"taxonomy":"watch-material","embeddable":true,"href":"https:\/\/timedriven.de\/de\/wp-json\/wp\/v2\/watch-material?post=19621"},{"taxonomy":"movement","embeddable":true,"href":"https:\/\/timedriven.de\/de\/wp-json\/wp\/v2\/movement?post=19621"},{"taxonomy":"brands","embeddable":true,"href":"https:\/\/timedriven.de\/de\/wp-json\/wp\/v2\/brands?post=19621"}],"curies":[{"name":"wp","href":"https:\/\/api.w.org\/{rel}","templated":true}]}}