{"id":19888,"date":"2024-02-19T14:15:23","date_gmt":"2024-02-19T12:15:23","guid":{"rendered":"https:\/\/timedriven.de\/?post_type=product&#038;p=19888"},"modified":"2024-10-03T19:50:20","modified_gmt":"2024-10-03T17:50:20","slug":"iwc-pilot-le-petit-prince-chronograph","status":"publish","type":"product","link":"https:\/\/timedriven.de\/de\/produkt\/iwc-pilot-le-petit-prince-chronograph\/","title":{"rendered":"IWC Pilot Le Petit Prince Chronograph"},"content":{"rendered":"","protected":false},"excerpt":{"rendered":"<p>Erleben Sie den Nervenkitzel der von der Luftfahrt inspirierten Eleganz mit dem IWC Pilot Chronograph 2017. Dieses Zeitmessger\u00e4t ist Ihre Eintrittskarte, um Aufmerksamkeit zu erregen und einen neuen Standard f\u00fcr Eleganz zu setzen. Mit Pr\u00e4zision entwickelt und von einer zuverl\u00e4ssigen automatischen Bewegung angetrieben, bietet der IWC Pilot Chronograph Genauigkeit und Leistung, die den Anforderungen sowohl im Cockpit als auch im Konferenzraum gerecht werden. Ob Sie nun ein erfahrener Pilot sind, ein Uhrenliebhaber oder einfach nur feine Handwerkskunst zu sch\u00e4tzen wissen, der IWC Pilot Chronograph 2017 ist ein Muss f\u00fcr Ihre Sammlung.<\/p>\n","protected":false},"featured_media":19890,"template":"","meta":[],"product_brand":[],"product_cat":[572,571],"product_tag":[620],"watch-type":[625],"spare-parts---category":[],"included":[629],"condition":[600],"year-made":[912],"dial-color":[615],"watch-material":[613],"movement":[666],"brands":[594],"class_list":{"0":"post-19888","1":"product","2":"type-product","3":"status-publish","4":"has-post-thumbnail","6":"product_cat-uhren","7":"product_cat-unkategorisiert","8":"product_tag-herren","9":"watch-type-herren","10":"included-papers-de","11":"condition-gebraucht","12":"year-made-2017-de","13":"dial-color-blau","14":"watch-material-edelstahl","15":"movement-automatisch","16":"brands-iwc-de","18":"first","19":"outofstock","20":"purchasable","21":"product-type-simple"},"_links":{"self":[{"href":"https:\/\/timedriven.de\/de\/wp-json\/wp\/v2\/product\/19888","targetHints":{"allow":["GET"]}}],"collection":[{"href":"https:\/\/timedriven.de\/de\/wp-json\/wp\/v2\/product"}],"about":[{"href":"https:\/\/timedriven.de\/de\/wp-json\/wp\/v2\/types\/product"}],"wp:featuredmedia":[{"embeddable":true,"href":"https:\/\/timedriven.de\/de\/wp-json\/wp\/v2\/media\/19890"}],"wp:attachment":[{"href":"https:\/\/timedriven.de\/de\/wp-json\/wp\/v2\/media?parent=19888"}],"wp:term":[{"taxonomy":"product_brand","embeddable":true,"href":"https:\/\/timedriven.de\/de\/wp-json\/wp\/v2\/product_brand?post=19888"},{"taxonomy":"product_cat","embeddable":true,"href":"https:\/\/timedriven.de\/de\/wp-json\/wp\/v2\/product_cat?post=19888"},{"taxonomy":"product_tag","embeddable":true,"href":"https:\/\/timedriven.de\/de\/wp-json\/wp\/v2\/product_tag?post=19888"},{"taxonomy":"watch-type","embeddable":true,"href":"https:\/\/timedriven.de\/de\/wp-json\/wp\/v2\/watch-type?post=19888"},{"taxonomy":"spare-parts---category","embeddable":true,"href":"https:\/\/timedriven.de\/de\/wp-json\/wp\/v2\/spare-parts---category?post=19888"},{"taxonomy":"included","embeddable":true,"href":"https:\/\/timedriven.de\/de\/wp-json\/wp\/v2\/included?post=19888"},{"taxonomy":"condition","embeddable":true,"href":"https:\/\/timedriven.de\/de\/wp-json\/wp\/v2\/condition?post=19888"},{"taxonomy":"year-made","embeddable":true,"href":"https:\/\/timedriven.de\/de\/wp-json\/wp\/v2\/year-made?post=19888"},{"taxonomy":"dial-color","embeddable":true,"href":"https:\/\/timedriven.de\/de\/wp-json\/wp\/v2\/dial-color?post=19888"},{"taxonomy":"watch-material","embeddable":true,"href":"https:\/\/timedriven.de\/de\/wp-json\/wp\/v2\/watch-material?post=19888"},{"taxonomy":"movement","embeddable":true,"href":"https:\/\/timedriven.de\/de\/wp-json\/wp\/v2\/movement?post=19888"},{"taxonomy":"brands","embeddable":true,"href":"https:\/\/timedriven.de\/de\/wp-json\/wp\/v2\/brands?post=19888"}],"curies":[{"name":"wp","href":"https:\/\/api.w.org\/{rel}","templated":true}]}}