{"id":20038,"date":"2024-02-29T13:21:12","date_gmt":"2024-02-29T11:21:12","guid":{"rendered":"https:\/\/timedriven.de\/?post_type=product&#038;p=20038"},"modified":"2024-10-03T19:50:19","modified_gmt":"2024-10-03T17:50:19","slug":"omega-speedmaster-moonwatch-big-box-saphir","status":"publish","type":"product","link":"https:\/\/timedriven.de\/de\/produkt\/omega-speedmaster-moonwatch-big-box-saphir\/","title":{"rendered":"OMEGA Speedmaster Moonwatch Gro\u00dfe Box Saphir"},"content":{"rendered":"","protected":false},"excerpt":{"rendered":"<div class=\"group w-full text-token-text-primary border-b border-black\/10 gizmo:border-0 dark:border-gray-900\/50 gizmo:dark:border-0 bg-gray-50 gizmo:bg-transparent dark:bg-[#444654] gizmo:dark:bg-transparent\" data-testid=\"conversation-turn-21\">\n<div class=\"p-4 gizmo:py-2 justify-center text-base md:gap-6 md:py-6 m-auto\">\n<div class=\"flex flex-1 gap-4 text-base mx-auto md:gap-6 gizmo:gap-3 gizmo:md:px-5 gizmo:lg:px-1 gizmo:xl:px-5 md:max-w-2xl lg:max-w-[38rem] gizmo:md:max-w-3xl gizmo:lg:max-w-[40rem] gizmo:xl:max-w-[48rem] xl:max-w-3xl }\">\n<div class=\"relative flex w-[calc(100%-50px)] flex-col gizmo:w-full lg:w-[calc(100%-115px)] agent-turn\">\n<div class=\"flex-col gap-1 md:gap-3\">\n<div class=\"flex flex-grow flex-col max-w-full gap-3 gizmo:gap-0\">\n<div class=\"min-h-[20px] flex flex-col items-start gap-3 whitespace-pre-wrap break-words overflow-x-auto\" data-message-author-role=\"assistant\" data-message-id=\"7bd1eeea-2b67-4759-bf52-d3b9c0b5e215\">\n<div class=\"markdown prose w-full break-words dark:prose-invert light\">\n<p>Erleben Sie mit der OMEGA Speedmaster Moonwatch Big Box Saphir 2019 Full Set das Wesen der Weltraumforschung. Tauchen Sie ein in das Verm\u00e4chtnis der Mondlandung mit diesem ikonischen Zeitmesser, der in sorgf\u00e4ltiger Handarbeit gefertigt wurde, um den Geist von Abenteuer und Innovation einzufangen. Von ihrem legend\u00e4ren Design bis hin zu ihrer unvergleichlichen Pr\u00e4zision spricht jedes Detail der Moonwatch f\u00fcr Exzellenz. Erleben Sie den Nervenkitzel der Geschichte an Ihrem Handgelenk und begeben Sie sich auf Ihre eigene Entdeckungsreise. Setzen Sie mit der OMEGA Speedmaster Moonwatch Big Box Saphir 2019 Full Set einen stilvollen Akzent und setzen Sie ein Zeichen. Trauen Sie sich, nach den Sternen zu greifen.<\/p>\n<\/div>\n<\/div>\n<\/div>\n<\/div>\n<\/div>\n<\/div>\n<\/div>\n<\/div>\n","protected":false},"featured_media":20040,"template":"","meta":[],"product_brand":[],"product_cat":[572,571],"product_tag":[620],"watch-type":[625],"spare-parts---category":[],"included":[629],"condition":[600],"year-made":[889],"dial-color":[601],"watch-material":[613],"movement":[667],"brands":[596],"class_list":{"0":"post-20038","1":"product","2":"type-product","3":"status-publish","4":"has-post-thumbnail","6":"product_cat-uhren","7":"product_cat-unkategorisiert","8":"product_tag-herren","9":"watch-type-herren","10":"included-papers-de","11":"condition-gebraucht","12":"year-made-2019-de","13":"dial-color-schwarz","14":"watch-material-edelstahl","15":"movement-handaufzug","16":"brands-omega-de","18":"first","19":"outofstock","20":"purchasable","21":"product-type-simple"},"_links":{"self":[{"href":"https:\/\/timedriven.de\/de\/wp-json\/wp\/v2\/product\/20038","targetHints":{"allow":["GET"]}}],"collection":[{"href":"https:\/\/timedriven.de\/de\/wp-json\/wp\/v2\/product"}],"about":[{"href":"https:\/\/timedriven.de\/de\/wp-json\/wp\/v2\/types\/product"}],"wp:featuredmedia":[{"embeddable":true,"href":"https:\/\/timedriven.de\/de\/wp-json\/wp\/v2\/media\/20040"}],"wp:attachment":[{"href":"https:\/\/timedriven.de\/de\/wp-json\/wp\/v2\/media?parent=20038"}],"wp:term":[{"taxonomy":"product_brand","embeddable":true,"href":"https:\/\/timedriven.de\/de\/wp-json\/wp\/v2\/product_brand?post=20038"},{"taxonomy":"product_cat","embeddable":true,"href":"https:\/\/timedriven.de\/de\/wp-json\/wp\/v2\/product_cat?post=20038"},{"taxonomy":"product_tag","embeddable":true,"href":"https:\/\/timedriven.de\/de\/wp-json\/wp\/v2\/product_tag?post=20038"},{"taxonomy":"watch-type","embeddable":true,"href":"https:\/\/timedriven.de\/de\/wp-json\/wp\/v2\/watch-type?post=20038"},{"taxonomy":"spare-parts---category","embeddable":true,"href":"https:\/\/timedriven.de\/de\/wp-json\/wp\/v2\/spare-parts---category?post=20038"},{"taxonomy":"included","embeddable":true,"href":"https:\/\/timedriven.de\/de\/wp-json\/wp\/v2\/included?post=20038"},{"taxonomy":"condition","embeddable":true,"href":"https:\/\/timedriven.de\/de\/wp-json\/wp\/v2\/condition?post=20038"},{"taxonomy":"year-made","embeddable":true,"href":"https:\/\/timedriven.de\/de\/wp-json\/wp\/v2\/year-made?post=20038"},{"taxonomy":"dial-color","embeddable":true,"href":"https:\/\/timedriven.de\/de\/wp-json\/wp\/v2\/dial-color?post=20038"},{"taxonomy":"watch-material","embeddable":true,"href":"https:\/\/timedriven.de\/de\/wp-json\/wp\/v2\/watch-material?post=20038"},{"taxonomy":"movement","embeddable":true,"href":"https:\/\/timedriven.de\/de\/wp-json\/wp\/v2\/movement?post=20038"},{"taxonomy":"brands","embeddable":true,"href":"https:\/\/timedriven.de\/de\/wp-json\/wp\/v2\/brands?post=20038"}],"curies":[{"name":"wp","href":"https:\/\/api.w.org\/{rel}","templated":true}]}}