{"id":20181,"date":"2024-03-01T16:27:02","date_gmt":"2024-03-01T14:27:02","guid":{"rendered":"https:\/\/timedriven.de\/?post_type=product&#038;p=20181"},"modified":"2024-10-03T19:50:17","modified_gmt":"2024-10-03T17:50:17","slug":"harry-winston-midnight-full-set-2021","status":"publish","type":"product","link":"https:\/\/timedriven.de\/de\/produkt\/harry-winston-midnight-full-set-2021\/","title":{"rendered":"Harry Winston Midnight Komplettset 2021"},"content":{"rendered":"","protected":false},"excerpt":{"rendered":"<p>Erleben Sie unvergleichliche Eleganz mit dem Harry Winston Midnight Full Set 2021 aus luxuri\u00f6sem 18 Karat Wei\u00dfgold. Mit diesem zeitlosen Zeitmesser mit komplettem Set sind Sie auf der sicheren Seite. Erh\u00f6hen Sie Ihren Stil und setzen Sie ein Zeichen mit Harry Winston.<\/p>\n","protected":false},"featured_media":20183,"template":"","meta":[],"product_brand":[],"product_cat":[572,571],"product_tag":[620],"watch-type":[625],"spare-parts---category":[],"included":[],"condition":[600],"year-made":[907],"dial-color":[601],"watch-material":[1490],"movement":[666],"brands":[1434],"class_list":{"0":"post-20181","1":"product","2":"type-product","3":"status-publish","4":"has-post-thumbnail","6":"product_cat-uhren","7":"product_cat-unkategorisiert","8":"product_tag-herren","9":"watch-type-herren","10":"condition-gebraucht","11":"year-made-2021-de","12":"dial-color-schwarz","13":"watch-material-18k-weisgold","14":"movement-automatisch","15":"brands-harry-winston-de","17":"first","18":"outofstock","19":"sold-individually","20":"purchasable","21":"product-type-simple"},"_links":{"self":[{"href":"https:\/\/timedriven.de\/de\/wp-json\/wp\/v2\/product\/20181","targetHints":{"allow":["GET"]}}],"collection":[{"href":"https:\/\/timedriven.de\/de\/wp-json\/wp\/v2\/product"}],"about":[{"href":"https:\/\/timedriven.de\/de\/wp-json\/wp\/v2\/types\/product"}],"wp:featuredmedia":[{"embeddable":true,"href":"https:\/\/timedriven.de\/de\/wp-json\/wp\/v2\/media\/20183"}],"wp:attachment":[{"href":"https:\/\/timedriven.de\/de\/wp-json\/wp\/v2\/media?parent=20181"}],"wp:term":[{"taxonomy":"product_brand","embeddable":true,"href":"https:\/\/timedriven.de\/de\/wp-json\/wp\/v2\/product_brand?post=20181"},{"taxonomy":"product_cat","embeddable":true,"href":"https:\/\/timedriven.de\/de\/wp-json\/wp\/v2\/product_cat?post=20181"},{"taxonomy":"product_tag","embeddable":true,"href":"https:\/\/timedriven.de\/de\/wp-json\/wp\/v2\/product_tag?post=20181"},{"taxonomy":"watch-type","embeddable":true,"href":"https:\/\/timedriven.de\/de\/wp-json\/wp\/v2\/watch-type?post=20181"},{"taxonomy":"spare-parts---category","embeddable":true,"href":"https:\/\/timedriven.de\/de\/wp-json\/wp\/v2\/spare-parts---category?post=20181"},{"taxonomy":"included","embeddable":true,"href":"https:\/\/timedriven.de\/de\/wp-json\/wp\/v2\/included?post=20181"},{"taxonomy":"condition","embeddable":true,"href":"https:\/\/timedriven.de\/de\/wp-json\/wp\/v2\/condition?post=20181"},{"taxonomy":"year-made","embeddable":true,"href":"https:\/\/timedriven.de\/de\/wp-json\/wp\/v2\/year-made?post=20181"},{"taxonomy":"dial-color","embeddable":true,"href":"https:\/\/timedriven.de\/de\/wp-json\/wp\/v2\/dial-color?post=20181"},{"taxonomy":"watch-material","embeddable":true,"href":"https:\/\/timedriven.de\/de\/wp-json\/wp\/v2\/watch-material?post=20181"},{"taxonomy":"movement","embeddable":true,"href":"https:\/\/timedriven.de\/de\/wp-json\/wp\/v2\/movement?post=20181"},{"taxonomy":"brands","embeddable":true,"href":"https:\/\/timedriven.de\/de\/wp-json\/wp\/v2\/brands?post=20181"}],"curies":[{"name":"wp","href":"https:\/\/api.w.org\/{rel}","templated":true}]}}