{"id":20336,"date":"2024-03-04T18:02:29","date_gmt":"2024-03-04T16:02:29","guid":{"rendered":"https:\/\/timedriven.de\/?post_type=product&#038;p=20336"},"modified":"2024-10-03T19:50:16","modified_gmt":"2024-10-03T17:50:16","slug":"rolex-dame-datejust-31","status":"publish","type":"product","link":"https:\/\/timedriven.de\/de\/produkt\/rolex-dame-datejust-31\/","title":{"rendered":"Rolex Lady-Datejust 31"},"content":{"rendered":"","protected":false},"excerpt":{"rendered":"<div class=\"flex-1 overflow-hidden\">\n<div class=\"react-scroll-to-bottom--css-xqhdl-79elbk h-full\">\n<div class=\"react-scroll-to-bottom--css-xqhdl-1n7m0yu\">\n<div class=\"flex flex-col pb-9 text-sm\">\n<div class=\"w-full text-token-text-primary\" data-testid=\"conversation-turn-19\">\n<div class=\"px-4 py-2 justify-center text-base md:gap-6 m-auto\">\n<div class=\"flex flex-1 text-base mx-auto gap-3 md:px-5 lg:px-1 xl:px-5 md:max-w-3xl lg:max-w-[40rem] xl:max-w-[48rem] } group final-completion\">\n<div class=\"relative flex w-full flex-col lg:w-[calc(100%-115px)] agent-turn\">\n<div class=\"flex-col gap-1 md:gap-3\">\n<div class=\"flex flex-grow flex-col max-w-full\">\n<div class=\"min-h-[20px] text-message flex flex-col items-start gap-3 whitespace-pre-wrap break-words [.text-message+&amp;]:mt-5 overflow-x-auto\" data-message-author-role=\"assistant\" data-message-id=\"744094d4-2dd4-41d0-8828-671485a37445\">\n<div class=\"markdown prose w-full break-words dark:prose-invert light\">\n<p>Zeitlose Eleganz mit der Rolex Lady Datejust 31, Modell 278343RBR, mit champagnerfarbenem Zifferblatt. Dieser ikonische Zeitmesser wurde 2022 aus Stahl und Gold gefertigt und verbindet m\u00fchelos Raffinesse mit best\u00e4ndigem Stil. Erh\u00f6hen Sie Ihr Handgelenk mit der Rolex Lady Datejust 31 &#8211; einer harmonischen Mischung aus Luxus und schlichter Sch\u00f6nheit.<\/p>\n<\/div>\n<\/div>\n<\/div>\n<\/div>\n<\/div>\n<\/div>\n<\/div>\n<\/div>\n<\/div>\n<\/div>\n<\/div>\n<\/div>\n","protected":false},"featured_media":20338,"template":"","meta":[],"product_brand":[],"product_cat":[572,571],"product_tag":[1735],"watch-type":[1557],"spare-parts---category":[],"included":[629],"condition":[631],"year-made":[842],"dial-color":[653],"watch-material":[662],"movement":[666],"brands":[598],"class_list":{"0":"post-20336","1":"product","2":"type-product","3":"status-publish","4":"has-post-thumbnail","6":"product_cat-uhren","7":"product_cat-unkategorisiert","8":"product_tag-frauen","9":"watch-type-damenwelt","10":"included-papers-de","11":"condition-neu","12":"year-made-2022-de","13":"dial-color-grun","14":"watch-material-edelstahl-gold","15":"movement-automatisch","16":"brands-rolex-de","18":"first","19":"outofstock","20":"sold-individually","21":"purchasable","22":"product-type-simple"},"_links":{"self":[{"href":"https:\/\/timedriven.de\/de\/wp-json\/wp\/v2\/product\/20336","targetHints":{"allow":["GET"]}}],"collection":[{"href":"https:\/\/timedriven.de\/de\/wp-json\/wp\/v2\/product"}],"about":[{"href":"https:\/\/timedriven.de\/de\/wp-json\/wp\/v2\/types\/product"}],"wp:featuredmedia":[{"embeddable":true,"href":"https:\/\/timedriven.de\/de\/wp-json\/wp\/v2\/media\/20338"}],"wp:attachment":[{"href":"https:\/\/timedriven.de\/de\/wp-json\/wp\/v2\/media?parent=20336"}],"wp:term":[{"taxonomy":"product_brand","embeddable":true,"href":"https:\/\/timedriven.de\/de\/wp-json\/wp\/v2\/product_brand?post=20336"},{"taxonomy":"product_cat","embeddable":true,"href":"https:\/\/timedriven.de\/de\/wp-json\/wp\/v2\/product_cat?post=20336"},{"taxonomy":"product_tag","embeddable":true,"href":"https:\/\/timedriven.de\/de\/wp-json\/wp\/v2\/product_tag?post=20336"},{"taxonomy":"watch-type","embeddable":true,"href":"https:\/\/timedriven.de\/de\/wp-json\/wp\/v2\/watch-type?post=20336"},{"taxonomy":"spare-parts---category","embeddable":true,"href":"https:\/\/timedriven.de\/de\/wp-json\/wp\/v2\/spare-parts---category?post=20336"},{"taxonomy":"included","embeddable":true,"href":"https:\/\/timedriven.de\/de\/wp-json\/wp\/v2\/included?post=20336"},{"taxonomy":"condition","embeddable":true,"href":"https:\/\/timedriven.de\/de\/wp-json\/wp\/v2\/condition?post=20336"},{"taxonomy":"year-made","embeddable":true,"href":"https:\/\/timedriven.de\/de\/wp-json\/wp\/v2\/year-made?post=20336"},{"taxonomy":"dial-color","embeddable":true,"href":"https:\/\/timedriven.de\/de\/wp-json\/wp\/v2\/dial-color?post=20336"},{"taxonomy":"watch-material","embeddable":true,"href":"https:\/\/timedriven.de\/de\/wp-json\/wp\/v2\/watch-material?post=20336"},{"taxonomy":"movement","embeddable":true,"href":"https:\/\/timedriven.de\/de\/wp-json\/wp\/v2\/movement?post=20336"},{"taxonomy":"brands","embeddable":true,"href":"https:\/\/timedriven.de\/de\/wp-json\/wp\/v2\/brands?post=20336"}],"curies":[{"name":"wp","href":"https:\/\/api.w.org\/{rel}","templated":true}]}}