{"id":20436,"date":"2024-03-04T22:21:59","date_gmt":"2024-03-04T20:21:59","guid":{"rendered":"https:\/\/timedriven.de\/?post_type=product&#038;p=20436"},"modified":"2024-10-03T19:50:15","modified_gmt":"2024-10-03T17:50:15","slug":"jaeger-le-coultre-reverso-full-set","status":"publish","type":"product","link":"https:\/\/timedriven.de\/de\/produkt\/jaeger-le-coultre-reverso-full-set\/","title":{"rendered":"Jaeger Le Coultre Reverso Full Set"},"content":{"rendered":"","protected":false},"excerpt":{"rendered":"<div class=\"flex-1 overflow-hidden\">\n<div class=\"react-scroll-to-bottom--css-xqhdl-79elbk h-full\">\n<div class=\"react-scroll-to-bottom--css-xqhdl-1n7m0yu\">\n<div class=\"flex flex-col pb-9 text-sm\">\n<div class=\"w-full text-token-text-primary\" data-testid=\"conversation-turn-19\">\n<div class=\"px-4 py-2 justify-center text-base md:gap-6 m-auto\">\n<div class=\"flex flex-1 text-base mx-auto gap-3 md:px-5 lg:px-1 xl:px-5 md:max-w-3xl lg:max-w-[40rem] xl:max-w-[48rem] } group final-completion\">\n<div class=\"relative flex w-full flex-col lg:w-[calc(100%-115px)] agent-turn\">\n<div class=\"flex-col gap-1 md:gap-3\">\n<div class=\"flex flex-grow flex-col max-w-full\">\n<div class=\"min-h-[20px] text-message flex flex-col items-start gap-3 whitespace-pre-wrap break-words [.text-message+&amp;]:mt-5 overflow-x-auto\" data-message-author-role=\"assistant\" data-message-id=\"744094d4-2dd4-41d0-8828-671485a37445\">\n<div class=\"markdown prose w-full break-words dark:prose-invert light\">\n<p>Die Jaeger-LeCoultre Reverso 265420 &#8211; ein zeitloses Meisterwerk der Eleganz und Innovation. Mit ihrem versilberten Zifferblatt, dem wendbaren Edelstahlgeh\u00e4use und dem pr\u00e4zisen Handaufzugswerk verbindet diese Uhr nahtlos Tradition und Moderne. Das vom Art d\u00e9co inspirierte Design l\u00e4sst sich m\u00fchelos vom Tag in die Nacht \u00fcbertragen und ist somit der perfekte Begleiter f\u00fcr jede Gelegenheit. Erh\u00f6hen Sie Ihren Stil mit der Jaeger-LeCoultre Reverso 265420 &#8211; wo zeitlose Sch\u00f6nheit auf Perfektion trifft.<\/p>\n<\/div>\n<\/div>\n<\/div>\n<\/div>\n<\/div>\n<\/div>\n<\/div>\n<\/div>\n<\/div>\n<\/div>\n<\/div>\n<\/div>\n","protected":false},"featured_media":20438,"template":"","meta":[],"product_brand":[],"product_cat":[572,571],"product_tag":[1794],"watch-type":[1557],"spare-parts---category":[],"included":[629],"condition":[600],"year-made":[880],"dial-color":[654],"watch-material":[613],"movement":[667],"brands":[595],"class_list":{"0":"post-20436","1":"product","2":"type-product","3":"status-publish","4":"has-post-thumbnail","6":"product_cat-uhren","7":"product_cat-unkategorisiert","8":"product_tag-frau","9":"watch-type-damenwelt","10":"included-papers-de","11":"condition-gebraucht","12":"year-made-2004-de","13":"dial-color-grau","14":"watch-material-edelstahl","15":"movement-handaufzug","16":"brands-jaeger-lecoultre-de","18":"first","19":"outofstock","20":"sold-individually","21":"purchasable","22":"product-type-simple"},"_links":{"self":[{"href":"https:\/\/timedriven.de\/de\/wp-json\/wp\/v2\/product\/20436","targetHints":{"allow":["GET"]}}],"collection":[{"href":"https:\/\/timedriven.de\/de\/wp-json\/wp\/v2\/product"}],"about":[{"href":"https:\/\/timedriven.de\/de\/wp-json\/wp\/v2\/types\/product"}],"wp:featuredmedia":[{"embeddable":true,"href":"https:\/\/timedriven.de\/de\/wp-json\/wp\/v2\/media\/20438"}],"wp:attachment":[{"href":"https:\/\/timedriven.de\/de\/wp-json\/wp\/v2\/media?parent=20436"}],"wp:term":[{"taxonomy":"product_brand","embeddable":true,"href":"https:\/\/timedriven.de\/de\/wp-json\/wp\/v2\/product_brand?post=20436"},{"taxonomy":"product_cat","embeddable":true,"href":"https:\/\/timedriven.de\/de\/wp-json\/wp\/v2\/product_cat?post=20436"},{"taxonomy":"product_tag","embeddable":true,"href":"https:\/\/timedriven.de\/de\/wp-json\/wp\/v2\/product_tag?post=20436"},{"taxonomy":"watch-type","embeddable":true,"href":"https:\/\/timedriven.de\/de\/wp-json\/wp\/v2\/watch-type?post=20436"},{"taxonomy":"spare-parts---category","embeddable":true,"href":"https:\/\/timedriven.de\/de\/wp-json\/wp\/v2\/spare-parts---category?post=20436"},{"taxonomy":"included","embeddable":true,"href":"https:\/\/timedriven.de\/de\/wp-json\/wp\/v2\/included?post=20436"},{"taxonomy":"condition","embeddable":true,"href":"https:\/\/timedriven.de\/de\/wp-json\/wp\/v2\/condition?post=20436"},{"taxonomy":"year-made","embeddable":true,"href":"https:\/\/timedriven.de\/de\/wp-json\/wp\/v2\/year-made?post=20436"},{"taxonomy":"dial-color","embeddable":true,"href":"https:\/\/timedriven.de\/de\/wp-json\/wp\/v2\/dial-color?post=20436"},{"taxonomy":"watch-material","embeddable":true,"href":"https:\/\/timedriven.de\/de\/wp-json\/wp\/v2\/watch-material?post=20436"},{"taxonomy":"movement","embeddable":true,"href":"https:\/\/timedriven.de\/de\/wp-json\/wp\/v2\/movement?post=20436"},{"taxonomy":"brands","embeddable":true,"href":"https:\/\/timedriven.de\/de\/wp-json\/wp\/v2\/brands?post=20436"}],"curies":[{"name":"wp","href":"https:\/\/api.w.org\/{rel}","templated":true}]}}