{"id":20842,"date":"2024-03-07T13:18:52","date_gmt":"2024-03-07T11:18:52","guid":{"rendered":"https:\/\/timedriven.de\/?post_type=product&#038;p=20842"},"modified":"2024-10-03T19:50:13","modified_gmt":"2024-10-03T17:50:13","slug":"iwc-pilot-worldtimer-45","status":"publish","type":"product","link":"https:\/\/timedriven.de\/de\/produkt\/iwc-pilot-worldtimer-45\/","title":{"rendered":"IWC Pilot Worldtimer 45"},"content":{"rendered":"","protected":false},"excerpt":{"rendered":"<p>Die IWC Pilot Worldtimer 45 ist der ultimative Begleiter f\u00fcr Abenteurer in aller Welt. Dieser mit Pr\u00e4zision und Innovation gefertigte Zeitmesser verbindet nahtlos Funktionalit\u00e4t mit Stil. Mit ihrem unverwechselbaren Design und der Weltzeitkomplikation sorgt die Pilot Worldtimer 45 daf\u00fcr, dass Sie immer im Zeitplan bleiben, egal wohin Ihre Reise geht. Erleben Sie den Nervenkitzel der Entdeckung mit IWC.<\/p>\n","protected":false},"featured_media":36999,"template":"","meta":[],"product_brand":[],"product_cat":[572,571],"product_tag":[620],"watch-type":[625],"spare-parts---category":[],"included":[629],"condition":[600],"year-made":[993],"dial-color":[601],"watch-material":[613],"movement":[666],"brands":[594],"class_list":{"0":"post-20842","1":"product","2":"type-product","3":"status-publish","4":"has-post-thumbnail","6":"product_cat-uhren","7":"product_cat-unkategorisiert","8":"product_tag-herren","9":"watch-type-herren","10":"included-papers-de","11":"condition-gebraucht","12":"year-made-2012-de","13":"dial-color-schwarz","14":"watch-material-edelstahl","15":"movement-automatisch","16":"brands-iwc-de","18":"first","19":"instock","20":"sold-individually","21":"purchasable","22":"product-type-simple"},"_links":{"self":[{"href":"https:\/\/timedriven.de\/de\/wp-json\/wp\/v2\/product\/20842","targetHints":{"allow":["GET"]}}],"collection":[{"href":"https:\/\/timedriven.de\/de\/wp-json\/wp\/v2\/product"}],"about":[{"href":"https:\/\/timedriven.de\/de\/wp-json\/wp\/v2\/types\/product"}],"wp:featuredmedia":[{"embeddable":true,"href":"https:\/\/timedriven.de\/de\/wp-json\/wp\/v2\/media\/36999"}],"wp:attachment":[{"href":"https:\/\/timedriven.de\/de\/wp-json\/wp\/v2\/media?parent=20842"}],"wp:term":[{"taxonomy":"product_brand","embeddable":true,"href":"https:\/\/timedriven.de\/de\/wp-json\/wp\/v2\/product_brand?post=20842"},{"taxonomy":"product_cat","embeddable":true,"href":"https:\/\/timedriven.de\/de\/wp-json\/wp\/v2\/product_cat?post=20842"},{"taxonomy":"product_tag","embeddable":true,"href":"https:\/\/timedriven.de\/de\/wp-json\/wp\/v2\/product_tag?post=20842"},{"taxonomy":"watch-type","embeddable":true,"href":"https:\/\/timedriven.de\/de\/wp-json\/wp\/v2\/watch-type?post=20842"},{"taxonomy":"spare-parts---category","embeddable":true,"href":"https:\/\/timedriven.de\/de\/wp-json\/wp\/v2\/spare-parts---category?post=20842"},{"taxonomy":"included","embeddable":true,"href":"https:\/\/timedriven.de\/de\/wp-json\/wp\/v2\/included?post=20842"},{"taxonomy":"condition","embeddable":true,"href":"https:\/\/timedriven.de\/de\/wp-json\/wp\/v2\/condition?post=20842"},{"taxonomy":"year-made","embeddable":true,"href":"https:\/\/timedriven.de\/de\/wp-json\/wp\/v2\/year-made?post=20842"},{"taxonomy":"dial-color","embeddable":true,"href":"https:\/\/timedriven.de\/de\/wp-json\/wp\/v2\/dial-color?post=20842"},{"taxonomy":"watch-material","embeddable":true,"href":"https:\/\/timedriven.de\/de\/wp-json\/wp\/v2\/watch-material?post=20842"},{"taxonomy":"movement","embeddable":true,"href":"https:\/\/timedriven.de\/de\/wp-json\/wp\/v2\/movement?post=20842"},{"taxonomy":"brands","embeddable":true,"href":"https:\/\/timedriven.de\/de\/wp-json\/wp\/v2\/brands?post=20842"}],"curies":[{"name":"wp","href":"https:\/\/api.w.org\/{rel}","templated":true}]}}