{"id":20916,"date":"2024-03-07T17:11:59","date_gmt":"2024-03-07T15:11:59","guid":{"rendered":"https:\/\/timedriven.de\/?post_type=product&#038;p=20916"},"modified":"2024-10-03T19:50:12","modified_gmt":"2024-10-03T17:50:12","slug":"omega-seamaster-diver-300-m-nekton-full-set-neu-06-2023-sealed","status":"publish","type":"product","link":"https:\/\/timedriven.de\/de\/produkt\/omega-seamaster-diver-300-m-nekton-full-set-neu-06-2023-sealed\/","title":{"rendered":"OMEGA Seamaster Diver 300 M Nekton Komplett-Set NEU 06\/2023 Versiegelt"},"content":{"rendered":"","protected":false},"excerpt":{"rendered":"<div class=\"group w-full text-token-text-primary border-b border-black\/10 gizmo:border-0 dark:border-gray-900\/50 gizmo:dark:border-0 bg-gray-50 gizmo:bg-transparent dark:bg-[#444654] gizmo:dark:bg-transparent\" data-testid=\"conversation-turn-21\">\n<div class=\"p-4 gizmo:py-2 justify-center text-base md:gap-6 md:py-6 m-auto\">\n<div class=\"flex flex-1 gap-4 text-base mx-auto md:gap-6 gizmo:gap-3 gizmo:md:px-5 gizmo:lg:px-1 gizmo:xl:px-5 md:max-w-2xl lg:max-w-[38rem] gizmo:md:max-w-3xl gizmo:lg:max-w-[40rem] gizmo:xl:max-w-[48rem] xl:max-w-3xl }\">\n<div class=\"relative flex w-[calc(100%-50px)] flex-col gizmo:w-full lg:w-[calc(100%-115px)] agent-turn\">\n<div class=\"flex-col gap-1 md:gap-3\">\n<div class=\"flex flex-grow flex-col max-w-full gap-3 gizmo:gap-0\">\n<div class=\"min-h-[20px] flex flex-col items-start gap-3 whitespace-pre-wrap break-words overflow-x-auto\" data-message-author-role=\"assistant\" data-message-id=\"7bd1eeea-2b67-4759-bf52-d3b9c0b5e215\">\n<div class=\"markdown prose w-full break-words dark:prose-invert light\">\n<p>Tauchen Sie mit der OMEGA Seamaster Diver 300 M Nekton in die Gro\u00dfartigkeit ein. Dieser f\u00fcr die Unterwasserwelt konzipierte Zeitmesser verbindet die legend\u00e4re OMEGA-Handwerkskunst mit modernster Technologie. Mit einer Wasserdichtigkeit von 300 Metern und einem k\u00fchnen Design, das von den Tiefen des Ozeans inspiriert ist, ist die Seamaster Diver 300 M Nekton der perfekte Begleiter f\u00fcr Ihre Unterwasserabenteuer. Entfesseln Sie den Entdecker in sich mit OMEGA.<\/p>\n<\/div>\n<\/div>\n<\/div>\n<\/div>\n<\/div>\n<\/div>\n<\/div>\n<\/div>\n","protected":false},"featured_media":35777,"template":"","meta":[],"product_brand":[],"product_cat":[572,571],"product_tag":[620],"watch-type":[625],"spare-parts---category":[],"included":[],"condition":[631],"year-made":[838],"dial-color":[601],"watch-material":[613],"movement":[666],"brands":[596],"class_list":{"0":"post-20916","1":"product","2":"type-product","3":"status-publish","4":"has-post-thumbnail","6":"product_cat-uhren","7":"product_cat-unkategorisiert","8":"product_tag-herren","9":"watch-type-herren","10":"condition-neu","11":"year-made-2023-de","12":"dial-color-schwarz","13":"watch-material-edelstahl","14":"movement-automatisch","15":"brands-omega-de","17":"first","18":"outofstock","19":"purchasable","20":"product-type-simple"},"_links":{"self":[{"href":"https:\/\/timedriven.de\/de\/wp-json\/wp\/v2\/product\/20916","targetHints":{"allow":["GET"]}}],"collection":[{"href":"https:\/\/timedriven.de\/de\/wp-json\/wp\/v2\/product"}],"about":[{"href":"https:\/\/timedriven.de\/de\/wp-json\/wp\/v2\/types\/product"}],"wp:featuredmedia":[{"embeddable":true,"href":"https:\/\/timedriven.de\/de\/wp-json\/wp\/v2\/media\/35777"}],"wp:attachment":[{"href":"https:\/\/timedriven.de\/de\/wp-json\/wp\/v2\/media?parent=20916"}],"wp:term":[{"taxonomy":"product_brand","embeddable":true,"href":"https:\/\/timedriven.de\/de\/wp-json\/wp\/v2\/product_brand?post=20916"},{"taxonomy":"product_cat","embeddable":true,"href":"https:\/\/timedriven.de\/de\/wp-json\/wp\/v2\/product_cat?post=20916"},{"taxonomy":"product_tag","embeddable":true,"href":"https:\/\/timedriven.de\/de\/wp-json\/wp\/v2\/product_tag?post=20916"},{"taxonomy":"watch-type","embeddable":true,"href":"https:\/\/timedriven.de\/de\/wp-json\/wp\/v2\/watch-type?post=20916"},{"taxonomy":"spare-parts---category","embeddable":true,"href":"https:\/\/timedriven.de\/de\/wp-json\/wp\/v2\/spare-parts---category?post=20916"},{"taxonomy":"included","embeddable":true,"href":"https:\/\/timedriven.de\/de\/wp-json\/wp\/v2\/included?post=20916"},{"taxonomy":"condition","embeddable":true,"href":"https:\/\/timedriven.de\/de\/wp-json\/wp\/v2\/condition?post=20916"},{"taxonomy":"year-made","embeddable":true,"href":"https:\/\/timedriven.de\/de\/wp-json\/wp\/v2\/year-made?post=20916"},{"taxonomy":"dial-color","embeddable":true,"href":"https:\/\/timedriven.de\/de\/wp-json\/wp\/v2\/dial-color?post=20916"},{"taxonomy":"watch-material","embeddable":true,"href":"https:\/\/timedriven.de\/de\/wp-json\/wp\/v2\/watch-material?post=20916"},{"taxonomy":"movement","embeddable":true,"href":"https:\/\/timedriven.de\/de\/wp-json\/wp\/v2\/movement?post=20916"},{"taxonomy":"brands","embeddable":true,"href":"https:\/\/timedriven.de\/de\/wp-json\/wp\/v2\/brands?post=20916"}],"curies":[{"name":"wp","href":"https:\/\/api.w.org\/{rel}","templated":true}]}}