{"id":21082,"date":"2024-03-08T16:29:42","date_gmt":"2024-03-08T14:29:42","guid":{"rendered":"https:\/\/timedriven.de\/?post_type=product&#038;p=21082"},"modified":"2024-10-03T19:50:10","modified_gmt":"2024-10-03T17:50:10","slug":"tudor-prinz-datum-chronograph-komplett-set-2001-lc100","status":"publish","type":"product","link":"https:\/\/timedriven.de\/de\/produkt\/tudor-prinz-datum-chronograph-komplett-set-2001-lc100\/","title":{"rendered":"Tudor Prince Date Chronograph Komplettset 2001 LC100"},"content":{"rendered":"","protected":false},"excerpt":{"rendered":"<p>Die Tudor Prince Date Chronograph Full Set 2001 ist die Essenz von Pr\u00e4zision und Stil. Dieser in Perfektion gefertigte Zeitmesser verk\u00f6rpert das Erbe der au\u00dfergew\u00f6hnlichen Handwerkskunst von Tudor. Mit ihrem zeitlosen Design und der Liebe zum Detail ist sie mehr als nur eine Uhr &#8211; sie ist ein Statement f\u00fcr raffinierten Geschmack und Kultiviertheit. Mit seinem kompletten Set ist dieser Chronograph bereit, Sie bei jedem Abenteuer zu begleiten und immer einen guten Eindruck zu hinterlassen. Mit dem Tudor Prince Date Chronographen k\u00f6nnen Sie Ihr Handgelenk aufwerten.<\/p>\n","protected":false},"featured_media":47747,"template":"","meta":[],"product_brand":[],"product_cat":[572,571],"product_tag":[620],"watch-type":[625],"spare-parts---category":[],"included":[629],"condition":[600],"year-made":[646],"dial-color":[601],"watch-material":[613],"movement":[666],"brands":[599],"class_list":{"0":"post-21082","1":"product","2":"type-product","3":"status-publish","4":"has-post-thumbnail","6":"product_cat-uhren","7":"product_cat-unkategorisiert","8":"product_tag-herren","9":"watch-type-herren","10":"included-papers-de","11":"condition-gebraucht","12":"year-made-2001-de-2","13":"dial-color-schwarz","14":"watch-material-edelstahl","15":"movement-automatisch","16":"brands-tudor-de","18":"first","19":"instock","20":"sold-individually","21":"purchasable","22":"product-type-simple"},"_links":{"self":[{"href":"https:\/\/timedriven.de\/de\/wp-json\/wp\/v2\/product\/21082","targetHints":{"allow":["GET"]}}],"collection":[{"href":"https:\/\/timedriven.de\/de\/wp-json\/wp\/v2\/product"}],"about":[{"href":"https:\/\/timedriven.de\/de\/wp-json\/wp\/v2\/types\/product"}],"wp:featuredmedia":[{"embeddable":true,"href":"https:\/\/timedriven.de\/de\/wp-json\/wp\/v2\/media\/47747"}],"wp:attachment":[{"href":"https:\/\/timedriven.de\/de\/wp-json\/wp\/v2\/media?parent=21082"}],"wp:term":[{"taxonomy":"product_brand","embeddable":true,"href":"https:\/\/timedriven.de\/de\/wp-json\/wp\/v2\/product_brand?post=21082"},{"taxonomy":"product_cat","embeddable":true,"href":"https:\/\/timedriven.de\/de\/wp-json\/wp\/v2\/product_cat?post=21082"},{"taxonomy":"product_tag","embeddable":true,"href":"https:\/\/timedriven.de\/de\/wp-json\/wp\/v2\/product_tag?post=21082"},{"taxonomy":"watch-type","embeddable":true,"href":"https:\/\/timedriven.de\/de\/wp-json\/wp\/v2\/watch-type?post=21082"},{"taxonomy":"spare-parts---category","embeddable":true,"href":"https:\/\/timedriven.de\/de\/wp-json\/wp\/v2\/spare-parts---category?post=21082"},{"taxonomy":"included","embeddable":true,"href":"https:\/\/timedriven.de\/de\/wp-json\/wp\/v2\/included?post=21082"},{"taxonomy":"condition","embeddable":true,"href":"https:\/\/timedriven.de\/de\/wp-json\/wp\/v2\/condition?post=21082"},{"taxonomy":"year-made","embeddable":true,"href":"https:\/\/timedriven.de\/de\/wp-json\/wp\/v2\/year-made?post=21082"},{"taxonomy":"dial-color","embeddable":true,"href":"https:\/\/timedriven.de\/de\/wp-json\/wp\/v2\/dial-color?post=21082"},{"taxonomy":"watch-material","embeddable":true,"href":"https:\/\/timedriven.de\/de\/wp-json\/wp\/v2\/watch-material?post=21082"},{"taxonomy":"movement","embeddable":true,"href":"https:\/\/timedriven.de\/de\/wp-json\/wp\/v2\/movement?post=21082"},{"taxonomy":"brands","embeddable":true,"href":"https:\/\/timedriven.de\/de\/wp-json\/wp\/v2\/brands?post=21082"}],"curies":[{"name":"wp","href":"https:\/\/api.w.org\/{rel}","templated":true}]}}