{"id":21822,"date":"2024-03-12T11:58:33","date_gmt":"2024-03-12T09:58:33","guid":{"rendered":"https:\/\/timedriven.de\/?post_type=product&#038;p=21822"},"modified":"2024-10-03T19:44:56","modified_gmt":"2024-10-03T17:44:56","slug":"omega-seamaster-diver-gmt-full-set","status":"publish","type":"product","link":"https:\/\/timedriven.de\/de\/produkt\/omega-seamaster-diver-gmt-full-set\/","title":{"rendered":"OMEGA Seamaster Diver GMT Komplettset"},"content":{"rendered":"","protected":false},"excerpt":{"rendered":"<p>Entdecken Sie den Inbegriff von Pr\u00e4zision und Stil mit der OMEGA Seamaster Diver GMT Full Set. Dieser Zeitmesser wurde f\u00fcr den modernen Abenteurer entwickelt und verbindet Funktionalit\u00e4t und Raffinesse. Mit der GMT-Funktion k\u00f6nnen Sie problemlos mehrere Zeitzonen verfolgen &#8211; ideal f\u00fcr Globetrotter und Jetsetter.<\/p>\n<p>Erleben Sie die unvergleichliche Leistung der Seamaster mit ihrem robusten Design, das den Strapazen der Tiefsee standh\u00e4lt und an Land Eleganz ausstrahlt. Komplett mit Box, Papieren und Garantie ist dieser Zeitmesser mehr als nur eine Uhr &#8211; er ist ein Statement f\u00fcr Luxus und Zuverl\u00e4ssigkeit.<\/p>\n<p>Erh\u00f6hen Sie Ihr Spiel am Handgelenk und machen Sie sich das Verm\u00e4chtnis der OMEGA-Handwerkskunst zu eigen. Tauchen Sie ein in eine Welt der unbegrenzten M\u00f6glichkeiten mit der Seamaster Diver GMT Full Set.<\/p>\n","protected":false},"featured_media":21824,"template":"","meta":[],"product_brand":[],"product_cat":[572,571],"product_tag":[620],"watch-type":[625],"spare-parts---category":[],"included":[629],"condition":[600],"year-made":[897],"dial-color":[615],"watch-material":[613],"movement":[666],"brands":[596],"class_list":{"0":"post-21822","1":"product","2":"type-product","3":"status-publish","4":"has-post-thumbnail","6":"product_cat-uhren","7":"product_cat-unkategorisiert","8":"product_tag-herren","9":"watch-type-herren","10":"included-papers-de","11":"condition-gebraucht","12":"year-made-2014-de","13":"dial-color-blau","14":"watch-material-edelstahl","15":"movement-automatisch","16":"brands-omega-de","18":"first","19":"outofstock","20":"purchasable","21":"product-type-simple"},"_links":{"self":[{"href":"https:\/\/timedriven.de\/de\/wp-json\/wp\/v2\/product\/21822","targetHints":{"allow":["GET"]}}],"collection":[{"href":"https:\/\/timedriven.de\/de\/wp-json\/wp\/v2\/product"}],"about":[{"href":"https:\/\/timedriven.de\/de\/wp-json\/wp\/v2\/types\/product"}],"wp:featuredmedia":[{"embeddable":true,"href":"https:\/\/timedriven.de\/de\/wp-json\/wp\/v2\/media\/21824"}],"wp:attachment":[{"href":"https:\/\/timedriven.de\/de\/wp-json\/wp\/v2\/media?parent=21822"}],"wp:term":[{"taxonomy":"product_brand","embeddable":true,"href":"https:\/\/timedriven.de\/de\/wp-json\/wp\/v2\/product_brand?post=21822"},{"taxonomy":"product_cat","embeddable":true,"href":"https:\/\/timedriven.de\/de\/wp-json\/wp\/v2\/product_cat?post=21822"},{"taxonomy":"product_tag","embeddable":true,"href":"https:\/\/timedriven.de\/de\/wp-json\/wp\/v2\/product_tag?post=21822"},{"taxonomy":"watch-type","embeddable":true,"href":"https:\/\/timedriven.de\/de\/wp-json\/wp\/v2\/watch-type?post=21822"},{"taxonomy":"spare-parts---category","embeddable":true,"href":"https:\/\/timedriven.de\/de\/wp-json\/wp\/v2\/spare-parts---category?post=21822"},{"taxonomy":"included","embeddable":true,"href":"https:\/\/timedriven.de\/de\/wp-json\/wp\/v2\/included?post=21822"},{"taxonomy":"condition","embeddable":true,"href":"https:\/\/timedriven.de\/de\/wp-json\/wp\/v2\/condition?post=21822"},{"taxonomy":"year-made","embeddable":true,"href":"https:\/\/timedriven.de\/de\/wp-json\/wp\/v2\/year-made?post=21822"},{"taxonomy":"dial-color","embeddable":true,"href":"https:\/\/timedriven.de\/de\/wp-json\/wp\/v2\/dial-color?post=21822"},{"taxonomy":"watch-material","embeddable":true,"href":"https:\/\/timedriven.de\/de\/wp-json\/wp\/v2\/watch-material?post=21822"},{"taxonomy":"movement","embeddable":true,"href":"https:\/\/timedriven.de\/de\/wp-json\/wp\/v2\/movement?post=21822"},{"taxonomy":"brands","embeddable":true,"href":"https:\/\/timedriven.de\/de\/wp-json\/wp\/v2\/brands?post=21822"}],"curies":[{"name":"wp","href":"https:\/\/api.w.org\/{rel}","templated":true}]}}