{"id":21876,"date":"2024-03-12T12:55:16","date_gmt":"2024-03-12T10:55:16","guid":{"rendered":"https:\/\/timedriven.de\/?post_type=product&#038;p=21876"},"modified":"2024-10-03T19:44:55","modified_gmt":"2024-10-03T17:44:55","slug":"iwc-pilot-mark-xviii-iw327001-full-set-2017","status":"publish","type":"product","link":"https:\/\/timedriven.de\/de\/produkt\/iwc-pilot-mark-xviii-iw327001-full-set-2017\/","title":{"rendered":"IWC Pilot Mark XVIII IW327001 Vollst\u00e4ndiges Set 2017"},"content":{"rendered":"","protected":false},"excerpt":{"rendered":"<p>Erleben Sie den Nervenkitzel der Luftfahrt mit der IWC Pilot Mark XVIII. Dieser ikonische Zeitmesser ist eine Hommage an das goldene Zeitalter der Luftfahrt und gleichzeitig eine hochmoderne Technologie f\u00fcr alle, die zu tr\u00e4umen wagen. Mit ihrem klassischen Design und ihrer pr\u00e4zisen Technik ist die Pilot Mark XVIII mehr als nur eine Uhr &#8211; sie ist ein Statement f\u00fcr Abenteuer und Eleganz. Egal, ob Sie durch die L\u00fcfte schweben oder sich im Gro\u00dfstadtdschungel bewegen, dieser Zeitmesser ist Ihr ultimativer Begleiter. G\u00f6nnen Sie sich das Erbe der IWC-Kunstfertigkeit und erh\u00f6hen Sie Ihren Stil mit der Pilot Mark XVIII. Lassen Sie sich vom Entdeckergeist anstecken und begeben Sie sich auf eine Reise wie nie zuvor.<\/p>\n","protected":false},"featured_media":36993,"template":"","meta":[],"product_brand":[],"product_cat":[572,571],"product_tag":[620],"watch-type":[625],"spare-parts---category":[],"included":[629],"condition":[600],"year-made":[912],"dial-color":[601],"watch-material":[613],"movement":[666],"brands":[594],"class_list":{"0":"post-21876","1":"product","2":"type-product","3":"status-publish","4":"has-post-thumbnail","6":"product_cat-uhren","7":"product_cat-unkategorisiert","8":"product_tag-herren","9":"watch-type-herren","10":"included-papers-de","11":"condition-gebraucht","12":"year-made-2017-de","13":"dial-color-schwarz","14":"watch-material-edelstahl","15":"movement-automatisch","16":"brands-iwc-de","18":"first","19":"outofstock","20":"sold-individually","21":"purchasable","22":"product-type-simple"},"_links":{"self":[{"href":"https:\/\/timedriven.de\/de\/wp-json\/wp\/v2\/product\/21876","targetHints":{"allow":["GET"]}}],"collection":[{"href":"https:\/\/timedriven.de\/de\/wp-json\/wp\/v2\/product"}],"about":[{"href":"https:\/\/timedriven.de\/de\/wp-json\/wp\/v2\/types\/product"}],"wp:featuredmedia":[{"embeddable":true,"href":"https:\/\/timedriven.de\/de\/wp-json\/wp\/v2\/media\/36993"}],"wp:attachment":[{"href":"https:\/\/timedriven.de\/de\/wp-json\/wp\/v2\/media?parent=21876"}],"wp:term":[{"taxonomy":"product_brand","embeddable":true,"href":"https:\/\/timedriven.de\/de\/wp-json\/wp\/v2\/product_brand?post=21876"},{"taxonomy":"product_cat","embeddable":true,"href":"https:\/\/timedriven.de\/de\/wp-json\/wp\/v2\/product_cat?post=21876"},{"taxonomy":"product_tag","embeddable":true,"href":"https:\/\/timedriven.de\/de\/wp-json\/wp\/v2\/product_tag?post=21876"},{"taxonomy":"watch-type","embeddable":true,"href":"https:\/\/timedriven.de\/de\/wp-json\/wp\/v2\/watch-type?post=21876"},{"taxonomy":"spare-parts---category","embeddable":true,"href":"https:\/\/timedriven.de\/de\/wp-json\/wp\/v2\/spare-parts---category?post=21876"},{"taxonomy":"included","embeddable":true,"href":"https:\/\/timedriven.de\/de\/wp-json\/wp\/v2\/included?post=21876"},{"taxonomy":"condition","embeddable":true,"href":"https:\/\/timedriven.de\/de\/wp-json\/wp\/v2\/condition?post=21876"},{"taxonomy":"year-made","embeddable":true,"href":"https:\/\/timedriven.de\/de\/wp-json\/wp\/v2\/year-made?post=21876"},{"taxonomy":"dial-color","embeddable":true,"href":"https:\/\/timedriven.de\/de\/wp-json\/wp\/v2\/dial-color?post=21876"},{"taxonomy":"watch-material","embeddable":true,"href":"https:\/\/timedriven.de\/de\/wp-json\/wp\/v2\/watch-material?post=21876"},{"taxonomy":"movement","embeddable":true,"href":"https:\/\/timedriven.de\/de\/wp-json\/wp\/v2\/movement?post=21876"},{"taxonomy":"brands","embeddable":true,"href":"https:\/\/timedriven.de\/de\/wp-json\/wp\/v2\/brands?post=21876"}],"curies":[{"name":"wp","href":"https:\/\/api.w.org\/{rel}","templated":true}]}}