{"id":21930,"date":"2024-03-12T14:39:14","date_gmt":"2024-03-12T12:39:14","guid":{"rendered":"https:\/\/timedriven.de\/?post_type=product&#038;p=21930"},"modified":"2024-10-03T19:44:55","modified_gmt":"2024-10-03T17:44:55","slug":"omega-planet-ocean-chrono-22105100-full-set-2010","status":"publish","type":"product","link":"https:\/\/timedriven.de\/de\/produkt\/omega-planet-ocean-chrono-22105100-full-set-2010\/","title":{"rendered":"OMEGA Planet Ocean Chrono 22105100 Komplettset 2010"},"content":{"rendered":"","protected":false},"excerpt":{"rendered":"<p>Tauchen Sie mit der OMEGA Planet Ocean Chrono in die Welt der Exzellenz ein. Dieser Zeitmesser wurde f\u00fcr mutige und abenteuerlustige Menschen entwickelt und verbindet Spitzentechnologie mit zeitlosem Stil.<\/p>\n<p>Die auf Pr\u00e4zision und Langlebigkeit ausgelegte Planet Ocean Chrono zeichnet sich durch ein robustes Design aus, das den Strapazen der Tiefsee und den Anforderungen des t\u00e4glichen Lebens standh\u00e4lt. Ob Sie die Tiefen des Ozeans erforschen oder den Gro\u00dfstadtdschungel erobern, diese Uhr ist Ihr ultimativer Begleiter.<\/p>\n<p>Mit ihrer Chronographenfunktion gew\u00e4hrleistet die Planet Ocean Chrono eine pr\u00e4zise Zeitmessung und ist damit ideal f\u00fcr den modernen Multitasker. Mit der OMEGA Planet Ocean Chrono setzen Sie einen eleganten Akzent an Ihrem Handgelenk. Tauchen Sie noch heute in Spitzenleistungen ein.<\/p>\n","protected":false},"featured_media":36995,"template":"","meta":[],"product_brand":[],"product_cat":[572,571],"product_tag":[620],"watch-type":[625],"spare-parts---category":[],"included":[629],"condition":[600],"year-made":[675],"dial-color":[601],"watch-material":[613],"movement":[666],"brands":[596],"class_list":{"0":"post-21930","1":"product","2":"type-product","3":"status-publish","4":"has-post-thumbnail","6":"product_cat-uhren","7":"product_cat-unkategorisiert","8":"product_tag-herren","9":"watch-type-herren","10":"included-papers-de","11":"condition-gebraucht","12":"year-made-2010-de","13":"dial-color-schwarz","14":"watch-material-edelstahl","15":"movement-automatisch","16":"brands-omega-de","18":"first","19":"outofstock","20":"purchasable","21":"product-type-simple"},"_links":{"self":[{"href":"https:\/\/timedriven.de\/de\/wp-json\/wp\/v2\/product\/21930","targetHints":{"allow":["GET"]}}],"collection":[{"href":"https:\/\/timedriven.de\/de\/wp-json\/wp\/v2\/product"}],"about":[{"href":"https:\/\/timedriven.de\/de\/wp-json\/wp\/v2\/types\/product"}],"wp:featuredmedia":[{"embeddable":true,"href":"https:\/\/timedriven.de\/de\/wp-json\/wp\/v2\/media\/36995"}],"wp:attachment":[{"href":"https:\/\/timedriven.de\/de\/wp-json\/wp\/v2\/media?parent=21930"}],"wp:term":[{"taxonomy":"product_brand","embeddable":true,"href":"https:\/\/timedriven.de\/de\/wp-json\/wp\/v2\/product_brand?post=21930"},{"taxonomy":"product_cat","embeddable":true,"href":"https:\/\/timedriven.de\/de\/wp-json\/wp\/v2\/product_cat?post=21930"},{"taxonomy":"product_tag","embeddable":true,"href":"https:\/\/timedriven.de\/de\/wp-json\/wp\/v2\/product_tag?post=21930"},{"taxonomy":"watch-type","embeddable":true,"href":"https:\/\/timedriven.de\/de\/wp-json\/wp\/v2\/watch-type?post=21930"},{"taxonomy":"spare-parts---category","embeddable":true,"href":"https:\/\/timedriven.de\/de\/wp-json\/wp\/v2\/spare-parts---category?post=21930"},{"taxonomy":"included","embeddable":true,"href":"https:\/\/timedriven.de\/de\/wp-json\/wp\/v2\/included?post=21930"},{"taxonomy":"condition","embeddable":true,"href":"https:\/\/timedriven.de\/de\/wp-json\/wp\/v2\/condition?post=21930"},{"taxonomy":"year-made","embeddable":true,"href":"https:\/\/timedriven.de\/de\/wp-json\/wp\/v2\/year-made?post=21930"},{"taxonomy":"dial-color","embeddable":true,"href":"https:\/\/timedriven.de\/de\/wp-json\/wp\/v2\/dial-color?post=21930"},{"taxonomy":"watch-material","embeddable":true,"href":"https:\/\/timedriven.de\/de\/wp-json\/wp\/v2\/watch-material?post=21930"},{"taxonomy":"movement","embeddable":true,"href":"https:\/\/timedriven.de\/de\/wp-json\/wp\/v2\/movement?post=21930"},{"taxonomy":"brands","embeddable":true,"href":"https:\/\/timedriven.de\/de\/wp-json\/wp\/v2\/brands?post=21930"}],"curies":[{"name":"wp","href":"https:\/\/api.w.org\/{rel}","templated":true}]}}