{"id":23398,"date":"2024-04-03T12:26:43","date_gmt":"2024-04-03T10:26:43","guid":{"rendered":"https:\/\/timedriven.de\/?post_type=product&#038;p=23398"},"modified":"2024-10-03T19:44:44","modified_gmt":"2024-10-03T17:44:44","slug":"omega-constellation-34","status":"publish","type":"product","link":"https:\/\/timedriven.de\/de\/produkt\/omega-constellation-34\/","title":{"rendered":"OMEGA Constellation 34"},"content":{"rendered":"","protected":false},"excerpt":{"rendered":"<p>Pr\u00e4sentieren wir die OMEGA Constellation Steel\/Gold: eine zeitlose Kombination aus Edelstahl und luxuri\u00f6sem 18K-Gold. Mit ihrem ikonischen Design, einschlie\u00dflich der charakteristischen &#8222;Griffes&#8220;, und angetrieben von einem pr\u00e4zisen Quarzwerk, strahlt diese Uhr Raffinesse aus. Erh\u00e4ltlich mit einem faszinierenden wei\u00dfen Zifferblatt und ausgestattet mit einem integrierten Armband ist sie das Sinnbild f\u00fcr Eleganz bei jedem Anlass.<\/p>\n","protected":false},"featured_media":23400,"template":"","meta":[],"product_brand":[],"product_cat":[572,571],"product_tag":[],"watch-type":[1557,625],"spare-parts---category":[],"included":[],"condition":[600],"year-made":[641],"dial-color":[659],"watch-material":[662],"movement":[602],"brands":[596],"class_list":{"0":"post-23398","1":"product","2":"type-product","3":"status-publish","4":"has-post-thumbnail","6":"product_cat-uhren","7":"product_cat-unkategorisiert","8":"watch-type-damenwelt","9":"watch-type-herren","10":"condition-gebraucht","11":"year-made-1995-de","12":"dial-color-weis","13":"watch-material-edelstahl-gold","14":"movement-quarz-de","15":"brands-omega-de","17":"first","18":"outofstock","19":"sold-individually","20":"purchasable","21":"product-type-simple"},"_links":{"self":[{"href":"https:\/\/timedriven.de\/de\/wp-json\/wp\/v2\/product\/23398","targetHints":{"allow":["GET"]}}],"collection":[{"href":"https:\/\/timedriven.de\/de\/wp-json\/wp\/v2\/product"}],"about":[{"href":"https:\/\/timedriven.de\/de\/wp-json\/wp\/v2\/types\/product"}],"wp:featuredmedia":[{"embeddable":true,"href":"https:\/\/timedriven.de\/de\/wp-json\/wp\/v2\/media\/23400"}],"wp:attachment":[{"href":"https:\/\/timedriven.de\/de\/wp-json\/wp\/v2\/media?parent=23398"}],"wp:term":[{"taxonomy":"product_brand","embeddable":true,"href":"https:\/\/timedriven.de\/de\/wp-json\/wp\/v2\/product_brand?post=23398"},{"taxonomy":"product_cat","embeddable":true,"href":"https:\/\/timedriven.de\/de\/wp-json\/wp\/v2\/product_cat?post=23398"},{"taxonomy":"product_tag","embeddable":true,"href":"https:\/\/timedriven.de\/de\/wp-json\/wp\/v2\/product_tag?post=23398"},{"taxonomy":"watch-type","embeddable":true,"href":"https:\/\/timedriven.de\/de\/wp-json\/wp\/v2\/watch-type?post=23398"},{"taxonomy":"spare-parts---category","embeddable":true,"href":"https:\/\/timedriven.de\/de\/wp-json\/wp\/v2\/spare-parts---category?post=23398"},{"taxonomy":"included","embeddable":true,"href":"https:\/\/timedriven.de\/de\/wp-json\/wp\/v2\/included?post=23398"},{"taxonomy":"condition","embeddable":true,"href":"https:\/\/timedriven.de\/de\/wp-json\/wp\/v2\/condition?post=23398"},{"taxonomy":"year-made","embeddable":true,"href":"https:\/\/timedriven.de\/de\/wp-json\/wp\/v2\/year-made?post=23398"},{"taxonomy":"dial-color","embeddable":true,"href":"https:\/\/timedriven.de\/de\/wp-json\/wp\/v2\/dial-color?post=23398"},{"taxonomy":"watch-material","embeddable":true,"href":"https:\/\/timedriven.de\/de\/wp-json\/wp\/v2\/watch-material?post=23398"},{"taxonomy":"movement","embeddable":true,"href":"https:\/\/timedriven.de\/de\/wp-json\/wp\/v2\/movement?post=23398"},{"taxonomy":"brands","embeddable":true,"href":"https:\/\/timedriven.de\/de\/wp-json\/wp\/v2\/brands?post=23398"}],"curies":[{"name":"wp","href":"https:\/\/api.w.org\/{rel}","templated":true}]}}