{"id":23669,"date":"2024-04-05T09:20:53","date_gmt":"2024-04-05T07:20:53","guid":{"rendered":"https:\/\/timedriven.de\/?post_type=product&#038;p=23669"},"modified":"2024-10-03T19:44:42","modified_gmt":"2024-10-03T17:44:42","slug":"iwc-pilot-top-gun","status":"publish","type":"product","link":"https:\/\/timedriven.de\/de\/produkt\/iwc-pilot-top-gun\/","title":{"rendered":"IWC Pilot Top Gun"},"content":{"rendered":"","protected":false},"excerpt":{"rendered":"<p>Die IWC Pilot&#8217;s Watch Top Gun IW389101 ist eine schlanke und robuste Uhr, die speziell f\u00fcr Luftfahrt-Enthusiasten entwickelt wurde. Hergestellt aus Keramik f\u00fcr Strapazierf\u00e4higkeit, verf\u00fcgt sie \u00fcber ein milit\u00e4risch inspiriertes Design f\u00fcr optimale Ablesbarkeit, selbst bei schlechten Lichtverh\u00e4ltnissen. Die Chronographenfunktion erm\u00f6glicht eine pr\u00e4zise Zeitmessung, ideal f\u00fcr Piloten. Angetrieben von einem zuverl\u00e4ssigen Automatikwerk, gew\u00e4hrleistet sie eine genaue Zeitmessung. Mit Wasserbest\u00e4ndigkeit und einem komfortablen Armband ist sie funktional und stilvoll zugleich und erfreut sich bei Uhrenliebhabern und Profis gleicherma\u00dfen gro\u00dfer Beliebtheit.<\/p>\n","protected":false},"featured_media":23671,"template":"","meta":[],"product_brand":[],"product_cat":[572,571],"product_tag":[620],"watch-type":[625],"spare-parts---category":[],"included":[],"condition":[600],"year-made":[889],"dial-color":[601],"watch-material":[1628],"movement":[666],"brands":[594],"class_list":{"0":"post-23669","1":"product","2":"type-product","3":"status-publish","4":"has-post-thumbnail","6":"product_cat-uhren","7":"product_cat-unkategorisiert","8":"product_tag-herren","9":"watch-type-herren","10":"condition-gebraucht","11":"year-made-2019-de","12":"dial-color-schwarz","13":"watch-material-keramik","14":"movement-automatisch","15":"brands-iwc-de","17":"first","18":"outofstock","19":"sold-individually","20":"purchasable","21":"product-type-simple"},"_links":{"self":[{"href":"https:\/\/timedriven.de\/de\/wp-json\/wp\/v2\/product\/23669","targetHints":{"allow":["GET"]}}],"collection":[{"href":"https:\/\/timedriven.de\/de\/wp-json\/wp\/v2\/product"}],"about":[{"href":"https:\/\/timedriven.de\/de\/wp-json\/wp\/v2\/types\/product"}],"wp:featuredmedia":[{"embeddable":true,"href":"https:\/\/timedriven.de\/de\/wp-json\/wp\/v2\/media\/23671"}],"wp:attachment":[{"href":"https:\/\/timedriven.de\/de\/wp-json\/wp\/v2\/media?parent=23669"}],"wp:term":[{"taxonomy":"product_brand","embeddable":true,"href":"https:\/\/timedriven.de\/de\/wp-json\/wp\/v2\/product_brand?post=23669"},{"taxonomy":"product_cat","embeddable":true,"href":"https:\/\/timedriven.de\/de\/wp-json\/wp\/v2\/product_cat?post=23669"},{"taxonomy":"product_tag","embeddable":true,"href":"https:\/\/timedriven.de\/de\/wp-json\/wp\/v2\/product_tag?post=23669"},{"taxonomy":"watch-type","embeddable":true,"href":"https:\/\/timedriven.de\/de\/wp-json\/wp\/v2\/watch-type?post=23669"},{"taxonomy":"spare-parts---category","embeddable":true,"href":"https:\/\/timedriven.de\/de\/wp-json\/wp\/v2\/spare-parts---category?post=23669"},{"taxonomy":"included","embeddable":true,"href":"https:\/\/timedriven.de\/de\/wp-json\/wp\/v2\/included?post=23669"},{"taxonomy":"condition","embeddable":true,"href":"https:\/\/timedriven.de\/de\/wp-json\/wp\/v2\/condition?post=23669"},{"taxonomy":"year-made","embeddable":true,"href":"https:\/\/timedriven.de\/de\/wp-json\/wp\/v2\/year-made?post=23669"},{"taxonomy":"dial-color","embeddable":true,"href":"https:\/\/timedriven.de\/de\/wp-json\/wp\/v2\/dial-color?post=23669"},{"taxonomy":"watch-material","embeddable":true,"href":"https:\/\/timedriven.de\/de\/wp-json\/wp\/v2\/watch-material?post=23669"},{"taxonomy":"movement","embeddable":true,"href":"https:\/\/timedriven.de\/de\/wp-json\/wp\/v2\/movement?post=23669"},{"taxonomy":"brands","embeddable":true,"href":"https:\/\/timedriven.de\/de\/wp-json\/wp\/v2\/brands?post=23669"}],"curies":[{"name":"wp","href":"https:\/\/api.w.org\/{rel}","templated":true}]}}