{"id":25788,"date":"2024-04-29T19:16:11","date_gmt":"2024-04-29T17:16:11","guid":{"rendered":"https:\/\/timedriven.de\/?post_type=product&#038;p=25788"},"modified":"2024-10-03T19:40:14","modified_gmt":"2024-10-03T17:40:14","slug":"rolex-submariner-no-date-40-copy-copy","status":"publish","type":"product","link":"https:\/\/timedriven.de\/de\/produkt\/rolex-submariner-no-date-40-copy-copy\/","title":{"rendered":"Girard Perregaux Laureato 42"},"content":{"rendered":"","protected":false},"excerpt":{"rendered":"<p>Die Girard-Perregaux Laureato 42 ist eine elegante Uhr mit einer achteckigen L\u00fcnette, typischerweise aus Edelstahl, und einem Geh\u00e4use mit 42 mm Durchmesser. Das Zifferblatt ist mit applizierten Stundenmarkierungen und Leuchtzeigern versehen. Angetrieben von hochwertigen hauseigenen Uhrwerken bietet es Zuverl\u00e4ssigkeit und Pr\u00e4zision. In Kombination mit einem integrierten Armband ist es sowohl bequem als auch stilvoll, wahlweise mit Kautschuk- oder Lederarmb\u00e4ndern. Dank der guten Wasserbest\u00e4ndigkeit eignet es sich f\u00fcr den t\u00e4glichen Gebrauch und leichte Wasseraktivit\u00e4ten.<\/p>\n","protected":false},"featured_media":25792,"template":"","meta":[],"product_brand":[],"product_cat":[572,571],"product_tag":[],"watch-type":[625],"spare-parts---category":[],"included":[629],"condition":[631],"year-made":[1643],"dial-color":[615],"watch-material":[613],"movement":[666],"brands":[2179],"class_list":{"0":"post-25788","1":"product","2":"type-product","3":"status-publish","4":"has-post-thumbnail","6":"product_cat-uhren","7":"product_cat-unkategorisiert","8":"watch-type-herren","9":"included-papers-de","10":"condition-neu","11":"year-made-2024-de","12":"dial-color-blau","13":"watch-material-edelstahl","14":"movement-automatisch","15":"brands-girard-perregaux-de","17":"first","18":"outofstock","19":"sold-individually","20":"purchasable","21":"product-type-simple"},"_links":{"self":[{"href":"https:\/\/timedriven.de\/de\/wp-json\/wp\/v2\/product\/25788","targetHints":{"allow":["GET"]}}],"collection":[{"href":"https:\/\/timedriven.de\/de\/wp-json\/wp\/v2\/product"}],"about":[{"href":"https:\/\/timedriven.de\/de\/wp-json\/wp\/v2\/types\/product"}],"wp:featuredmedia":[{"embeddable":true,"href":"https:\/\/timedriven.de\/de\/wp-json\/wp\/v2\/media\/25792"}],"wp:attachment":[{"href":"https:\/\/timedriven.de\/de\/wp-json\/wp\/v2\/media?parent=25788"}],"wp:term":[{"taxonomy":"product_brand","embeddable":true,"href":"https:\/\/timedriven.de\/de\/wp-json\/wp\/v2\/product_brand?post=25788"},{"taxonomy":"product_cat","embeddable":true,"href":"https:\/\/timedriven.de\/de\/wp-json\/wp\/v2\/product_cat?post=25788"},{"taxonomy":"product_tag","embeddable":true,"href":"https:\/\/timedriven.de\/de\/wp-json\/wp\/v2\/product_tag?post=25788"},{"taxonomy":"watch-type","embeddable":true,"href":"https:\/\/timedriven.de\/de\/wp-json\/wp\/v2\/watch-type?post=25788"},{"taxonomy":"spare-parts---category","embeddable":true,"href":"https:\/\/timedriven.de\/de\/wp-json\/wp\/v2\/spare-parts---category?post=25788"},{"taxonomy":"included","embeddable":true,"href":"https:\/\/timedriven.de\/de\/wp-json\/wp\/v2\/included?post=25788"},{"taxonomy":"condition","embeddable":true,"href":"https:\/\/timedriven.de\/de\/wp-json\/wp\/v2\/condition?post=25788"},{"taxonomy":"year-made","embeddable":true,"href":"https:\/\/timedriven.de\/de\/wp-json\/wp\/v2\/year-made?post=25788"},{"taxonomy":"dial-color","embeddable":true,"href":"https:\/\/timedriven.de\/de\/wp-json\/wp\/v2\/dial-color?post=25788"},{"taxonomy":"watch-material","embeddable":true,"href":"https:\/\/timedriven.de\/de\/wp-json\/wp\/v2\/watch-material?post=25788"},{"taxonomy":"movement","embeddable":true,"href":"https:\/\/timedriven.de\/de\/wp-json\/wp\/v2\/movement?post=25788"},{"taxonomy":"brands","embeddable":true,"href":"https:\/\/timedriven.de\/de\/wp-json\/wp\/v2\/brands?post=25788"}],"curies":[{"name":"wp","href":"https:\/\/api.w.org\/{rel}","templated":true}]}}