{"id":26454,"date":"2024-05-14T20:22:41","date_gmt":"2024-05-14T18:22:41","guid":{"rendered":"https:\/\/timedriven.de\/?post_type=product&#038;p=26454"},"modified":"2024-10-03T19:40:10","modified_gmt":"2024-10-03T17:40:10","slug":"tudor-pelagos-fxd-copy","status":"publish","type":"product","link":"https:\/\/timedriven.de\/de\/produkt\/tudor-pelagos-fxd-copy\/","title":{"rendered":"Tudor Pelagos FXD"},"content":{"rendered":"","protected":false},"excerpt":{"rendered":"<p>Wir stellen Ihnen die au\u00dfergew\u00f6hnliche Tudor Pelagos FXD, Referenz 25707B, vor, die als komplettes Set erh\u00e4ltlich ist. Dieser bemerkenswerte Zeitmesser ist f\u00fcr das Abenteuer gemacht und verk\u00f6rpert sowohl Innovation als auch Zuverl\u00e4ssigkeit. Mit ihrem unverwechselbaren Design und ihrer Eignung f\u00fcr extreme Bedingungen ist die Pelagos FXD ein echter Begleiter f\u00fcr Entdecker. Das komplette Set enth\u00e4lt alle wichtigen Accessoires und unterstreicht das Engagement der Marke f\u00fcr Qualit\u00e4t und Liebe zum Detail. Mit diesem umfassenden Tudor Pelagos FXD Set, einem Zeugnis f\u00fcr Pr\u00e4zision und Ausdauer auf jeder Expedition, wird Ihre Reise zum Erlebnis.<\/p>\n<div class=\"group w-full text-gray-800 dark:text-gray-100 border-b border-black\/10 dark:border-gray-900\/50 bg-gray-50 dark:bg-[#444654]\">\n<div class=\"text-base gap-4 md:gap-6 md:max-w-2xl lg:max-w-xl xl:max-w-3xl p-4 md:py-6 flex lg:px-0 m-auto\">\n<div class=\"relative flex w-[calc(100%-50px)] flex-col gap-1 md:gap-3 lg:w-[calc(100%-115px)]\">\n<div class=\"flex justify-between lg:block\">\n<div class=\"text-gray-400 flex self-end lg:self-center justify-center mt-2 gap-2 md:gap-3 lg:gap-1 lg:absolute lg:top-0 lg:translate-x-full lg:right-0 lg:mt-0 lg:pl-2 visible\"><\/div>\n<\/div>\n<\/div>\n<\/div>\n<\/div>\n","protected":false},"featured_media":14754,"template":"","meta":[],"product_brand":[],"product_cat":[572,571],"product_tag":[],"watch-type":[625],"spare-parts---category":[],"included":[629],"condition":[631],"year-made":[838],"dial-color":[615],"watch-material":[663],"movement":[666],"brands":[599],"class_list":{"0":"post-26454","1":"product","2":"type-product","3":"status-publish","4":"has-post-thumbnail","6":"product_cat-uhren","7":"product_cat-unkategorisiert","8":"watch-type-herren","9":"included-papers-de","10":"condition-neu","11":"year-made-2023-de","12":"dial-color-blau","13":"watch-material-titan","14":"movement-automatisch","15":"brands-tudor-de","17":"first","18":"outofstock","19":"sold-individually","20":"purchasable","21":"product-type-simple"},"_links":{"self":[{"href":"https:\/\/timedriven.de\/de\/wp-json\/wp\/v2\/product\/26454","targetHints":{"allow":["GET"]}}],"collection":[{"href":"https:\/\/timedriven.de\/de\/wp-json\/wp\/v2\/product"}],"about":[{"href":"https:\/\/timedriven.de\/de\/wp-json\/wp\/v2\/types\/product"}],"wp:featuredmedia":[{"embeddable":true,"href":"https:\/\/timedriven.de\/de\/wp-json\/wp\/v2\/media\/14754"}],"wp:attachment":[{"href":"https:\/\/timedriven.de\/de\/wp-json\/wp\/v2\/media?parent=26454"}],"wp:term":[{"taxonomy":"product_brand","embeddable":true,"href":"https:\/\/timedriven.de\/de\/wp-json\/wp\/v2\/product_brand?post=26454"},{"taxonomy":"product_cat","embeddable":true,"href":"https:\/\/timedriven.de\/de\/wp-json\/wp\/v2\/product_cat?post=26454"},{"taxonomy":"product_tag","embeddable":true,"href":"https:\/\/timedriven.de\/de\/wp-json\/wp\/v2\/product_tag?post=26454"},{"taxonomy":"watch-type","embeddable":true,"href":"https:\/\/timedriven.de\/de\/wp-json\/wp\/v2\/watch-type?post=26454"},{"taxonomy":"spare-parts---category","embeddable":true,"href":"https:\/\/timedriven.de\/de\/wp-json\/wp\/v2\/spare-parts---category?post=26454"},{"taxonomy":"included","embeddable":true,"href":"https:\/\/timedriven.de\/de\/wp-json\/wp\/v2\/included?post=26454"},{"taxonomy":"condition","embeddable":true,"href":"https:\/\/timedriven.de\/de\/wp-json\/wp\/v2\/condition?post=26454"},{"taxonomy":"year-made","embeddable":true,"href":"https:\/\/timedriven.de\/de\/wp-json\/wp\/v2\/year-made?post=26454"},{"taxonomy":"dial-color","embeddable":true,"href":"https:\/\/timedriven.de\/de\/wp-json\/wp\/v2\/dial-color?post=26454"},{"taxonomy":"watch-material","embeddable":true,"href":"https:\/\/timedriven.de\/de\/wp-json\/wp\/v2\/watch-material?post=26454"},{"taxonomy":"movement","embeddable":true,"href":"https:\/\/timedriven.de\/de\/wp-json\/wp\/v2\/movement?post=26454"},{"taxonomy":"brands","embeddable":true,"href":"https:\/\/timedriven.de\/de\/wp-json\/wp\/v2\/brands?post=26454"}],"curies":[{"name":"wp","href":"https:\/\/api.w.org\/{rel}","templated":true}]}}