{"id":27160,"date":"2024-05-25T15:48:27","date_gmt":"2024-05-25T13:48:27","guid":{"rendered":"https:\/\/timedriven.de\/?post_type=product&#038;p=27160"},"modified":"2025-10-20T20:51:08","modified_gmt":"2025-10-20T18:51:08","slug":"jaeger-lecoultre-reverso-diamond-265-8-08-papers-2003-copy","status":"publish","type":"product","link":"https:\/\/timedriven.de\/de\/produkt\/jaeger-lecoultre-reverso-diamond-265-8-08-papers-2003-copy\/","title":{"rendered":"Jaeger-LeCoultre Reverso Quarz Q2618540 Full Set 2020"},"content":{"rendered":"","protected":false},"excerpt":{"rendered":"<div class=\"flex flex-grow flex-col max-w-full\">\n<div class=\"min-h-[20px] text-message flex flex-col items-start whitespace-pre-wrap break-words [.text-message+&amp;]:mt-5 juice:w-full juice:items-end overflow-x-auto gap-2\" dir=\"auto\" data-message-author-role=\"assistant\" data-message-id=\"0575b1d4-a21d-4e41-a38d-edf2b5fd4edb\">\n<div class=\"flex w-full flex-col gap-1 juice:empty:hidden juice:first:pt-[3px]\">\n<div class=\"markdown prose w-full break-words dark:prose-invert light\">\n<p>Die Jaeger-LeCoultre mit der Referenz Q2618540 ist eine exquisite Quarzuhr mit einem silbernen Zifferblatt, die als Komplettsatz aus dem Jahr 2020 angeboten wird. Das elegante Design dieser Uhr wird durch ihr 39 mm gro\u00dfes Edelstahlgeh\u00e4use erg\u00e4nzt. Arabische Ziffern auf dem Zifferblatt verleihen einen Hauch von Raffinesse, w\u00e4hrend die blauen Zeiger subtilen Kontrast bieten. Sie wird von einem hochpr\u00e4zisen Quarzuhrwerk angetrieben, das Zuverl\u00e4ssigkeit und Genauigkeit garantiert. Diese Uhr wird komplett mit ihrer Originalverpackung und allen dazugeh\u00f6rigen Papieren geliefert, was ihre Authentizit\u00e4t sichert und ihren Sammlerwert erh\u00f6ht. Mit ihrer zeitlosen \u00c4sthetik und der handwerklichen Exzellenz, die mit Jaeger-LeCoultre verbunden ist, symbolisiert diese Uhr Stil und Eleganz.<\/p>\n<\/div>\n<\/div>\n<\/div>\n<\/div>\n","protected":false},"featured_media":35472,"template":"","meta":[],"product_brand":[],"product_cat":[572,571],"product_tag":[1794],"watch-type":[625],"spare-parts---category":[],"included":[629],"condition":[600],"year-made":[702],"dial-color":[658],"watch-material":[613],"movement":[602],"brands":[595],"class_list":{"0":"post-27160","1":"product","2":"type-product","3":"status-publish","4":"has-post-thumbnail","6":"product_cat-uhren","7":"product_cat-unkategorisiert","8":"product_tag-frau","9":"watch-type-herren","10":"included-papers-de","11":"condition-gebraucht","12":"year-made-2020-de","13":"dial-color-silber","14":"watch-material-edelstahl","15":"movement-quarz-de","16":"brands-jaeger-lecoultre-de","18":"first","19":"outofstock","20":"sale","21":"sold-individually","22":"purchasable","23":"product-type-simple"},"_links":{"self":[{"href":"https:\/\/timedriven.de\/de\/wp-json\/wp\/v2\/product\/27160","targetHints":{"allow":["GET"]}}],"collection":[{"href":"https:\/\/timedriven.de\/de\/wp-json\/wp\/v2\/product"}],"about":[{"href":"https:\/\/timedriven.de\/de\/wp-json\/wp\/v2\/types\/product"}],"wp:featuredmedia":[{"embeddable":true,"href":"https:\/\/timedriven.de\/de\/wp-json\/wp\/v2\/media\/35472"}],"wp:attachment":[{"href":"https:\/\/timedriven.de\/de\/wp-json\/wp\/v2\/media?parent=27160"}],"wp:term":[{"taxonomy":"product_brand","embeddable":true,"href":"https:\/\/timedriven.de\/de\/wp-json\/wp\/v2\/product_brand?post=27160"},{"taxonomy":"product_cat","embeddable":true,"href":"https:\/\/timedriven.de\/de\/wp-json\/wp\/v2\/product_cat?post=27160"},{"taxonomy":"product_tag","embeddable":true,"href":"https:\/\/timedriven.de\/de\/wp-json\/wp\/v2\/product_tag?post=27160"},{"taxonomy":"watch-type","embeddable":true,"href":"https:\/\/timedriven.de\/de\/wp-json\/wp\/v2\/watch-type?post=27160"},{"taxonomy":"spare-parts---category","embeddable":true,"href":"https:\/\/timedriven.de\/de\/wp-json\/wp\/v2\/spare-parts---category?post=27160"},{"taxonomy":"included","embeddable":true,"href":"https:\/\/timedriven.de\/de\/wp-json\/wp\/v2\/included?post=27160"},{"taxonomy":"condition","embeddable":true,"href":"https:\/\/timedriven.de\/de\/wp-json\/wp\/v2\/condition?post=27160"},{"taxonomy":"year-made","embeddable":true,"href":"https:\/\/timedriven.de\/de\/wp-json\/wp\/v2\/year-made?post=27160"},{"taxonomy":"dial-color","embeddable":true,"href":"https:\/\/timedriven.de\/de\/wp-json\/wp\/v2\/dial-color?post=27160"},{"taxonomy":"watch-material","embeddable":true,"href":"https:\/\/timedriven.de\/de\/wp-json\/wp\/v2\/watch-material?post=27160"},{"taxonomy":"movement","embeddable":true,"href":"https:\/\/timedriven.de\/de\/wp-json\/wp\/v2\/movement?post=27160"},{"taxonomy":"brands","embeddable":true,"href":"https:\/\/timedriven.de\/de\/wp-json\/wp\/v2\/brands?post=27160"}],"curies":[{"name":"wp","href":"https:\/\/api.w.org\/{rel}","templated":true}]}}