{"id":27242,"date":"2024-05-29T17:09:25","date_gmt":"2024-05-29T15:09:25","guid":{"rendered":"https:\/\/timedriven.de\/?post_type=product&#038;p=27242"},"modified":"2024-10-03T19:40:06","modified_gmt":"2024-10-03T17:40:06","slug":"omega-speedmaster-datum-panda-copy-2","status":"publish","type":"product","link":"https:\/\/timedriven.de\/de\/produkt\/omega-speedmaster-datum-panda-copy-2\/","title":{"rendered":"OMEGA Speedmaster Datum Panda 2017"},"content":{"rendered":"","protected":false},"excerpt":{"rendered":"<p>Begeben Sie sich auf eine aufregende Reise mit der Omega Speedmaster Date, einem dynamischen Zeitmesser aus dem Jahr 2017, der jetzt erh\u00e4ltlich ist. Sp\u00fcren Sie den Puls der Rennstrecke mit der Omega Speedmaster Date, die entwickelt wurde, um das Adrenalin und die Pr\u00e4zision des Motorsports einzufangen. Tauchen Sie ein in das k\u00fchne Design mit dem Rennsport-Zifferblatt, den markanten Hilfszifferbl\u00e4ttern und der Tachymeter-L\u00fcnette, die den Geist des Hochgeschwindigkeits-Wettbewerbs verk\u00f6rpert.<\/p>\n","protected":false},"featured_media":27244,"template":"","meta":[],"product_brand":[],"product_cat":[572,571],"product_tag":[620],"watch-type":[],"spare-parts---category":[],"included":[],"condition":[600],"year-made":[912],"dial-color":[654],"watch-material":[613],"movement":[666],"brands":[596],"class_list":{"0":"post-27242","1":"product","2":"type-product","3":"status-publish","4":"has-post-thumbnail","6":"product_cat-uhren","7":"product_cat-unkategorisiert","8":"product_tag-herren","9":"condition-gebraucht","10":"year-made-2017-de","11":"dial-color-grau","12":"watch-material-edelstahl","13":"movement-automatisch","14":"brands-omega-de","16":"first","17":"outofstock","18":"sold-individually","19":"purchasable","20":"product-type-simple"},"_links":{"self":[{"href":"https:\/\/timedriven.de\/de\/wp-json\/wp\/v2\/product\/27242","targetHints":{"allow":["GET"]}}],"collection":[{"href":"https:\/\/timedriven.de\/de\/wp-json\/wp\/v2\/product"}],"about":[{"href":"https:\/\/timedriven.de\/de\/wp-json\/wp\/v2\/types\/product"}],"wp:featuredmedia":[{"embeddable":true,"href":"https:\/\/timedriven.de\/de\/wp-json\/wp\/v2\/media\/27244"}],"wp:attachment":[{"href":"https:\/\/timedriven.de\/de\/wp-json\/wp\/v2\/media?parent=27242"}],"wp:term":[{"taxonomy":"product_brand","embeddable":true,"href":"https:\/\/timedriven.de\/de\/wp-json\/wp\/v2\/product_brand?post=27242"},{"taxonomy":"product_cat","embeddable":true,"href":"https:\/\/timedriven.de\/de\/wp-json\/wp\/v2\/product_cat?post=27242"},{"taxonomy":"product_tag","embeddable":true,"href":"https:\/\/timedriven.de\/de\/wp-json\/wp\/v2\/product_tag?post=27242"},{"taxonomy":"watch-type","embeddable":true,"href":"https:\/\/timedriven.de\/de\/wp-json\/wp\/v2\/watch-type?post=27242"},{"taxonomy":"spare-parts---category","embeddable":true,"href":"https:\/\/timedriven.de\/de\/wp-json\/wp\/v2\/spare-parts---category?post=27242"},{"taxonomy":"included","embeddable":true,"href":"https:\/\/timedriven.de\/de\/wp-json\/wp\/v2\/included?post=27242"},{"taxonomy":"condition","embeddable":true,"href":"https:\/\/timedriven.de\/de\/wp-json\/wp\/v2\/condition?post=27242"},{"taxonomy":"year-made","embeddable":true,"href":"https:\/\/timedriven.de\/de\/wp-json\/wp\/v2\/year-made?post=27242"},{"taxonomy":"dial-color","embeddable":true,"href":"https:\/\/timedriven.de\/de\/wp-json\/wp\/v2\/dial-color?post=27242"},{"taxonomy":"watch-material","embeddable":true,"href":"https:\/\/timedriven.de\/de\/wp-json\/wp\/v2\/watch-material?post=27242"},{"taxonomy":"movement","embeddable":true,"href":"https:\/\/timedriven.de\/de\/wp-json\/wp\/v2\/movement?post=27242"},{"taxonomy":"brands","embeddable":true,"href":"https:\/\/timedriven.de\/de\/wp-json\/wp\/v2\/brands?post=27242"}],"curies":[{"name":"wp","href":"https:\/\/api.w.org\/{rel}","templated":true}]}}