{"id":27458,"date":"2024-06-01T17:20:21","date_gmt":"2024-06-01T15:20:21","guid":{"rendered":"https:\/\/timedriven.de\/?post_type=product&#038;p=27458"},"modified":"2024-10-03T19:34:56","modified_gmt":"2024-10-03T17:34:56","slug":"rolex-yachtmaster-i-copy-copy-copy-copy","status":"publish","type":"product","link":"https:\/\/timedriven.de\/de\/produkt\/rolex-yachtmaster-i-copy-copy-copy-copy\/","title":{"rendered":"Rolex Yachtmaster 40 16623 2006"},"content":{"rendered":"","protected":false},"excerpt":{"rendered":"<p>Die Rolex 16623 oder Yacht-Master 40 ist eine luxuri\u00f6se, sportliche Uhr aus dem Jahr 2006. Sie verf\u00fcgt \u00fcber ein 40-mm-Geh\u00e4use aus Edelstahl und 18 Karat Gelbgold mit einer bidirektionalen Goldl\u00fcnette und kratzfestem Saphirglas. Sie ist wasserdicht bis 100 Meter und verf\u00fcgt \u00fcber ein leuchtendes Zifferblatt in mehreren Farben. Angetrieben wird sie vom Automatikwerk Rolex Kaliber 3135 mit einer Gangreserve von 48 Stunden und COSC-Zertifizierung. Zur Uhr geh\u00f6rt ein Oyster-Armband mit Sicherheitsfaltschlie\u00dfe. Bemerkenswert f\u00fcr seine Mischung aus Eleganz und Funktionalit\u00e4t.<\/p>\n","protected":false},"featured_media":0,"template":"","meta":[],"product_brand":[],"product_cat":[572,571],"product_tag":[1735,620],"watch-type":[626,625],"spare-parts---category":[],"included":[],"condition":[600],"year-made":[1152],"dial-color":[658],"watch-material":[662],"movement":[666],"brands":[598],"class_list":{"0":"post-27458","1":"product","2":"type-product","3":"status-publish","5":"product_cat-uhren","6":"product_cat-unkategorisiert","7":"product_tag-frauen","8":"product_tag-herren","9":"watch-type-damen","10":"watch-type-herren","11":"condition-gebraucht","12":"year-made-2006-de","13":"dial-color-silber","14":"watch-material-edelstahl-gold","15":"movement-automatisch","16":"brands-rolex-de","18":"first","19":"outofstock","20":"sold-individually","21":"purchasable","22":"product-type-simple"},"_links":{"self":[{"href":"https:\/\/timedriven.de\/de\/wp-json\/wp\/v2\/product\/27458","targetHints":{"allow":["GET"]}}],"collection":[{"href":"https:\/\/timedriven.de\/de\/wp-json\/wp\/v2\/product"}],"about":[{"href":"https:\/\/timedriven.de\/de\/wp-json\/wp\/v2\/types\/product"}],"wp:attachment":[{"href":"https:\/\/timedriven.de\/de\/wp-json\/wp\/v2\/media?parent=27458"}],"wp:term":[{"taxonomy":"product_brand","embeddable":true,"href":"https:\/\/timedriven.de\/de\/wp-json\/wp\/v2\/product_brand?post=27458"},{"taxonomy":"product_cat","embeddable":true,"href":"https:\/\/timedriven.de\/de\/wp-json\/wp\/v2\/product_cat?post=27458"},{"taxonomy":"product_tag","embeddable":true,"href":"https:\/\/timedriven.de\/de\/wp-json\/wp\/v2\/product_tag?post=27458"},{"taxonomy":"watch-type","embeddable":true,"href":"https:\/\/timedriven.de\/de\/wp-json\/wp\/v2\/watch-type?post=27458"},{"taxonomy":"spare-parts---category","embeddable":true,"href":"https:\/\/timedriven.de\/de\/wp-json\/wp\/v2\/spare-parts---category?post=27458"},{"taxonomy":"included","embeddable":true,"href":"https:\/\/timedriven.de\/de\/wp-json\/wp\/v2\/included?post=27458"},{"taxonomy":"condition","embeddable":true,"href":"https:\/\/timedriven.de\/de\/wp-json\/wp\/v2\/condition?post=27458"},{"taxonomy":"year-made","embeddable":true,"href":"https:\/\/timedriven.de\/de\/wp-json\/wp\/v2\/year-made?post=27458"},{"taxonomy":"dial-color","embeddable":true,"href":"https:\/\/timedriven.de\/de\/wp-json\/wp\/v2\/dial-color?post=27458"},{"taxonomy":"watch-material","embeddable":true,"href":"https:\/\/timedriven.de\/de\/wp-json\/wp\/v2\/watch-material?post=27458"},{"taxonomy":"movement","embeddable":true,"href":"https:\/\/timedriven.de\/de\/wp-json\/wp\/v2\/movement?post=27458"},{"taxonomy":"brands","embeddable":true,"href":"https:\/\/timedriven.de\/de\/wp-json\/wp\/v2\/brands?post=27458"}],"curies":[{"name":"wp","href":"https:\/\/api.w.org\/{rel}","templated":true}]}}