{"id":27923,"date":"2024-06-14T13:38:13","date_gmt":"2024-06-14T11:38:13","guid":{"rendered":"https:\/\/timedriven.de\/?post_type=product&#038;p=27923"},"modified":"2024-10-03T19:34:53","modified_gmt":"2024-10-03T17:34:53","slug":"patek-philippe-nautilus-5712g-2022-copy","status":"publish","type":"product","link":"https:\/\/timedriven.de\/de\/produkt\/patek-philippe-nautilus-5712g-2022-copy\/","title":{"rendered":"Patek Philippe Aquanaut 5968R 2024"},"content":{"rendered":"","protected":false},"excerpt":{"rendered":"<p>Wir stellen die Patek Philippe Aquanaut 5968R vor, ein Symbol f\u00fcr unvergleichlichen Luxus, hergestellt im Jahr 2024 und urspr\u00fcnglich in Deutschland verkauft. Tauchen Sie ein in die exquisite Handwerkskunst, die diesen Zeitmesser ausmacht und das Engagement von Patek Philippe f\u00fcr Design und Materialexzellenz unterstreicht. Dieser Aquanaut, komplett mit seinen Originalpapieren, Brosch\u00fcren und Verpackung, bietet Sammlern ein seltenes und vollst\u00e4ndiges Set, das das Besitzererlebnis steigert. Mit besonderen Merkmalen wie einem Chronographen ist die Aquanaut 5968R nicht nur eine Uhr, sondern ein exklusives Kunstwerk. Angetrieben von modernster Mechanik gew\u00e4hrleistet diese Uhr Pr\u00e4zision und Zuverl\u00e4ssigkeit und spiegelt Patek Philippes Engagement wider, die Grenzen der Uhrmachertechnologie zu verschieben. Verpassen Sie nicht die Chance, dieses weltweit gefragte Sammlerst\u00fcck zu besitzen, denn es erz\u00e4hlt eine Geschichte von Luxus, Raffinesse und zeitlosem Design. Wir freuen uns \u00fcber ernsthafte Anfragen, um diese im Jahr 2024 in Deutschland geborene Patek Philippe Aquanaut 5968R zu einer gesch\u00e4tzten Erg\u00e4nzung Ihrer Sammlung zu machen.<\/p>\n","protected":false},"featured_media":27949,"template":"","meta":[],"product_brand":[],"product_cat":[572,571],"product_tag":[620],"watch-type":[625],"spare-parts---category":[],"included":[629],"condition":[631],"year-made":[842],"dial-color":[1338],"watch-material":[661],"movement":[666],"brands":[597],"class_list":{"0":"post-27923","1":"product","2":"type-product","3":"status-publish","4":"has-post-thumbnail","6":"product_cat-uhren","7":"product_cat-unkategorisiert","8":"product_tag-herren","9":"watch-type-herren","10":"included-papers-de","11":"condition-neu","12":"year-made-2022-de","13":"dial-color-braun","14":"watch-material-rosegold","15":"movement-automatisch","16":"brands-patek-philippe-de","18":"first","19":"outofstock","20":"sold-individually","21":"purchasable","22":"product-type-simple"},"_links":{"self":[{"href":"https:\/\/timedriven.de\/de\/wp-json\/wp\/v2\/product\/27923","targetHints":{"allow":["GET"]}}],"collection":[{"href":"https:\/\/timedriven.de\/de\/wp-json\/wp\/v2\/product"}],"about":[{"href":"https:\/\/timedriven.de\/de\/wp-json\/wp\/v2\/types\/product"}],"wp:featuredmedia":[{"embeddable":true,"href":"https:\/\/timedriven.de\/de\/wp-json\/wp\/v2\/media\/27949"}],"wp:attachment":[{"href":"https:\/\/timedriven.de\/de\/wp-json\/wp\/v2\/media?parent=27923"}],"wp:term":[{"taxonomy":"product_brand","embeddable":true,"href":"https:\/\/timedriven.de\/de\/wp-json\/wp\/v2\/product_brand?post=27923"},{"taxonomy":"product_cat","embeddable":true,"href":"https:\/\/timedriven.de\/de\/wp-json\/wp\/v2\/product_cat?post=27923"},{"taxonomy":"product_tag","embeddable":true,"href":"https:\/\/timedriven.de\/de\/wp-json\/wp\/v2\/product_tag?post=27923"},{"taxonomy":"watch-type","embeddable":true,"href":"https:\/\/timedriven.de\/de\/wp-json\/wp\/v2\/watch-type?post=27923"},{"taxonomy":"spare-parts---category","embeddable":true,"href":"https:\/\/timedriven.de\/de\/wp-json\/wp\/v2\/spare-parts---category?post=27923"},{"taxonomy":"included","embeddable":true,"href":"https:\/\/timedriven.de\/de\/wp-json\/wp\/v2\/included?post=27923"},{"taxonomy":"condition","embeddable":true,"href":"https:\/\/timedriven.de\/de\/wp-json\/wp\/v2\/condition?post=27923"},{"taxonomy":"year-made","embeddable":true,"href":"https:\/\/timedriven.de\/de\/wp-json\/wp\/v2\/year-made?post=27923"},{"taxonomy":"dial-color","embeddable":true,"href":"https:\/\/timedriven.de\/de\/wp-json\/wp\/v2\/dial-color?post=27923"},{"taxonomy":"watch-material","embeddable":true,"href":"https:\/\/timedriven.de\/de\/wp-json\/wp\/v2\/watch-material?post=27923"},{"taxonomy":"movement","embeddable":true,"href":"https:\/\/timedriven.de\/de\/wp-json\/wp\/v2\/movement?post=27923"},{"taxonomy":"brands","embeddable":true,"href":"https:\/\/timedriven.de\/de\/wp-json\/wp\/v2\/brands?post=27923"}],"curies":[{"name":"wp","href":"https:\/\/api.w.org\/{rel}","templated":true}]}}