{"id":28060,"date":"2024-06-15T14:03:07","date_gmt":"2024-06-15T12:03:07","guid":{"rendered":"https:\/\/timedriven.de\/?post_type=product&#038;p=28060"},"modified":"2024-10-03T19:34:53","modified_gmt":"2024-10-03T17:34:53","slug":"omega-speedmaster-moonwatch-copy","status":"publish","type":"product","link":"https:\/\/timedriven.de\/de\/produkt\/omega-speedmaster-moonwatch-copy\/","title":{"rendered":"OMEGA Speedmaster 57 Full Set 2021"},"content":{"rendered":"","protected":false},"excerpt":{"rendered":"<div class=\"group w-full text-token-text-primary border-b border-black\/10 gizmo:border-0 dark:border-gray-900\/50 gizmo:dark:border-0 bg-gray-50 gizmo:bg-transparent dark:bg-[#444654] gizmo:dark:bg-transparent\" data-testid=\"conversation-turn-21\">\n<div class=\"p-4 gizmo:py-2 justify-center text-base md:gap-6 md:py-6 m-auto\">\n<div class=\"flex flex-1 gap-4 text-base mx-auto md:gap-6 gizmo:gap-3 gizmo:md:px-5 gizmo:lg:px-1 gizmo:xl:px-5 md:max-w-2xl lg:max-w-[38rem] gizmo:md:max-w-3xl gizmo:lg:max-w-[40rem] gizmo:xl:max-w-[48rem] xl:max-w-3xl }\">\n<div class=\"relative flex w-[calc(100%-50px)] flex-col gizmo:w-full lg:w-[calc(100%-115px)] agent-turn\">\n<div class=\"flex-col gap-1 md:gap-3\">\n<div class=\"flex flex-grow flex-col max-w-full gap-3 gizmo:gap-0\">\n<div class=\"min-h-[20px] flex flex-col items-start gap-3 whitespace-pre-wrap break-words overflow-x-auto\" data-message-author-role=\"assistant\" data-message-id=\"7bd1eeea-2b67-4759-bf52-d3b9c0b5e215\">\n<div class=\"markdown prose w-full break-words dark:prose-invert light\">\n<div class=\"flex flex-grow flex-col max-w-full\">\n<div class=\"min-h-[20px] text-message flex flex-col items-start whitespace-pre-wrap break-words [.text-message+&amp;]:mt-5 juice:w-full juice:items-end overflow-x-auto gap-2\" dir=\"auto\" data-message-author-role=\"assistant\" data-message-id=\"c2d8b9c7-57dd-4fcf-a4df-7f7dcd128f96\">\n<div class=\"flex w-full flex-col gap-1 juice:empty:hidden juice:first:pt-[3px]\">\n<div class=\"markdown prose w-full break-words dark:prose-invert light\">\n<p>Die OMEGA Speedmaster &#8217;57 Chronograph Co-Axial mit der Referenz 331.10.42.51.01.001 ist eine beeindruckende Uhr, die dem Original Speedmaster von 1957 Tribut zollt. Urspr\u00fcnglich 2021 in Asien verkauft, verf\u00fcgt dieses Modell \u00fcber ein Geh\u00e4use und Armband aus Edelstahl, kombiniert mit einem schwarzen Zifferblatt und den ikonischen breiten Pfeilzeigern. Sie ist mit dem fortschrittlichen Co-Axial-Werk von OMEGA ausgestattet, das au\u00dfergew\u00f6hnliche Pr\u00e4zision und Haltbarkeit gew\u00e4hrleistet. Begleitet von ihrer originalen Box und den Papieren, bietet diese Uhr sowohl Authentizit\u00e4t als auch eine Verbindung zum reichen Erbe von OMEGA und ist somit ein begehrtes St\u00fcck f\u00fcr Sammler und Enthusiasten.<\/p>\n<\/div>\n<\/div>\n<\/div>\n<\/div>\n<\/div>\n<\/div>\n<\/div>\n<\/div>\n<\/div>\n<\/div>\n<\/div>\n<\/div>\n","protected":false},"featured_media":28036,"template":"","meta":[],"product_brand":[],"product_cat":[572,571],"product_tag":[1735,620],"watch-type":[625],"spare-parts---category":[],"included":[629],"condition":[600],"year-made":[907],"dial-color":[601],"watch-material":[613],"movement":[666],"brands":[596],"class_list":{"0":"post-28060","1":"product","2":"type-product","3":"status-publish","4":"has-post-thumbnail","6":"product_cat-uhren","7":"product_cat-unkategorisiert","8":"product_tag-frauen","9":"product_tag-herren","10":"watch-type-herren","11":"included-papers-de","12":"condition-gebraucht","13":"year-made-2021-de","14":"dial-color-schwarz","15":"watch-material-edelstahl","16":"movement-automatisch","17":"brands-omega-de","19":"first","20":"outofstock","21":"purchasable","22":"product-type-simple"},"_links":{"self":[{"href":"https:\/\/timedriven.de\/de\/wp-json\/wp\/v2\/product\/28060","targetHints":{"allow":["GET"]}}],"collection":[{"href":"https:\/\/timedriven.de\/de\/wp-json\/wp\/v2\/product"}],"about":[{"href":"https:\/\/timedriven.de\/de\/wp-json\/wp\/v2\/types\/product"}],"wp:featuredmedia":[{"embeddable":true,"href":"https:\/\/timedriven.de\/de\/wp-json\/wp\/v2\/media\/28036"}],"wp:attachment":[{"href":"https:\/\/timedriven.de\/de\/wp-json\/wp\/v2\/media?parent=28060"}],"wp:term":[{"taxonomy":"product_brand","embeddable":true,"href":"https:\/\/timedriven.de\/de\/wp-json\/wp\/v2\/product_brand?post=28060"},{"taxonomy":"product_cat","embeddable":true,"href":"https:\/\/timedriven.de\/de\/wp-json\/wp\/v2\/product_cat?post=28060"},{"taxonomy":"product_tag","embeddable":true,"href":"https:\/\/timedriven.de\/de\/wp-json\/wp\/v2\/product_tag?post=28060"},{"taxonomy":"watch-type","embeddable":true,"href":"https:\/\/timedriven.de\/de\/wp-json\/wp\/v2\/watch-type?post=28060"},{"taxonomy":"spare-parts---category","embeddable":true,"href":"https:\/\/timedriven.de\/de\/wp-json\/wp\/v2\/spare-parts---category?post=28060"},{"taxonomy":"included","embeddable":true,"href":"https:\/\/timedriven.de\/de\/wp-json\/wp\/v2\/included?post=28060"},{"taxonomy":"condition","embeddable":true,"href":"https:\/\/timedriven.de\/de\/wp-json\/wp\/v2\/condition?post=28060"},{"taxonomy":"year-made","embeddable":true,"href":"https:\/\/timedriven.de\/de\/wp-json\/wp\/v2\/year-made?post=28060"},{"taxonomy":"dial-color","embeddable":true,"href":"https:\/\/timedriven.de\/de\/wp-json\/wp\/v2\/dial-color?post=28060"},{"taxonomy":"watch-material","embeddable":true,"href":"https:\/\/timedriven.de\/de\/wp-json\/wp\/v2\/watch-material?post=28060"},{"taxonomy":"movement","embeddable":true,"href":"https:\/\/timedriven.de\/de\/wp-json\/wp\/v2\/movement?post=28060"},{"taxonomy":"brands","embeddable":true,"href":"https:\/\/timedriven.de\/de\/wp-json\/wp\/v2\/brands?post=28060"}],"curies":[{"name":"wp","href":"https:\/\/api.w.org\/{rel}","templated":true}]}}