{"id":28184,"date":"2024-06-18T12:07:26","date_gmt":"2024-06-18T10:07:26","guid":{"rendered":"https:\/\/timedriven.de\/?post_type=product&#038;p=28184"},"modified":"2024-10-03T19:34:52","modified_gmt":"2024-10-03T17:34:52","slug":"tudor-black-bay-chrono-panda-komplett-set-04-2023-79360n-lc100-copy-2","status":"publish","type":"product","link":"https:\/\/timedriven.de\/de\/produkt\/tudor-black-bay-chrono-panda-komplett-set-04-2023-79360n-lc100-copy-2\/","title":{"rendered":"Tudor Black Bay Chrono Full-Set 2024"},"content":{"rendered":"","protected":false},"excerpt":{"rendered":"<pre id=\"tw-target-text\" class=\"tw-data-text tw-text-large tw-ta\" dir=\"ltr\" data-placeholder=\"\u00dcbersetzung\" aria-label=\"\u00dcbersetzter Text\" data-ved=\"2ahUKEwiiv-i6pOeGAxU69wIHHT-bE0oQ3ewLegQIBRAU\"><span class=\"Y2IQFc\" lang=\"de\">Erleben Sie den Geist des Rennsport-Erbes mit dem Tudor Black Bay Chrono Panda Komplettset. Dieser ikonische Zeitmesser wurde f\u00fcr den modernen Enthusiasten gefertigt und verk\u00f6rpert das Adrenalin und die Eleganz des Motorsports. Mit seinem markanten Panda-Zifferblatt und der pr\u00e4zisen Chronographenfunktion ist der Black Bay Chrono eine Hommage an die goldene \u00c4ra des Rennsports und besticht gleichzeitig durch zeitgen\u00f6ssischen Stil und Leistung. Komplett mit einem kompletten Set inklusive Box, Papieren und Garantie ist diese Uhr nicht nur ein Accessoire \u2013 sie ist ein Ausdruck von Raffinesse und Zuverl\u00e4ssigkeit. Erleben Sie den Nervenkitzel der Rennstrecke und die Raffinesse des Luxus mit dem Tudor Black Bay Chrono Panda Komplettset. Werten Sie Ihr Handgelenk auf und hinterlassen Sie \u00fcberall einen bleibenden Eindruck.<\/span><\/pre>\n","protected":false},"featured_media":21958,"template":"","meta":[],"product_brand":[],"product_cat":[572,571],"product_tag":[620],"watch-type":[625],"spare-parts---category":[],"included":[629],"condition":[631],"year-made":[1643],"dial-color":[659],"watch-material":[613],"movement":[666],"brands":[599],"class_list":{"0":"post-28184","1":"product","2":"type-product","3":"status-publish","4":"has-post-thumbnail","6":"product_cat-uhren","7":"product_cat-unkategorisiert","8":"product_tag-herren","9":"watch-type-herren","10":"included-papers-de","11":"condition-neu","12":"year-made-2024-de","13":"dial-color-weis","14":"watch-material-edelstahl","15":"movement-automatisch","16":"brands-tudor-de","18":"first","19":"outofstock","20":"sold-individually","21":"purchasable","22":"product-type-simple"},"_links":{"self":[{"href":"https:\/\/timedriven.de\/de\/wp-json\/wp\/v2\/product\/28184","targetHints":{"allow":["GET"]}}],"collection":[{"href":"https:\/\/timedriven.de\/de\/wp-json\/wp\/v2\/product"}],"about":[{"href":"https:\/\/timedriven.de\/de\/wp-json\/wp\/v2\/types\/product"}],"wp:featuredmedia":[{"embeddable":true,"href":"https:\/\/timedriven.de\/de\/wp-json\/wp\/v2\/media\/21958"}],"wp:attachment":[{"href":"https:\/\/timedriven.de\/de\/wp-json\/wp\/v2\/media?parent=28184"}],"wp:term":[{"taxonomy":"product_brand","embeddable":true,"href":"https:\/\/timedriven.de\/de\/wp-json\/wp\/v2\/product_brand?post=28184"},{"taxonomy":"product_cat","embeddable":true,"href":"https:\/\/timedriven.de\/de\/wp-json\/wp\/v2\/product_cat?post=28184"},{"taxonomy":"product_tag","embeddable":true,"href":"https:\/\/timedriven.de\/de\/wp-json\/wp\/v2\/product_tag?post=28184"},{"taxonomy":"watch-type","embeddable":true,"href":"https:\/\/timedriven.de\/de\/wp-json\/wp\/v2\/watch-type?post=28184"},{"taxonomy":"spare-parts---category","embeddable":true,"href":"https:\/\/timedriven.de\/de\/wp-json\/wp\/v2\/spare-parts---category?post=28184"},{"taxonomy":"included","embeddable":true,"href":"https:\/\/timedriven.de\/de\/wp-json\/wp\/v2\/included?post=28184"},{"taxonomy":"condition","embeddable":true,"href":"https:\/\/timedriven.de\/de\/wp-json\/wp\/v2\/condition?post=28184"},{"taxonomy":"year-made","embeddable":true,"href":"https:\/\/timedriven.de\/de\/wp-json\/wp\/v2\/year-made?post=28184"},{"taxonomy":"dial-color","embeddable":true,"href":"https:\/\/timedriven.de\/de\/wp-json\/wp\/v2\/dial-color?post=28184"},{"taxonomy":"watch-material","embeddable":true,"href":"https:\/\/timedriven.de\/de\/wp-json\/wp\/v2\/watch-material?post=28184"},{"taxonomy":"movement","embeddable":true,"href":"https:\/\/timedriven.de\/de\/wp-json\/wp\/v2\/movement?post=28184"},{"taxonomy":"brands","embeddable":true,"href":"https:\/\/timedriven.de\/de\/wp-json\/wp\/v2\/brands?post=28184"}],"curies":[{"name":"wp","href":"https:\/\/api.w.org\/{rel}","templated":true}]}}