{"id":28954,"date":"2024-07-04T20:47:03","date_gmt":"2024-07-04T18:47:03","guid":{"rendered":"https:\/\/timedriven.de\/?post_type=product&#038;p=28954"},"modified":"2024-10-03T19:34:49","modified_gmt":"2024-10-03T17:34:49","slug":"omega-speedmaster-moonwatch-saphir-2024-copy","status":"publish","type":"product","link":"https:\/\/timedriven.de\/de\/produkt\/omega-speedmaster-moonwatch-saphir-2024-copy\/","title":{"rendered":"OMEGA Seamaster Railmaster Full Set 2023"},"content":{"rendered":"","protected":false},"excerpt":{"rendered":"<p>Entdecken Sie die OMEGA Seamaster Railmaster Referenz 220.10.40.20.03.001, die urspr\u00fcnglich im August 2023 verkauft wurde. Dieser Zeitmesser verf\u00fcgt \u00fcber ein robustes 40-mm-Edelstahlgeh\u00e4use, das von einem Automatikwerk f\u00fcr zuverl\u00e4ssige Leistung angetrieben wird. Sie wird mit einem eleganten Edelstahlarmband geliefert, das durch ein kratzfestes Saphirglas und ein bezauberndes blaues Zifferblatt erg\u00e4nzt wird. Im Lieferumfang enthalten sind die wesentlichen Papiere, die Originalverpackung, der Umkarton und Informationsbrosch\u00fcren. Mit einer Bewertung von 9\/10 f\u00fcr ihren hervorragenden Zustand ist diese Uhr eine begehrte Wahl f\u00fcr Sammler und Liebhaber gleicherma\u00dfen.<\/p>\n","protected":false},"featured_media":28926,"template":"","meta":[],"product_brand":[],"product_cat":[572,571],"product_tag":[],"watch-type":[625],"spare-parts---category":[],"included":[629],"condition":[600],"year-made":[1643],"dial-color":[615],"watch-material":[613],"movement":[666],"brands":[596],"class_list":{"0":"post-28954","1":"product","2":"type-product","3":"status-publish","4":"has-post-thumbnail","6":"product_cat-uhren","7":"product_cat-unkategorisiert","8":"watch-type-herren","9":"included-papers-de","10":"condition-gebraucht","11":"year-made-2024-de","12":"dial-color-blau","13":"watch-material-edelstahl","14":"movement-automatisch","15":"brands-omega-de","17":"first","18":"outofstock","19":"purchasable","20":"product-type-simple"},"_links":{"self":[{"href":"https:\/\/timedriven.de\/de\/wp-json\/wp\/v2\/product\/28954","targetHints":{"allow":["GET"]}}],"collection":[{"href":"https:\/\/timedriven.de\/de\/wp-json\/wp\/v2\/product"}],"about":[{"href":"https:\/\/timedriven.de\/de\/wp-json\/wp\/v2\/types\/product"}],"wp:featuredmedia":[{"embeddable":true,"href":"https:\/\/timedriven.de\/de\/wp-json\/wp\/v2\/media\/28926"}],"wp:attachment":[{"href":"https:\/\/timedriven.de\/de\/wp-json\/wp\/v2\/media?parent=28954"}],"wp:term":[{"taxonomy":"product_brand","embeddable":true,"href":"https:\/\/timedriven.de\/de\/wp-json\/wp\/v2\/product_brand?post=28954"},{"taxonomy":"product_cat","embeddable":true,"href":"https:\/\/timedriven.de\/de\/wp-json\/wp\/v2\/product_cat?post=28954"},{"taxonomy":"product_tag","embeddable":true,"href":"https:\/\/timedriven.de\/de\/wp-json\/wp\/v2\/product_tag?post=28954"},{"taxonomy":"watch-type","embeddable":true,"href":"https:\/\/timedriven.de\/de\/wp-json\/wp\/v2\/watch-type?post=28954"},{"taxonomy":"spare-parts---category","embeddable":true,"href":"https:\/\/timedriven.de\/de\/wp-json\/wp\/v2\/spare-parts---category?post=28954"},{"taxonomy":"included","embeddable":true,"href":"https:\/\/timedriven.de\/de\/wp-json\/wp\/v2\/included?post=28954"},{"taxonomy":"condition","embeddable":true,"href":"https:\/\/timedriven.de\/de\/wp-json\/wp\/v2\/condition?post=28954"},{"taxonomy":"year-made","embeddable":true,"href":"https:\/\/timedriven.de\/de\/wp-json\/wp\/v2\/year-made?post=28954"},{"taxonomy":"dial-color","embeddable":true,"href":"https:\/\/timedriven.de\/de\/wp-json\/wp\/v2\/dial-color?post=28954"},{"taxonomy":"watch-material","embeddable":true,"href":"https:\/\/timedriven.de\/de\/wp-json\/wp\/v2\/watch-material?post=28954"},{"taxonomy":"movement","embeddable":true,"href":"https:\/\/timedriven.de\/de\/wp-json\/wp\/v2\/movement?post=28954"},{"taxonomy":"brands","embeddable":true,"href":"https:\/\/timedriven.de\/de\/wp-json\/wp\/v2\/brands?post=28954"}],"curies":[{"name":"wp","href":"https:\/\/api.w.org\/{rel}","templated":true}]}}