{"id":28984,"date":"2024-07-05T15:33:44","date_gmt":"2024-07-05T13:33:44","guid":{"rendered":"https:\/\/timedriven.de\/?post_type=product&#038;p=28984"},"modified":"2024-10-03T19:34:48","modified_gmt":"2024-10-03T17:34:48","slug":"rolex-submariner-no-date-40-copy-copy-copy-2","status":"publish","type":"product","link":"https:\/\/timedriven.de\/de\/produkt\/rolex-submariner-no-date-40-copy-copy-copy-2\/","title":{"rendered":"Rolex Sea Dweller 1665"},"content":{"rendered":"","protected":false},"excerpt":{"rendered":"<p>Wir stellen Ihnen die Rolex Sea-Dweller 1665 vor, den ultimativen Zeitmesser f\u00fcr Pr\u00e4zision und Langlebigkeit. Diese ikonische Uhr wurde f\u00fcr professionelle Taucher entwickelt, ist bis zu 610 Meter (2000 Fu\u00df) wasserdicht und verf\u00fcgt \u00fcber ein patentiertes Helium-Auslassventil. Angetrieben vom zuverl\u00e4ssigen Automatikwerk Rolex Kaliber 1570 sorgt es f\u00fcr eine pr\u00e4zise Zeitmessung und eine Gangreserve von 48 Stunden. Das Oyster-Armband aus Edelstahl mit Flip-Lock-Verschluss garantiert Komfort und Sicherheit. Ein wertvolles St\u00fcck Rolex-Geschichte, begehrt bei Sammlern. Full-Service im Jahr 2007.<\/p>\n","protected":false},"featured_media":35631,"template":"","meta":[],"product_brand":[],"product_cat":[572,571],"product_tag":[],"watch-type":[625],"spare-parts---category":[],"included":[],"condition":[600],"year-made":[1601],"dial-color":[601],"watch-material":[613],"movement":[666],"brands":[598],"class_list":{"0":"post-28984","1":"product","2":"type-product","3":"status-publish","4":"has-post-thumbnail","6":"product_cat-uhren","7":"product_cat-unkategorisiert","8":"watch-type-herren","9":"condition-gebraucht","10":"year-made-1979-de","11":"dial-color-schwarz","12":"watch-material-edelstahl","13":"movement-automatisch","14":"brands-rolex-de","16":"first","17":"outofstock","18":"sold-individually","19":"purchasable","20":"product-type-simple"},"_links":{"self":[{"href":"https:\/\/timedriven.de\/de\/wp-json\/wp\/v2\/product\/28984","targetHints":{"allow":["GET"]}}],"collection":[{"href":"https:\/\/timedriven.de\/de\/wp-json\/wp\/v2\/product"}],"about":[{"href":"https:\/\/timedriven.de\/de\/wp-json\/wp\/v2\/types\/product"}],"wp:featuredmedia":[{"embeddable":true,"href":"https:\/\/timedriven.de\/de\/wp-json\/wp\/v2\/media\/35631"}],"wp:attachment":[{"href":"https:\/\/timedriven.de\/de\/wp-json\/wp\/v2\/media?parent=28984"}],"wp:term":[{"taxonomy":"product_brand","embeddable":true,"href":"https:\/\/timedriven.de\/de\/wp-json\/wp\/v2\/product_brand?post=28984"},{"taxonomy":"product_cat","embeddable":true,"href":"https:\/\/timedriven.de\/de\/wp-json\/wp\/v2\/product_cat?post=28984"},{"taxonomy":"product_tag","embeddable":true,"href":"https:\/\/timedriven.de\/de\/wp-json\/wp\/v2\/product_tag?post=28984"},{"taxonomy":"watch-type","embeddable":true,"href":"https:\/\/timedriven.de\/de\/wp-json\/wp\/v2\/watch-type?post=28984"},{"taxonomy":"spare-parts---category","embeddable":true,"href":"https:\/\/timedriven.de\/de\/wp-json\/wp\/v2\/spare-parts---category?post=28984"},{"taxonomy":"included","embeddable":true,"href":"https:\/\/timedriven.de\/de\/wp-json\/wp\/v2\/included?post=28984"},{"taxonomy":"condition","embeddable":true,"href":"https:\/\/timedriven.de\/de\/wp-json\/wp\/v2\/condition?post=28984"},{"taxonomy":"year-made","embeddable":true,"href":"https:\/\/timedriven.de\/de\/wp-json\/wp\/v2\/year-made?post=28984"},{"taxonomy":"dial-color","embeddable":true,"href":"https:\/\/timedriven.de\/de\/wp-json\/wp\/v2\/dial-color?post=28984"},{"taxonomy":"watch-material","embeddable":true,"href":"https:\/\/timedriven.de\/de\/wp-json\/wp\/v2\/watch-material?post=28984"},{"taxonomy":"movement","embeddable":true,"href":"https:\/\/timedriven.de\/de\/wp-json\/wp\/v2\/movement?post=28984"},{"taxonomy":"brands","embeddable":true,"href":"https:\/\/timedriven.de\/de\/wp-json\/wp\/v2\/brands?post=28984"}],"curies":[{"name":"wp","href":"https:\/\/api.w.org\/{rel}","templated":true}]}}