{"id":29185,"date":"2024-07-06T17:16:16","date_gmt":"2024-07-06T15:16:16","guid":{"rendered":"https:\/\/timedriven.de\/?post_type=product&#038;p=29185"},"modified":"2024-10-03T19:34:47","modified_gmt":"2024-10-03T17:34:47","slug":"rolex-lady-datejust-26-69173-full-set-copy-2","status":"publish","type":"product","link":"https:\/\/timedriven.de\/de\/produkt\/rolex-lady-datejust-26-69173-full-set-copy-2\/","title":{"rendered":"Rolex Lady Datejust 26 79173 Wei\u00df"},"content":{"rendered":"","protected":false},"excerpt":{"rendered":"<div class=\"flex flex-grow flex-col max-w-full\">\n<div class=\"min-h-[20px] text-message flex flex-col items-start whitespace-pre-wrap break-words [.text-message+&amp;]:mt-5 juice:w-full juice:items-end overflow-x-auto gap-2\" dir=\"auto\" data-message-author-role=\"assistant\" data-message-id=\"1b3858de-776f-4265-9e24-b16b479782fa\">\n<div class=\"flex w-full flex-col gap-1 juice:empty:hidden juice:first:pt-[3px]\">\n<div class=\"markdown prose w-full break-words dark:prose-invert light\"> Die Rolex Lady Datejust 26, Referenz 79173, verf\u00fcgt \u00fcber ein 26-mm-Geh\u00e4use aus Stahl und Gold, das Langlebigkeit mit Luxus verbindet.<\/p>\n<p> Angetrieben von einem Automatikwerk sorgt es f\u00fcr eine genaue Zeitmessung. Die Uhr ziert ein wei\u00dfes Zifferblatt und wird von einem kratzfesten Saphirglas gesch\u00fctzt. Its steel and gold Rolex Oyster bracelet complements the elegant design perfectly. Dieser Zeitmesser verf\u00fcgt \u00fcber ein hauseigenes Echtheitszertifikat und ist in sehr gutem Zustand (Bewertung 9\/10), was ihn zu einer begehrten Wahl f\u00fcr Sammler und Liebhaber gleicherma\u00dfen macht.<\/p>\n<p> <\/div>\n<\/div>\n<\/div>\n<\/div>\n","protected":false},"featured_media":29193,"template":"","meta":[],"product_brand":[],"product_cat":[572,571],"product_tag":[1735],"watch-type":[626],"spare-parts---category":[],"included":[],"condition":[600],"year-made":[],"dial-color":[659],"watch-material":[662],"movement":[666],"brands":[598],"class_list":{"0":"post-29185","1":"product","2":"type-product","3":"status-publish","4":"has-post-thumbnail","6":"product_cat-uhren","7":"product_cat-unkategorisiert","8":"product_tag-frauen","9":"watch-type-damen","10":"condition-gebraucht","11":"dial-color-weis","12":"watch-material-edelstahl-gold","13":"movement-automatisch","14":"brands-rolex-de","16":"first","17":"outofstock","18":"sold-individually","19":"purchasable","20":"product-type-simple"},"_links":{"self":[{"href":"https:\/\/timedriven.de\/de\/wp-json\/wp\/v2\/product\/29185","targetHints":{"allow":["GET"]}}],"collection":[{"href":"https:\/\/timedriven.de\/de\/wp-json\/wp\/v2\/product"}],"about":[{"href":"https:\/\/timedriven.de\/de\/wp-json\/wp\/v2\/types\/product"}],"wp:featuredmedia":[{"embeddable":true,"href":"https:\/\/timedriven.de\/de\/wp-json\/wp\/v2\/media\/29193"}],"wp:attachment":[{"href":"https:\/\/timedriven.de\/de\/wp-json\/wp\/v2\/media?parent=29185"}],"wp:term":[{"taxonomy":"product_brand","embeddable":true,"href":"https:\/\/timedriven.de\/de\/wp-json\/wp\/v2\/product_brand?post=29185"},{"taxonomy":"product_cat","embeddable":true,"href":"https:\/\/timedriven.de\/de\/wp-json\/wp\/v2\/product_cat?post=29185"},{"taxonomy":"product_tag","embeddable":true,"href":"https:\/\/timedriven.de\/de\/wp-json\/wp\/v2\/product_tag?post=29185"},{"taxonomy":"watch-type","embeddable":true,"href":"https:\/\/timedriven.de\/de\/wp-json\/wp\/v2\/watch-type?post=29185"},{"taxonomy":"spare-parts---category","embeddable":true,"href":"https:\/\/timedriven.de\/de\/wp-json\/wp\/v2\/spare-parts---category?post=29185"},{"taxonomy":"included","embeddable":true,"href":"https:\/\/timedriven.de\/de\/wp-json\/wp\/v2\/included?post=29185"},{"taxonomy":"condition","embeddable":true,"href":"https:\/\/timedriven.de\/de\/wp-json\/wp\/v2\/condition?post=29185"},{"taxonomy":"year-made","embeddable":true,"href":"https:\/\/timedriven.de\/de\/wp-json\/wp\/v2\/year-made?post=29185"},{"taxonomy":"dial-color","embeddable":true,"href":"https:\/\/timedriven.de\/de\/wp-json\/wp\/v2\/dial-color?post=29185"},{"taxonomy":"watch-material","embeddable":true,"href":"https:\/\/timedriven.de\/de\/wp-json\/wp\/v2\/watch-material?post=29185"},{"taxonomy":"movement","embeddable":true,"href":"https:\/\/timedriven.de\/de\/wp-json\/wp\/v2\/movement?post=29185"},{"taxonomy":"brands","embeddable":true,"href":"https:\/\/timedriven.de\/de\/wp-json\/wp\/v2\/brands?post=29185"}],"curies":[{"name":"wp","href":"https:\/\/api.w.org\/{rel}","templated":true}]}}