{"id":29359,"date":"2024-07-16T22:23:54","date_gmt":"2024-07-16T20:23:54","guid":{"rendered":"https:\/\/timedriven.de\/?post_type=product&#038;p=29359"},"modified":"2024-10-03T19:34:47","modified_gmt":"2024-10-03T17:34:47","slug":"rolex-day-date-36-papiere-1994-copy","status":"publish","type":"product","link":"https:\/\/timedriven.de\/de\/produkt\/rolex-day-date-36-papiere-1994-copy\/","title":{"rendered":"Rolex Day-Date 36 Full Set 1992"},"content":{"rendered":"","protected":false},"excerpt":{"rendered":"<div class=\"flex flex-grow flex-col max-w-full\">\n<div class=\"min-h-[20px] text-message flex flex-col items-start whitespace-pre-wrap break-words [.text-message+&amp;]:mt-5 juice:w-full juice:items-end overflow-x-auto gap-2\" dir=\"auto\" data-message-author-role=\"assistant\" data-message-id=\"79179ae8-f2b7-42d1-98a3-a9526a3aad7a\">\n<div class=\"flex w-full flex-col gap-1 juice:empty:hidden juice:first:pt-[3px]\">\n<div class=\"markdown prose w-full break-words dark:prose-invert light\">\n<div class=\"flex flex-grow flex-col max-w-full\">\n<div class=\"min-h-[20px] text-message flex flex-col items-start whitespace-pre-wrap break-words [.text-message+&amp;]:mt-5 juice:w-full juice:items-end overflow-x-auto gap-2\" dir=\"auto\" data-message-author-role=\"assistant\" data-message-id=\"49d825c4-772d-4979-a9b2-d6ef4a3b31df\">\n<div class=\"flex w-full flex-col gap-1 juice:empty:hidden juice:first:pt-[3px]\">\n<div class=\"markdown prose w-full break-words dark:prose-invert light\">\n<p>Die Rolex Day-Date 36 mit einem Champagnerzifferblatt, verziert mit Smaragden und Diamanten, aus dem Jahr 1992 ist ein beeindruckendes Beispiel f\u00fcr Rolex&#8216; luxuri\u00f6ses Handwerk. Diese exquisite Uhr befindet sich in perfektem Zustand und spiegelt die sorgf\u00e4ltige Pflege und makellose Qualit\u00e4t im Laufe der Jahre wider. Sie wird als komplettes Set geliefert, einschlie\u00dflich der Originalbox, Papiere und aller dazugeh\u00f6rigen Accessoires, was sie zu einem \u00e4u\u00dferst begehrten St\u00fcck f\u00fcr Sammler und Kenner macht. Das Champagnerzifferblatt, geschm\u00fcckt mit funkelnden Smaragden und Diamanten, verleiht dem klassischen Design eine opulente Note, w\u00e4hrend das 36-mm-Geh\u00e4use und das ikonische President-Armband zeitlose Eleganz und Raffinesse gew\u00e4hrleisten.<\/p>\n<\/div>\n<\/div>\n<\/div>\n<\/div>\n<\/div>\n<\/div>\n<\/div>\n<\/div>\n","protected":false},"featured_media":31334,"template":"","meta":[],"product_brand":[],"product_cat":[572,571],"product_tag":[1735,620],"watch-type":[625],"spare-parts---category":[],"included":[2268,629],"condition":[600],"year-made":[960],"dial-color":[652],"watch-material":[665],"movement":[666],"brands":[598],"class_list":{"0":"post-29359","1":"product","2":"type-product","3":"status-publish","4":"has-post-thumbnail","6":"product_cat-uhren","7":"product_cat-unkategorisiert","8":"product_tag-frauen","9":"product_tag-herren","10":"watch-type-herren","11":"included-box-de","12":"included-papers-de","13":"condition-gebraucht","14":"year-made-1992-de","15":"dial-color-champagner-de","16":"watch-material-gelbgold","17":"movement-automatisch","18":"brands-rolex-de","20":"first","21":"instock","22":"sold-individually","23":"purchasable","24":"product-type-simple"},"_links":{"self":[{"href":"https:\/\/timedriven.de\/de\/wp-json\/wp\/v2\/product\/29359","targetHints":{"allow":["GET"]}}],"collection":[{"href":"https:\/\/timedriven.de\/de\/wp-json\/wp\/v2\/product"}],"about":[{"href":"https:\/\/timedriven.de\/de\/wp-json\/wp\/v2\/types\/product"}],"wp:featuredmedia":[{"embeddable":true,"href":"https:\/\/timedriven.de\/de\/wp-json\/wp\/v2\/media\/31334"}],"wp:attachment":[{"href":"https:\/\/timedriven.de\/de\/wp-json\/wp\/v2\/media?parent=29359"}],"wp:term":[{"taxonomy":"product_brand","embeddable":true,"href":"https:\/\/timedriven.de\/de\/wp-json\/wp\/v2\/product_brand?post=29359"},{"taxonomy":"product_cat","embeddable":true,"href":"https:\/\/timedriven.de\/de\/wp-json\/wp\/v2\/product_cat?post=29359"},{"taxonomy":"product_tag","embeddable":true,"href":"https:\/\/timedriven.de\/de\/wp-json\/wp\/v2\/product_tag?post=29359"},{"taxonomy":"watch-type","embeddable":true,"href":"https:\/\/timedriven.de\/de\/wp-json\/wp\/v2\/watch-type?post=29359"},{"taxonomy":"spare-parts---category","embeddable":true,"href":"https:\/\/timedriven.de\/de\/wp-json\/wp\/v2\/spare-parts---category?post=29359"},{"taxonomy":"included","embeddable":true,"href":"https:\/\/timedriven.de\/de\/wp-json\/wp\/v2\/included?post=29359"},{"taxonomy":"condition","embeddable":true,"href":"https:\/\/timedriven.de\/de\/wp-json\/wp\/v2\/condition?post=29359"},{"taxonomy":"year-made","embeddable":true,"href":"https:\/\/timedriven.de\/de\/wp-json\/wp\/v2\/year-made?post=29359"},{"taxonomy":"dial-color","embeddable":true,"href":"https:\/\/timedriven.de\/de\/wp-json\/wp\/v2\/dial-color?post=29359"},{"taxonomy":"watch-material","embeddable":true,"href":"https:\/\/timedriven.de\/de\/wp-json\/wp\/v2\/watch-material?post=29359"},{"taxonomy":"movement","embeddable":true,"href":"https:\/\/timedriven.de\/de\/wp-json\/wp\/v2\/movement?post=29359"},{"taxonomy":"brands","embeddable":true,"href":"https:\/\/timedriven.de\/de\/wp-json\/wp\/v2\/brands?post=29359"}],"curies":[{"name":"wp","href":"https:\/\/api.w.org\/{rel}","templated":true}]}}